{"id":26118,"date":"2025-05-01T01:31:17","date_gmt":"2025-05-01T01:31:17","guid":{"rendered":"https:\/\/primegloballab.com\/?post_type=product&#038;p=26118"},"modified":"2025-12-07T07:34:45","modified_gmt":"2025-12-07T07:34:45","slug":"iboga-samen","status":"publish","type":"product","link":"https:\/\/primegloballab.com\/de\/geschaft\/okategoriserad\/iboga-samen\/","title":{"rendered":"Iboga-Samen"},"content":{"rendered":"<h2>Iboga-Samen kaufen<\/h2>\n<p>Iboga-Samen kaufen. Tabernanthe iboga geh\u00f6rt zur Familie der Apocynaceae und ist in den feuchten tropischen Gebieten West- und Zentralafrikas beheimatet, vor allem im Kongo und Gabun. \u00dcbliche Namen sind Iboga, Eboka und Eboga. Tabernanthe ist eine kleine Gattung, die nur zwei Arten umfasst, T<a href=\"https:\/\/caluanieoxidizeshop.com\" target=\"_blank\" rel=\"noopener\">.<\/a> iboga und T. elliptica (diese Art hat stachelige Fr\u00fcchte, die denen von Datura spp. \u00e4hneln). Es ist bekannt, dass die beiden Arten durch Kreuzbest\u00e4ubung eine fruchtbare Hybride erzeugen k\u00f6nnen (<em>Iboga und Ibogain, Nico Dauphin<\/em>). iboga samen, tabernanthe iboga samen, iboga pflanze samen, iboga samen kaufen<\/p>\n<p>Tabernanthe sind holzige Pflanzen, die im Unterholz feuchter tropischer W\u00e4lder beheimatet sind. Tabernanthe-Str\u00e4ucher werden im Allgemeinen zwischen einem halben und zwei Metern hoch. Die Zweige stehen paarweise, und zwei schlanke, gestielte Bl\u00fctenst\u00e4nde erscheinen paarweise direkt \u00fcber den Verzweigungspunkten. Tabernanthe hat auch kelchartige Hochbl\u00e4tter und auff\u00e4llige Blattnarben. Wie bei vielen anderen Mitgliedern der Apocynaceae<a href=\"https:\/\/caluanieoxidizeshop.com\/product\/caluanie-muelear-oxidize-for-sale\/\" target=\"_blank\" rel=\"noopener\">,<\/a> Tabernanthe zeichnet sich durch einen milchigen Saft und das Vorkommen vieler n\u00fctzlicher Alkaloide in der Rinde, den Bl\u00e4ttern und der Wurzel aus (Iboga und Ibogaine, Nico Dauphin). <a href=\"https:\/\/primegloballab.com\/shop\/top-10-research-chemicals\/caluanie-muelear-oxidize\/\">Caluanie Muelear Oxidieren<\/a><a href=\"https:\/\/primegloballab.com\/shop\/weegschalen\/digitale-cs-weegschaal\/\">Digitale CS Weegschaal - 100g x 0,01g<\/a><a href=\"https:\/\/primegloballab.com\/shop\/top-10-research-chemicals\/pyrazolam-werking\/\">Pyrazolam 2,5 MG Pellets<\/a><a href=\"https:\/\/primegloballab.com\/shop\/weegschalen\/digitale-tank-mini-weegschaal\/\">Digitale Tank Mini-Weegschaal - 20g x 0,001g<\/a><a href=\"https:\/\/primegloballab.com\/shop\/weegschalen\/digitale-bio-mini-weegschaal\/\">Digitale Bio Mini-Wegschaal - 20g x 0,001g<\/a><\/p>","protected":false},"excerpt":{"rendered":"<p>$1 pro Frucht, Mindestbestellmenge = 100 Fr\u00fcchte<\/p>","protected":false},"featured_media":29056,"comment_status":"closed","ping_status":"closed","template":"","meta":[],"product_brand":[82],"product_cat":[1085],"product_tag":[912,911,909,910],"class_list":{"0":"post-26118","1":"product","2":"type-product","3":"status-publish","4":"has-post-thumbnail","6":"product_brand-research-chemical","7":"product_cat-okategoriserad","8":"product_tag-buy-iboga-seeds","9":"product_tag-iboga-plant-seeds","10":"product_tag-iboga-seeds","11":"product_tag-tabernanthe-iboga-seeds","13":"first","14":"instock","15":"taxable","16":"shipping-taxable","17":"purchasable","18":"product-type-simple"},"_links":{"self":[{"href":"https:\/\/primegloballab.com\/de\/wp-json\/wp\/v2\/product\/26118","targetHints":{"allow":["GET"]}}],"collection":[{"href":"https:\/\/primegloballab.com\/de\/wp-json\/wp\/v2\/product"}],"about":[{"href":"https:\/\/primegloballab.com\/de\/wp-json\/wp\/v2\/types\/product"}],"replies":[{"embeddable":true,"href":"https:\/\/primegloballab.com\/de\/wp-json\/wp\/v2\/comments?post=26118"}],"version-history":[{"count":4,"href":"https:\/\/primegloballab.com\/de\/wp-json\/wp\/v2\/product\/26118\/revisions"}],"predecessor-version":[{"id":26155,"href":"https:\/\/primegloballab.com\/de\/wp-json\/wp\/v2\/product\/26118\/revisions\/26155"}],"wp:featuredmedia":[{"embeddable":true,"href":"https:\/\/primegloballab.com\/de\/wp-json\/wp\/v2\/media\/29056"}],"wp:attachment":[{"href":"https:\/\/primegloballab.com\/de\/wp-json\/wp\/v2\/media?parent=26118"}],"wp:term":[{"taxonomy":"product_brand","embeddable":true,"href":"https:\/\/primegloballab.com\/de\/wp-json\/wp\/v2\/product_brand?post=26118"},{"taxonomy":"product_cat","embeddable":true,"href":"https:\/\/primegloballab.com\/de\/wp-json\/wp\/v2\/product_cat?post=26118"},{"taxonomy":"product_tag","embeddable":true,"href":"https:\/\/primegloballab.com\/de\/wp-json\/wp\/v2\/product_tag?post=26118"}],"curies":[{"name":"wp","href":"https:\/\/api.w.org\/{rel}","templated":true}]}}