{"id":23586,"date":"2025-04-13T17:40:01","date_gmt":"2025-04-13T17:40:01","guid":{"rendered":"https:\/\/primegloballab.com\/?post_type=product&#038;p=23586"},"modified":"2025-12-10T12:25:46","modified_gmt":"2025-12-10T12:25:46","slug":"comprar-3mmc","status":"publish","type":"product","link":"https:\/\/primegloballab.com\/es\/comercio\/prohibido\/comprar-3mmc\/","title":{"rendered":"3-MMC 200 MG Pellets"},"content":{"rendered":"<h2><span data-sheets-value=\"{\" data-sheets-userformat=\"{\"><strong><span dir=\"auto\" style=\"vertical-align: inherit;\"><span dir=\"auto\" style=\"vertical-align: inherit;\">3-MMC 200 MG Pellets<\/span><\/span><\/strong> <\/span><\/h2>\n<p><span dir=\"auto\" style=\"vertical-align: inherit;\"><span dir=\"auto\" style=\"vertical-align: inherit;\">Comprar 3-MMC. La 3-MMC es una sustancia que vendemos \u00fanicamente con fines de investigaci\u00f3n y, por lo tanto, no est\u00e1 destinada al consumo humano. La 3-MMC puede investigarse hasta dos a\u00f1os si se almacena en el entorno adecuado.<\/span><\/span><\/p>\n<p><span dir=\"auto\" style=\"vertical-align: inherit;\"><span dir=\"auto\" style=\"vertical-align: inherit;\">Debido a que la 3-MMC es s\u00f3lo para fines de investigaci\u00f3n y no para el consumo, es importante que la 3-MMC se almacene fuera del alcance de los ni\u00f1os y las mascotas.2C-E<\/span><\/span><\/p>\n<p><span dir=\"auto\" style=\"vertical-align: inherit;\"><span dir=\"auto\" style=\"vertical-align: inherit;\">Ofrecemos productos qu\u00edmicos de investigaci\u00f3n de alta calidad a un precio justo. Su pedido se env\u00eda en 24 horas todos los d\u00edas. Pedir <\/span><\/span><em><span dir=\"auto\" style=\"vertical-align: inherit;\"><span dir=\"auto\" style=\"vertical-align: inherit;\">\u00a13-MMC ahora!<\/span><\/span><\/em><span dir=\"auto\" style=\"vertical-align: inherit;\"><span dir=\"auto\" style=\"vertical-align: inherit;\"> de forma segura y r\u00e1pida a trav\u00e9s de 3-MEO-PCP.<\/span><\/span><\/p>\n<h2><span data-sheets-value=\"{\" data-sheets-userformat=\"{\"><span dir=\"auto\" style=\"vertical-align: inherit;\"><span dir=\"auto\" style=\"vertical-align: inherit;\">3-MMC Pellets<\/span><\/span><\/span><span dir=\"auto\" style=\"vertical-align: inherit;\"><span dir=\"auto\" style=\"vertical-align: inherit;\"> propiedades<\/span><\/span><\/h2>\n<p><strong><span dir=\"auto\" style=\"vertical-align: inherit;\"><span dir=\"auto\" style=\"vertical-align: inherit;\">Sin\u00f3nimo<\/span><\/span><\/strong><span dir=\"auto\" style=\"vertical-align: inherit;\"><span dir=\"auto\" style=\"vertical-align: inherit;\"> 2-(metilamino)-1-(3-metilfenil)-1-propanona, monohidrocloruro <\/span><\/span><br \/>\n<strong><span dir=\"auto\" style=\"vertical-align: inherit;\"><span dir=\"auto\" style=\"vertical-align: inherit;\">N\u00famero CAS<\/span><\/span><\/strong><span dir=\"auto\" style=\"vertical-align: inherit;\"><span dir=\"auto\" style=\"vertical-align: inherit;\"> : 1246816-62-5 <\/span><\/span><br \/>\n<strong><span dir=\"auto\" style=\"vertical-align: inherit;\"><span dir=\"auto\" style=\"vertical-align: inherit;\">F\u00f3rmula<\/span><\/span><\/strong><span dir=\"auto\" style=\"vertical-align: inherit;\"><span dir=\"auto\" style=\"vertical-align: inherit;\"> : C11h15NO - HCL <\/span><\/span><br \/>\n<strong><span dir=\"auto\" style=\"vertical-align: inherit;\"><span dir=\"auto\" style=\"vertical-align: inherit;\">Masa molar<\/span><\/span><\/strong><span dir=\"auto\" style=\"vertical-align: inherit;\"><span dir=\"auto\" style=\"vertical-align: inherit;\"> : 213.7 <\/span><\/span><br \/>\n<strong><span dir=\"auto\" style=\"vertical-align: inherit;\"><span dir=\"auto\" style=\"vertical-align: inherit;\">Pureza<\/span><\/span><\/strong><span dir=\"auto\" style=\"vertical-align: inherit;\"><span dir=\"auto\" style=\"vertical-align: inherit;\"> : \u226599%<\/span><\/span><\/p>\n<h2><span dir=\"auto\" style=\"vertical-align: inherit;\"><span dir=\"auto\" style=\"vertical-align: inherit;\">Indicaciones de peligro<\/span><\/span><\/h2>\n<p><span dir=\"auto\" style=\"vertical-align: inherit;\"><span dir=\"auto\" style=\"vertical-align: inherit;\">3-MMC puede causar irritaci\u00f3n respiratoria. <\/span><\/span><br \/>\n<span dir=\"auto\" style=\"vertical-align: inherit;\"><span dir=\"auto\" style=\"vertical-align: inherit;\">3-MMC puede causar irritaci\u00f3n ocular. <\/span><\/span><br \/>\n<span dir=\"auto\" style=\"vertical-align: inherit;\"><span dir=\"auto\" style=\"vertical-align: inherit;\">Est\u00e1 prohibido verter sustancias qu\u00edmicas de investigaci\u00f3n en el medio ambiente.<\/span><\/span><\/p>\n<p><span dir=\"auto\" style=\"vertical-align: inherit;\"><span dir=\"auto\" style=\"vertical-align: inherit;\">3-MMC EN LOS OJOS: Enjuagar suavemente los ojos con agua durante cinco minutos. Quitar las lentes de contacto, si est\u00e1n presentes y es f\u00e1cil hacerlo.<\/span><\/span><\/p>\n<p><span dir=\"auto\" style=\"vertical-align: inherit;\"><span dir=\"auto\" style=\"vertical-align: inherit;\">3-MMC EN CONTACTO CON LA PIEL: Lavar la piel con agua y jab\u00f3n.4-HO-MET Fumarato<\/span><\/span><\/p>\n<p><span dir=\"auto\" style=\"vertical-align: inherit;\"><span dir=\"auto\" style=\"vertical-align: inherit;\">EN CASO DE INHALACI\u00d3N 3-MMC: Llevar a la v\u00edctima al aire libre y mantenerla en una posici\u00f3n c\u00f3moda para respirar.3-MEC,<\/span><\/span><\/p>","protected":false},"excerpt":{"rendered":"<h2><span data-sheets-value=\"{\" data-sheets-userformat=\"{\"><span dir=\"auto\" style=\"vertical-align: inherit;\"><span dir=\"auto\" style=\"vertical-align: inherit;\">3-MMC Pellets<\/span><\/span><\/span><span dir=\"auto\" style=\"vertical-align: inherit;\"><span dir=\"auto\" style=\"vertical-align: inherit;\"> propiedades<\/span><\/span><\/h2>\n<p><strong><span dir=\"auto\" style=\"vertical-align: inherit;\"><span dir=\"auto\" style=\"vertical-align: inherit;\">Sin\u00f3nimo<\/span><\/span><\/strong><span dir=\"auto\" style=\"vertical-align: inherit;\"><span dir=\"auto\" style=\"vertical-align: inherit;\"> 2-(metilamino)-1-(3-metilfenil)-1-propanona, monohidrocloruro <\/span><\/span><br \/>\n<strong><span dir=\"auto\" style=\"vertical-align: inherit;\"><span dir=\"auto\" style=\"vertical-align: inherit;\">N\u00famero CAS<\/span><\/span><\/strong><span dir=\"auto\" style=\"vertical-align: inherit;\"><span dir=\"auto\" style=\"vertical-align: inherit;\"> : 1246816-62-5 <\/span><\/span><br \/>\n<strong><span dir=\"auto\" style=\"vertical-align: inherit;\"><span dir=\"auto\" style=\"vertical-align: inherit;\">F\u00f3rmula<\/span><\/span><\/strong><span dir=\"auto\" style=\"vertical-align: inherit;\"><span dir=\"auto\" style=\"vertical-align: inherit;\"> : C11h15NO - HCL <\/span><\/span><br \/>\n<strong><span dir=\"auto\" style=\"vertical-align: inherit;\"><span dir=\"auto\" style=\"vertical-align: inherit;\">Masa molar<\/span><\/span><\/strong><span dir=\"auto\" style=\"vertical-align: inherit;\"><span dir=\"auto\" style=\"vertical-align: inherit;\"> : 213.7 <\/span><\/span><br \/>\n<strong><span dir=\"auto\" style=\"vertical-align: inherit;\"><span dir=\"auto\" style=\"vertical-align: inherit;\">Pureza<\/span><\/span><\/strong><span dir=\"auto\" style=\"vertical-align: inherit;\"><span dir=\"auto\" style=\"vertical-align: inherit;\"> : \u226599%<\/span><\/span><\/p>","protected":false},"featured_media":28931,"comment_status":"closed","ping_status":"closed","template":"","meta":[],"product_brand":[82],"product_cat":[488],"product_tag":[930,326],"class_list":{"0":"post-23586","1":"product","2":"type-product","3":"status-publish","4":"has-post-thumbnail","6":"product_brand-research-chemical","7":"product_cat-verboden","8":"product_tag-3-mmc-kopen","9":"product_tag-nl","11":"first","12":"outofstock","13":"taxable","14":"shipping-taxable","15":"purchasable","16":"product-type-simple"},"_links":{"self":[{"href":"https:\/\/primegloballab.com\/es\/wp-json\/wp\/v2\/product\/23586","targetHints":{"allow":["GET"]}}],"collection":[{"href":"https:\/\/primegloballab.com\/es\/wp-json\/wp\/v2\/product"}],"about":[{"href":"https:\/\/primegloballab.com\/es\/wp-json\/wp\/v2\/types\/product"}],"replies":[{"embeddable":true,"href":"https:\/\/primegloballab.com\/es\/wp-json\/wp\/v2\/comments?post=23586"}],"version-history":[{"count":5,"href":"https:\/\/primegloballab.com\/es\/wp-json\/wp\/v2\/product\/23586\/revisions"}],"predecessor-version":[{"id":28067,"href":"https:\/\/primegloballab.com\/es\/wp-json\/wp\/v2\/product\/23586\/revisions\/28067"}],"wp:featuredmedia":[{"embeddable":true,"href":"https:\/\/primegloballab.com\/es\/wp-json\/wp\/v2\/media\/28931"}],"wp:attachment":[{"href":"https:\/\/primegloballab.com\/es\/wp-json\/wp\/v2\/media?parent=23586"}],"wp:term":[{"taxonomy":"product_brand","embeddable":true,"href":"https:\/\/primegloballab.com\/es\/wp-json\/wp\/v2\/product_brand?post=23586"},{"taxonomy":"product_cat","embeddable":true,"href":"https:\/\/primegloballab.com\/es\/wp-json\/wp\/v2\/product_cat?post=23586"},{"taxonomy":"product_tag","embeddable":true,"href":"https:\/\/primegloballab.com\/es\/wp-json\/wp\/v2\/product_tag?post=23586"}],"curies":[{"name":"wp","href":"https:\/\/api.w.org\/{rel}","templated":true}]}}