{"id":23926,"date":"2025-04-13T17:40:43","date_gmt":"2025-04-13T17:40:43","guid":{"rendered":"https:\/\/primegloballab.com\/?post_type=product&#038;p=23926"},"modified":"2025-12-09T10:38:55","modified_gmt":"2025-12-09T10:38:55","slug":"adb-b-adb-butinaca","status":"publish","type":"product","link":"https:\/\/primegloballab.com\/es\/comercio\/prohibido\/adb-b-adb-butinaca\/","title":{"rendered":"ADB-B \/ ADB-BUTINACA"},"content":{"rendered":"<h1><span dir=\"auto\" style=\"vertical-align: inherit;\"><span dir=\"auto\" style=\"vertical-align: inherit;\">ADB BUTINACA - Cannabinoide sint\u00e9tico de primera calidad para la investigaci\u00f3n cient\u00edfica<\/span><\/span><\/h1>\n<h2><span dir=\"auto\" style=\"vertical-align: inherit;\"><span dir=\"auto\" style=\"vertical-align: inherit;\">Descripci\u00f3n del producto<\/span><\/span><\/h2>\n<p><span dir=\"auto\" style=\"vertical-align: inherit;\"><span dir=\"auto\" style=\"vertical-align: inherit;\">La BUTINACA ADB (tambi\u00e9n conocida como ADB-B) es un cannabinoide sint\u00e9tico de la clase de los indazoles, desarrollado espec\u00edficamente para la investigaci\u00f3n farmacol\u00f3gica y forense avanzada. Este producto qu\u00edmico de investigaci\u00f3n se utiliza con frecuencia para estudiar su interacci\u00f3n con los receptores cannabinoides (CB1 y CB2), lo que puede proporcionar valiosos conocimientos sobre la actividad de los receptores y la transducci\u00f3n de se\u00f1ales.<\/span><\/span><\/p>\n<h2><span dir=\"auto\" style=\"vertical-align: inherit;\"><span dir=\"auto\" style=\"vertical-align: inherit;\">Alta calidad y pureza anal\u00edtica<\/span><\/span><\/h2>\n<p><span dir=\"auto\" style=\"vertical-align: inherit;\"><span dir=\"auto\" style=\"vertical-align: inherit;\">Nuestra ADB-BUTINACA se fabrica bajo estrictas directrices GMP y se somete a un exhaustivo control de calidad, que incluye <\/span><\/span><strong><span dir=\"auto\" style=\"vertical-align: inherit;\"><span dir=\"auto\" style=\"vertical-align: inherit;\">HPLC<\/span><\/span><\/strong><span dir=\"auto\" style=\"vertical-align: inherit;\"><span dir=\"auto\" style=\"vertical-align: inherit;\"> , <\/span><\/span><strong><span dir=\"auto\" style=\"vertical-align: inherit;\"><span dir=\"auto\" style=\"vertical-align: inherit;\">GC-MS<\/span><\/span><\/strong><span dir=\"auto\" style=\"vertical-align: inherit;\"><span dir=\"auto\" style=\"vertical-align: inherit;\"> , y <\/span><\/span><strong><span dir=\"auto\" style=\"vertical-align: inherit;\"><span dir=\"auto\" style=\"vertical-align: inherit;\">An\u00e1lisis RMN<\/span><\/span><\/strong><span dir=\"auto\" style=\"vertical-align: inherit;\"><span dir=\"auto\" style=\"vertical-align: inherit;\"> , para garantizar una pureza de \u226598%. Esto garantiza resultados de investigaci\u00f3n fiables y reproducibles.<\/span><\/span><\/p>\n<h2><span dir=\"auto\" style=\"vertical-align: inherit;\"><span dir=\"auto\" style=\"vertical-align: inherit;\">Prop\u00f3sitos primarios de la investigaci\u00f3n ADB BUTINACA<\/span><\/span><\/h2>\n<ul>\n<li><strong><span dir=\"auto\" style=\"vertical-align: inherit;\"><span dir=\"auto\" style=\"vertical-align: inherit;\">Estudios farmacol\u00f3gicos:<\/span><\/span><\/strong><span dir=\"auto\" style=\"vertical-align: inherit;\"><span dir=\"auto\" style=\"vertical-align: inherit;\"> Investigaci\u00f3n sobre los efectos y la potencia de los cannabinoides sint\u00e9ticos<\/span><\/span><\/li>\n<li><strong><span dir=\"auto\" style=\"vertical-align: inherit;\"><span dir=\"auto\" style=\"vertical-align: inherit;\">Toxicolog\u00eda Forense:<\/span><\/span><\/strong><span dir=\"auto\" style=\"vertical-align: inherit;\"><span dir=\"auto\" style=\"vertical-align: inherit;\"> An\u00e1lisis y detecci\u00f3n de nuevas sustancias psicotr\u00f3picas (NSP)<\/span><\/span><\/li>\n<li><strong><span dir=\"auto\" style=\"vertical-align: inherit;\"><span dir=\"auto\" style=\"vertical-align: inherit;\">Investigaci\u00f3n de receptores:<\/span><\/span><\/strong><span dir=\"auto\" style=\"vertical-align: inherit;\"><span dir=\"auto\" style=\"vertical-align: inherit;\"> Estudio de las propiedades de uni\u00f3n de los receptores CB1 y CB2<\/span><\/span><\/li>\n<li><strong><span dir=\"auto\" style=\"vertical-align: inherit;\"><span dir=\"auto\" style=\"vertical-align: inherit;\">V\u00edas metab\u00f3licas:<\/span><\/span><\/strong><span dir=\"auto\" style=\"vertical-align: inherit;\"><span dir=\"auto\" style=\"vertical-align: inherit;\"> Investigaci\u00f3n sobre productos de descomposici\u00f3n y biotransformaci\u00f3n<\/span><\/span><\/li>\n<\/ul>\n<h2><span dir=\"auto\" style=\"vertical-align: inherit;\"><span dir=\"auto\" style=\"vertical-align: inherit;\">Normativa de seguridad y estatuto jur\u00eddico<\/span><\/span><\/h2>\n<p><span dir=\"auto\" style=\"vertical-align: inherit;\"><span dir=\"auto\" style=\"vertical-align: inherit;\">ADB-BUTINACA es <\/span><\/span><strong><span dir=\"auto\" style=\"vertical-align: inherit;\"><span dir=\"auto\" style=\"vertical-align: inherit;\">destinado exclusivamente a fines de investigaci\u00f3n<\/span><\/span><\/strong><span dir=\"auto\" style=\"vertical-align: inherit;\"><span dir=\"auto\" style=\"vertical-align: inherit;\"> y no debe utilizarse como producto de consumo. Es responsabilidad del comprador verificar que esta sustancia es legal en su pa\u00eds. Recomendamos trabajar \u00fanicamente en un laboratorio profesional con las precauciones de seguridad adecuadas (bata de laboratorio, guantes, gafas de seguridad).<\/span><\/span><\/p>\n<h2><span dir=\"auto\" style=\"vertical-align: inherit;\"><span dir=\"auto\" style=\"vertical-align: inherit;\">Condiciones de almacenamiento<\/span><\/span><\/h2>\n<p><span dir=\"auto\" style=\"vertical-align: inherit;\"><span dir=\"auto\" style=\"vertical-align: inherit;\">Guarde ADB-BUTINACA en un <\/span><\/span><strong><span dir=\"auto\" style=\"vertical-align: inherit;\"><span dir=\"auto\" style=\"vertical-align: inherit;\">ambiente fresco y seco (2-8 \u00b0C)<\/span><\/span><\/strong><span dir=\"auto\" style=\"vertical-align: inherit;\"><span dir=\"auto\" style=\"vertical-align: inherit;\"> , Para garantizar su estabilidad, gu\u00e1rdelo fuera de la luz solar directa y en un recipiente herm\u00e9tico.<\/span><\/span><\/p>\n<h2><span dir=\"auto\" style=\"vertical-align: inherit;\"><span dir=\"auto\" style=\"vertical-align: inherit;\">\u00bfPor qu\u00e9 comprar ADB-BUTINACA?<\/span><\/span><\/h2>\n<p>\u2714 <strong><span dir=\"auto\" style=\"vertical-align: inherit;\"><span dir=\"auto\" style=\"vertical-align: inherit;\">Pureza certificada<\/span><\/span><\/strong><span dir=\"auto\" style=\"vertical-align: inherit;\"><span dir=\"auto\" style=\"vertical-align: inherit;\"> - Control de calidad preciso para obtener resultados \u00f3ptimos <\/span><\/span><br \/>\n\u2714 <strong><span dir=\"auto\" style=\"vertical-align: inherit;\"><span dir=\"auto\" style=\"vertical-align: inherit;\">Entrega r\u00e1pida y discreta<\/span><\/span><\/strong><span dir=\"auto\" style=\"vertical-align: inherit;\"><span dir=\"auto\" style=\"vertical-align: inherit;\"> - Env\u00edos fiables dentro de Europa <\/span><\/span><br \/>\n\u2714 <strong><span dir=\"auto\" style=\"vertical-align: inherit;\"><span dir=\"auto\" style=\"vertical-align: inherit;\">Asistencia t\u00e9cnica<\/span><\/span><\/strong><span dir=\"auto\" style=\"vertical-align: inherit;\"><span dir=\"auto\" style=\"vertical-align: inherit;\"> - Asesoramiento profesional para solicitudes de investigaci\u00f3n <\/span><\/span><br \/>\n\u2714 <strong><span dir=\"auto\" style=\"vertical-align: inherit;\"><span dir=\"auto\" style=\"vertical-align: inherit;\">Precios competitivos<\/span><\/span><\/strong><span dir=\"auto\" style=\"vertical-align: inherit;\"><span dir=\"auto\" style=\"vertical-align: inherit;\"> - Productos de alta calidad a precios competitivos<\/span><\/span><\/p>\n<h2><span dir=\"auto\" style=\"vertical-align: inherit;\"><span dir=\"auto\" style=\"vertical-align: inherit;\">Aviso importante<\/span><\/span><\/h2>\n<p><span dir=\"auto\" style=\"vertical-align: inherit;\"><span dir=\"auto\" style=\"vertical-align: inherit;\">Este producto es <\/span><\/span><strong><span dir=\"auto\" style=\"vertical-align: inherit;\"><span dir=\"auto\" style=\"vertical-align: inherit;\">no destinados a uso humano o animal<\/span><\/span><\/strong><span dir=\"auto\" style=\"vertical-align: inherit;\"><span dir=\"auto\" style=\"vertical-align: inherit;\"> y s\u00f3lo debe ser utilizada por investigadores cualificados en un contexto legalmente permitido.<\/span><\/span><\/p>\n<p><span dir=\"auto\" style=\"vertical-align: inherit;\"><span dir=\"auto\" style=\"vertical-align: inherit;\">Si desea m\u00e1s informaci\u00f3n sobre ADB-BUTINACA u otros productos qu\u00edmicos de investigaci\u00f3n, no dude en ponerse en contacto con <\/span><\/span><a href=\"http:\/\/google.nl\" target=\"_blank\" rel=\"noopener\"><span dir=\"auto\" style=\"vertical-align: inherit;\"><span dir=\"auto\" style=\"vertical-align: inherit;\">us<\/span><\/span><\/a><span dir=\"auto\" style=\"vertical-align: inherit;\"><span dir=\"auto\" style=\"vertical-align: inherit;\"> . Ofrecemos productos de alta calidad para aplicaciones cient\u00edficas serias. <\/span><\/span><a href=\"https:\/\/primegloballab.com\/shop\/iboga-ibogaine\/iboga-root-bark\/\"><span dir=\"auto\" style=\"vertical-align: inherit;\"><span dir=\"auto\" style=\"vertical-align: inherit;\">Corteza de ra\u00edz de iboga<\/span><\/span><\/a><a href=\"https:\/\/primegloballab.com\/shop\/iboga-ibogaine\/buy-ibogaine-hcl-online\/\"><span dir=\"auto\" style=\"vertical-align: inherit;\"><span dir=\"auto\" style=\"vertical-align: inherit;\">comprar ibogaina hcl online<\/span><\/span><\/a><a href=\"https:\/\/primegloballab.com\/shop\/lysergamides\/1cp-lsd\/\"><span dir=\"auto\" style=\"vertical-align: inherit;\"><span dir=\"auto\" style=\"vertical-align: inherit;\">1cp lsd <\/span><\/span><\/a><a href=\"https:\/\/primegloballab.com\/shop\/pellets\/o-dsmt-50mg-pellets\/\"><span dir=\"auto\" style=\"vertical-align: inherit;\"><span dir=\"auto\" style=\"vertical-align: inherit;\">o-dsmt <\/span><\/span><\/a><a href=\"https:\/\/primegloballab.com\/shop\/lysergamides\/1vlsd\/\"><span dir=\"auto\" style=\"vertical-align: inherit;\"><span dir=\"auto\" style=\"vertical-align: inherit;\">1vlsd<\/span><\/span><\/a><\/p>","protected":false},"excerpt":{"rendered":"<h3><span dir=\"auto\" style=\"vertical-align: inherit;\"><span dir=\"auto\" style=\"vertical-align: inherit;\">Propiedades ADB-B \/ ADB-BUTINACA<\/span><\/span><\/h3>\n<p><strong><span dir=\"auto\" style=\"vertical-align: inherit;\"><span dir=\"auto\" style=\"vertical-align: inherit;\">Sin\u00f3nimo:<\/span><\/span><\/strong><span dir=\"auto\" style=\"vertical-align: inherit;\"><span dir=\"auto\" style=\"vertical-align: inherit;\"> ADB-B \/ ADB-BUTINACA <\/span><\/span><br \/>\n<strong><span dir=\"auto\" style=\"vertical-align: inherit;\"><span dir=\"auto\" style=\"vertical-align: inherit;\">N\u00famero CAS:<\/span><\/span><\/strong><span dir=\"auto\" style=\"vertical-align: inherit;\"><span dir=\"auto\" style=\"vertical-align: inherit;\"> 2682867-55-4 <\/span><\/span><br \/>\n<strong><span dir=\"auto\" style=\"vertical-align: inherit;\"><span dir=\"auto\" style=\"vertical-align: inherit;\">F\u00f3rmula:<\/span><\/span><\/strong><span dir=\"auto\" style=\"vertical-align: inherit;\"><span dir=\"auto\" style=\"vertical-align: inherit;\"> C <\/span><\/span><sub><small><span dir=\"auto\" style=\"vertical-align: inherit;\"><span dir=\"auto\" style=\"vertical-align: inherit;\">18<\/span><\/span><\/small><\/sub><span dir=\"auto\" style=\"vertical-align: inherit;\"><span dir=\"auto\" style=\"vertical-align: inherit;\"> H <\/span><\/span><sub><small><span dir=\"auto\" style=\"vertical-align: inherit;\"><span dir=\"auto\" style=\"vertical-align: inherit;\">26<\/span><\/span><\/small><\/sub><span dir=\"auto\" style=\"vertical-align: inherit;\"><span dir=\"auto\" style=\"vertical-align: inherit;\"> N <\/span><\/span><sub><small><span dir=\"auto\" style=\"vertical-align: inherit;\"><span dir=\"auto\" style=\"vertical-align: inherit;\">4<\/span><\/span><\/small><\/sub><span dir=\"auto\" style=\"vertical-align: inherit;\"><span dir=\"auto\" style=\"vertical-align: inherit;\"> O <\/span><\/span><sub><small><span dir=\"auto\" style=\"vertical-align: inherit;\"><span dir=\"auto\" style=\"vertical-align: inherit;\">2<\/span><\/span><\/small><\/sub><br \/>\n<strong><span dir=\"auto\" style=\"vertical-align: inherit;\"><span dir=\"auto\" style=\"vertical-align: inherit;\"> Masa molar:<\/span><\/span><\/strong><span dir=\"auto\" style=\"vertical-align: inherit;\"><span dir=\"auto\" style=\"vertical-align: inherit;\"> 330.4 <\/span><\/span><br \/>\n<strong><span dir=\"auto\" style=\"vertical-align: inherit;\"><span dir=\"auto\" style=\"vertical-align: inherit;\">Pureza:<\/span><\/span><\/strong><span dir=\"auto\" style=\"vertical-align: inherit;\"><span dir=\"auto\" style=\"vertical-align: inherit;\"> &gt;98%<\/span><\/span><\/p>","protected":false},"featured_media":28988,"comment_status":"closed","ping_status":"closed","template":"","meta":[],"product_brand":[82],"product_cat":[488],"product_tag":[893,894,895,896],"class_list":{"0":"post-23926","1":"product","2":"type-product","3":"status-publish","4":"has-post-thumbnail","6":"product_brand-research-chemical","7":"product_cat-verboden","8":"product_tag-adb-butinaca","9":"product_tag-adb-butinaca-buy","10":"product_tag-adb-butinaca-psychonaut","11":"product_tag-adb-butinaca-wiki","13":"first","14":"instock","15":"taxable","16":"shipping-taxable","17":"purchasable","18":"product-type-variable"},"_links":{"self":[{"href":"https:\/\/primegloballab.com\/es\/wp-json\/wp\/v2\/product\/23926","targetHints":{"allow":["GET"]}}],"collection":[{"href":"https:\/\/primegloballab.com\/es\/wp-json\/wp\/v2\/product"}],"about":[{"href":"https:\/\/primegloballab.com\/es\/wp-json\/wp\/v2\/types\/product"}],"replies":[{"embeddable":true,"href":"https:\/\/primegloballab.com\/es\/wp-json\/wp\/v2\/comments?post=23926"}],"version-history":[{"count":6,"href":"https:\/\/primegloballab.com\/es\/wp-json\/wp\/v2\/product\/23926\/revisions"}],"predecessor-version":[{"id":28033,"href":"https:\/\/primegloballab.com\/es\/wp-json\/wp\/v2\/product\/23926\/revisions\/28033"}],"wp:featuredmedia":[{"embeddable":true,"href":"https:\/\/primegloballab.com\/es\/wp-json\/wp\/v2\/media\/28988"}],"wp:attachment":[{"href":"https:\/\/primegloballab.com\/es\/wp-json\/wp\/v2\/media?parent=23926"}],"wp:term":[{"taxonomy":"product_brand","embeddable":true,"href":"https:\/\/primegloballab.com\/es\/wp-json\/wp\/v2\/product_brand?post=23926"},{"taxonomy":"product_cat","embeddable":true,"href":"https:\/\/primegloballab.com\/es\/wp-json\/wp\/v2\/product_cat?post=23926"},{"taxonomy":"product_tag","embeddable":true,"href":"https:\/\/primegloballab.com\/es\/wp-json\/wp\/v2\/product_tag?post=23926"}],"curies":[{"name":"wp","href":"https:\/\/api.w.org\/{rel}","templated":true}]}}