{"id":24221,"date":"2025-04-13T17:41:17","date_gmt":"2025-04-13T17:41:17","guid":{"rendered":"https:\/\/primegloballab.com\/?post_type=product&#038;p=24221"},"modified":"2025-12-08T12:12:32","modified_gmt":"2025-12-08T12:12:32","slug":"noopept-15-mg-en-aerosol-para-chicles","status":"publish","type":"product","link":"https:\/\/primegloballab.com\/es\/comercio\/aerosoles-de-niebla-quimica\/noopept-15-mg-en-aerosol-para-chicles\/","title":{"rendered":"Chem-mist NOOPEPT 1,5 MG Spray Bubblegum"},"content":{"rendered":"<h2><strong><span dir=\"auto\" style=\"vertical-align: inherit;\"><span dir=\"auto\" style=\"vertical-align: inherit;\">Qu\u00edmico NOOPEPT \u2018Bubblegum\u2019<\/span><\/span><\/strong><\/h2>\n<p><span dir=\"auto\" style=\"vertical-align: inherit;\"><span dir=\"auto\" style=\"vertical-align: inherit;\">\u00a1La forma m\u00e1s nueva y f\u00e1cil de microdosificar con NOOPEPT! Esta pr\u00e1ctica bomba es resistente, duradera y cabe f\u00e1cilmente en el bolsillo. <\/span><\/span><br \/>\n<span dir=\"auto\" style=\"vertical-align: inherit;\"><span dir=\"auto\" style=\"vertical-align: inherit;\">Este spray NOOPEPT contiene aproximadamente 105 miligramos de Omberacetam. Una bomba suministra m\u00e1s de 70 pulverizaciones de 1,5 mg cada una. Gracias a la mayor biodisponibilidad, NOOPEPT es mucho m\u00e1s eficaz con este producto.<\/span><\/span><\/p>\n<p><span dir=\"auto\" style=\"vertical-align: inherit;\"><span dir=\"auto\" style=\"vertical-align: inherit;\">Esta pr\u00e1ctica bomba es resistente, duradera y cabe f\u00e1cilmente en el bolsillo. Este spray NOOPEPT contiene 105 mg de Omberacetam. Este producto se fabrica en un laboratorio holand\u00e9s y se ha sometido a pruebas exhaustivas antes de incluirlo en nuestra gama de productos.<\/span><\/span><\/p>\n<p><span dir=\"auto\" style=\"vertical-align: inherit;\"><span dir=\"auto\" style=\"vertical-align: inherit;\">\u00a1M\u00e1s de 70 pulverizaciones de 1,5 mg cada una de una botella! \u00a1Esto equivale aproximadamente a 10\/12 mg cuando se utiliza normalmente!<\/span><\/span><\/p>\n<p><strong><span dir=\"auto\" style=\"vertical-align: inherit;\"><span dir=\"auto\" style=\"vertical-align: inherit;\">Ingredientes: Aqua, Omberacetam (NOOPEPT, E1520, Bubblegum armona, Cloruro de sodio, E339<\/span><\/span><\/strong><\/p>\n<p><span dir=\"auto\" style=\"vertical-align: inherit;\"><span dir=\"auto\" style=\"vertical-align: inherit;\">Este innovador producto mejora la biodisponibilidad y muchos investigadores se\u00f1alan que se obtienen mejores resultados con esta metodolog\u00eda de investigaci\u00f3n.<\/span><\/span><\/p>\n<p><b><span dir=\"auto\" style=\"vertical-align: inherit;\"><span dir=\"auto\" style=\"vertical-align: inherit;\">Aerosol qu\u00edmico NOOPEPT<\/span><\/span><\/b><span dir=\"auto\" style=\"vertical-align: inherit;\"><span dir=\"auto\" style=\"vertical-align: inherit;\"> es un producto que vendemos \u00fanicamente con fines de investigaci\u00f3n y, por tanto, no est\u00e1 destinado al consumo humano. Este aerosol puede utilizarse con fines de investigaci\u00f3n durante al menos dos a\u00f1os si se conserva a temperatura ambiente. (Lo ideal es en un lugar fresco y oscuro). <\/span><\/span><a title=\"6-CL-ADBA\" href=\"https:\/\/primegloballab.com\/shop\/bijna-verboden\/6-cl-adba\/\" target=\"_blank\" rel=\"noopener\"><span dir=\"auto\" style=\"vertical-align: inherit;\"><span dir=\"auto\" style=\"vertical-align: inherit;\">6-CL-ADBA<\/span><\/span><\/a><\/p>\n<p><span dir=\"auto\" style=\"vertical-align: inherit;\"><span dir=\"auto\" style=\"vertical-align: inherit;\">Porque este <\/span><\/span><b><span dir=\"auto\" style=\"vertical-align: inherit;\"><span dir=\"auto\" style=\"vertical-align: inherit;\">Aerosol qu\u00edmico NOOPEPT<\/span><\/span><\/b><span dir=\"auto\" style=\"vertical-align: inherit;\"><span dir=\"auto\" style=\"vertical-align: inherit;\"> es para uso exclusivo en investigaci\u00f3n y no para consumo humano, es importante mantener esta bomba fuera del alcance de los ni\u00f1os y animales dom\u00e9sticos.<\/span><\/span><\/p>\n<p><span dir=\"auto\" style=\"vertical-align: inherit;\"><span dir=\"auto\" style=\"vertical-align: inherit;\">Ofrecemos productos qu\u00edmicos de investigaci\u00f3n de alta calidad a un precio justo. Su pedido se env\u00eda en 24 horas todos los d\u00edas. \u00a1Pida sus aerosoles Chem-mist de forma segura y r\u00e1pida en primegloballab.com! <\/span><\/span><a title=\"2-CMC 250mg gr\u00e1nulos\" href=\"https:\/\/primegloballab.com\/shop\/cathinonen\/2-cmc-kopen\/\" target=\"_blank\" rel=\"noopener\"><span dir=\"auto\" style=\"vertical-align: inherit;\"><span dir=\"auto\" style=\"vertical-align: inherit;\">2-CMC 250mg gr\u00e1nulos<\/span><\/span><\/a><\/p>\n<h2><span dir=\"auto\" style=\"vertical-align: inherit;\"><span dir=\"auto\" style=\"vertical-align: inherit;\">Indicaciones de peligro<\/span><\/span><\/h2>\n<p><b><span dir=\"auto\" style=\"vertical-align: inherit;\"><span dir=\"auto\" style=\"vertical-align: inherit;\">Aerosol qu\u00edmico NOOPEPT<\/span><\/span><\/b><span dir=\"auto\" style=\"vertical-align: inherit;\"><span dir=\"auto\" style=\"vertical-align: inherit;\"> puede causar irritaci\u00f3n respiratoria <\/span><\/span><br \/>\n<b><span dir=\"auto\" style=\"vertical-align: inherit;\"><span dir=\"auto\" style=\"vertical-align: inherit;\">Aerosol qu\u00edmico NOOPEPT<\/span><\/span><\/b><span dir=\"auto\" style=\"vertical-align: inherit;\"><span dir=\"auto\" style=\"vertical-align: inherit;\"> puede provocar irritaci\u00f3n ocular <\/span><\/span><br \/>\n<span dir=\"auto\" style=\"vertical-align: inherit;\"><span dir=\"auto\" style=\"vertical-align: inherit;\">Se proh\u00edbe el vertido al medio ambiente de sustancias qu\u00edmicas destinadas a la investigaci\u00f3n<\/span><\/span><\/p>\n<p><b><span dir=\"auto\" style=\"vertical-align: inherit;\"><span dir=\"auto\" style=\"vertical-align: inherit;\">Aerosol qu\u00edmico NOOPEPT.<\/span><\/span><\/b><span dir=\"auto\" style=\"vertical-align: inherit;\"><span dir=\"auto\" style=\"vertical-align: inherit;\"> EN CASO DE CONTACTO CON LOS OJOS: Enjuagar cuidadosamente los ojos con agua durante cinco minutos. Quitar las lentes de contacto, si est\u00e1n presentes y es f\u00e1cil hacerlo. <\/span><\/span><a title=\"1V-LSD 150 MCG Papel secante\" href=\"https:\/\/primegloballab.com\/shop\/lysergamides\/1v-lsd-150-mcg-blotters\/\" target=\"_blank\" rel=\"noopener\"><span dir=\"auto\" style=\"vertical-align: inherit;\"><span dir=\"auto\" style=\"vertical-align: inherit;\">1V-LSD 150 MCG Papel secante<\/span><\/span><\/a><\/p>\n<p><b><span dir=\"auto\" style=\"vertical-align: inherit;\"><span dir=\"auto\" style=\"vertical-align: inherit;\">Aerosol qu\u00edmico NOOPEPT<\/span><\/span><\/b><span dir=\"auto\" style=\"vertical-align: inherit;\"><span dir=\"auto\" style=\"vertical-align: inherit;\"> EN CONTACTO CON LA PIEL: Lavar la piel con agua y jab\u00f3n.<\/span><\/span><\/p>\n<p><span dir=\"auto\" style=\"vertical-align: inherit;\"><span dir=\"auto\" style=\"vertical-align: inherit;\">EN CASO DE INHALACI\u00d3N DE <\/span><\/span><b><span dir=\"auto\" style=\"vertical-align: inherit;\"><span dir=\"auto\" style=\"vertical-align: inherit;\">Aerosol qu\u00edmico NOOPEPT<\/span><\/span><\/b><span dir=\"auto\" style=\"vertical-align: inherit;\"><span dir=\"auto\" style=\"vertical-align: inherit;\"> : Llevar a la v\u00edctima al aire libre y mantenerla en una posici\u00f3n c\u00f3moda para respirar.<\/span><\/span><\/p>","protected":false},"excerpt":{"rendered":"<p>Chem-mist NOOPEPT &#8216;Bubblegum&#8217; The newest and easiest way to microdose with NOOPEPT! This handy pump is sturdy, durable, and fits easily in your pocket. This NOOPEPT spray contains approximately 105 milligrams of Omberacetam. One pump delivers over 70 sprays of 1.5 mg each. Thanks to the increased bioavailability, NOOPEPT is much more effective with this [&hellip;]<\/p>\n","protected":false},"featured_media":29013,"comment_status":"closed","ping_status":"closed","template":"","meta":[],"product_brand":[82],"product_cat":[471,396,481,480,330],"product_tag":[812,810,811,326,813,814,815,472],"class_list":{"0":"post-24221","1":"product","2":"type-product","3":"status-publish","4":"has-post-thumbnail","6":"product_brand-research-chemical","7":"product_cat-chem-mist-sprays","8":"product_cat-liquid-rcs","9":"product_cat-noopept","10":"product_cat-noopept-sprays","11":"product_cat-nootropics","12":"product_tag-buy-noopept-spray","13":"product_tag-chem-mist-spray","14":"product_tag-chem-mist","15":"product_tag-nl","16":"product_tag-noopept-nasal-spray","17":"product_tag-noopept-nasal-spray-diy","18":"product_tag-noopept-nasal-spray-dosage","19":"product_tag-spring-is-in-the-air","21":"first","22":"instock","23":"taxable","24":"shipping-taxable","25":"purchasable","26":"product-type-variable"},"_links":{"self":[{"href":"https:\/\/primegloballab.com\/es\/wp-json\/wp\/v2\/product\/24221","targetHints":{"allow":["GET"]}}],"collection":[{"href":"https:\/\/primegloballab.com\/es\/wp-json\/wp\/v2\/product"}],"about":[{"href":"https:\/\/primegloballab.com\/es\/wp-json\/wp\/v2\/types\/product"}],"replies":[{"embeddable":true,"href":"https:\/\/primegloballab.com\/es\/wp-json\/wp\/v2\/comments?post=24221"}],"version-history":[{"count":5,"href":"https:\/\/primegloballab.com\/es\/wp-json\/wp\/v2\/product\/24221\/revisions"}],"predecessor-version":[{"id":26012,"href":"https:\/\/primegloballab.com\/es\/wp-json\/wp\/v2\/product\/24221\/revisions\/26012"}],"wp:featuredmedia":[{"embeddable":true,"href":"https:\/\/primegloballab.com\/es\/wp-json\/wp\/v2\/media\/29013"}],"wp:attachment":[{"href":"https:\/\/primegloballab.com\/es\/wp-json\/wp\/v2\/media?parent=24221"}],"wp:term":[{"taxonomy":"product_brand","embeddable":true,"href":"https:\/\/primegloballab.com\/es\/wp-json\/wp\/v2\/product_brand?post=24221"},{"taxonomy":"product_cat","embeddable":true,"href":"https:\/\/primegloballab.com\/es\/wp-json\/wp\/v2\/product_cat?post=24221"},{"taxonomy":"product_tag","embeddable":true,"href":"https:\/\/primegloballab.com\/es\/wp-json\/wp\/v2\/product_tag?post=24221"}],"curies":[{"name":"wp","href":"https:\/\/api.w.org\/{rel}","templated":true}]}}