{"id":24244,"date":"2025-04-13T17:41:18","date_gmt":"2025-04-13T17:41:18","guid":{"rendered":"https:\/\/primegloballab.com\/?post_type=product&#038;p=24244"},"modified":"2025-12-08T12:10:16","modified_gmt":"2025-12-08T12:10:16","slug":"experiencia-con-flubromazepam","status":"publish","type":"product","link":"https:\/\/primegloballab.com\/es\/comercio\/benzodiazepinas\/experiencia-con-flubromazepam\/","title":{"rendered":"Flubromazepam 10 MG Pellets"},"content":{"rendered":"<h2><span data-sheets-value=\"{\" data-sheets-userformat=\"{\"><span dir=\"auto\" style=\"vertical-align: inherit;\"><span dir=\"auto\" style=\"vertical-align: inherit;\">Flubromazepam experiencia 10 MG gr\u00e1nulos<\/span><\/span><br \/>\n<\/span><\/h2>\n<p><span dir=\"auto\" style=\"vertical-align: inherit;\"><span dir=\"auto\" style=\"vertical-align: inherit;\">Los gr\u00e1nulos de Flubromazepam experience contienen 10 MG de sustancia activa (Flubromazepam).<\/span><\/span><\/p>\n<p><strong><span dir=\"auto\" style=\"vertical-align: inherit;\"><span dir=\"auto\" style=\"vertical-align: inherit;\">Los gr\u00e1nulos de flubromazepam 10 MG son de producci\u00f3n propia y de la m\u00e1xima calidad. Estos gr\u00e1nulos contienen 10 miligramos del principio activo (flubromazepam). Cada gr\u00e1nulo tiene un di\u00e1metro de aproximadamente 8 mm con una l\u00ednea de rotura. Estos gr\u00e1nulos de flubromazepam se envasan en bl\u00edsteres de 10 unidades para garantizar su frescura, y los pedidos de 5 o m\u00e1s bl\u00edsteres se entregan en una pr\u00e1ctica caja. <\/span><\/span><a title=\"1V-LSD 150 MCG Papel secante\" href=\"https:\/\/primegloballab.com\/shop\/lysergamides\/1v-lsd-150-mcg-blotters\/\" target=\"_blank\" rel=\"noopener\"><span dir=\"auto\" style=\"vertical-align: inherit;\"><span dir=\"auto\" style=\"vertical-align: inherit;\">1V-LSD 150 MCG Papel secante<\/span><\/span><\/a><\/strong><\/p>\n<p><span dir=\"auto\" style=\"vertical-align: inherit;\"><span dir=\"auto\" style=\"vertical-align: inherit;\">El flubromazepam es una sustancia que s\u00f3lo se vende con fines de investigaci\u00f3n <\/span><\/span><a href=\"http:\/\/google.nl\" target=\"_blank\" rel=\"noopener\"><span dir=\"auto\" style=\"vertical-align: inherit;\"><span dir=\"auto\" style=\"vertical-align: inherit;\">y<\/span><\/span><\/a><span dir=\"auto\" style=\"vertical-align: inherit;\"><span dir=\"auto\" style=\"vertical-align: inherit;\"> por lo que no est\u00e1 destinado al consumo.<\/span><\/span><\/p>\n<p><span dir=\"auto\" style=\"vertical-align: inherit;\"><span dir=\"auto\" style=\"vertical-align: inherit;\">El flubromazepam permanece estable hasta 2 a\u00f1os si se almacena en el entorno adecuado. El flubromazepam est\u00e1 destinado a la investigaci\u00f3n y no al consumo humano. Por lo tanto, es importante almacenar el producto fuera del alcance de los ni\u00f1os y los animales dom\u00e9sticos. <\/span><\/span><a title=\"6-CL-ADBA\" href=\"https:\/\/primegloballab.com\/shop\/bijna-verboden\/6-cl-adba\/\" target=\"_blank\" rel=\"noopener\"><span dir=\"auto\" style=\"vertical-align: inherit;\"><span dir=\"auto\" style=\"vertical-align: inherit;\">6-CL-ADBA<\/span><\/span><\/a><\/p>\n<p><span dir=\"auto\" style=\"vertical-align: inherit;\"><span dir=\"auto\" style=\"vertical-align: inherit;\">Ofrecemos productos qu\u00edmicos de investigaci\u00f3n de alta calidad a un precio justo. Su pedido se env\u00eda en 24 horas todos los d\u00edas. Pedir <\/span><\/span><em><span dir=\"auto\" style=\"vertical-align: inherit;\"><span dir=\"auto\" style=\"vertical-align: inherit;\">Flubromazepam<\/span><\/span><\/em><span dir=\"auto\" style=\"vertical-align: inherit;\"><span dir=\"auto\" style=\"vertical-align: inherit;\"> de forma segura y r\u00e1pida.<\/span><\/span><\/p>\n<h3><span data-sheets-value=\"{\" data-sheets-userformat=\"{\"><span dir=\"auto\" style=\"vertical-align: inherit;\"><span dir=\"auto\" style=\"vertical-align: inherit;\">Propiedades del flubromazepam<\/span><\/span><\/span><\/h3>\n<p><strong><span dir=\"auto\" style=\"vertical-align: inherit;\"><span dir=\"auto\" style=\"vertical-align: inherit;\">Sin\u00f3nimo:<\/span><\/span><\/strong><span dir=\"auto\" style=\"vertical-align: inherit;\"><span dir=\"auto\" style=\"vertical-align: inherit;\"> Flubromazepam <\/span><\/span><br \/>\n<strong><span dir=\"auto\" style=\"vertical-align: inherit;\"><span dir=\"auto\" style=\"vertical-align: inherit;\">N\u00famero CAS:<\/span><\/span><\/strong><span dir=\"auto\" style=\"vertical-align: inherit;\"><span dir=\"auto\" style=\"vertical-align: inherit;\"> 2647-50-9 <\/span><\/span><br \/>\n<strong><span dir=\"auto\" style=\"vertical-align: inherit;\"><span dir=\"auto\" style=\"vertical-align: inherit;\">F\u00f3rmula:<\/span><\/span><\/strong><span dir=\"auto\" style=\"vertical-align: inherit;\"><span dir=\"auto\" style=\"vertical-align: inherit;\"> 7-bromo-5-(2-fluorophenyl)-1,3-dihydro-2H-1,4-benzodiazepin-2-one <\/span><\/span><br \/>\n<strong><span dir=\"auto\" style=\"vertical-align: inherit;\"><span dir=\"auto\" style=\"vertical-align: inherit;\">Masa molar:<\/span><\/span><\/strong><span dir=\"auto\" style=\"vertical-align: inherit;\"><span dir=\"auto\" style=\"vertical-align: inherit;\"> 333,2 g\/mol <\/span><\/span><br \/>\n<strong><span dir=\"auto\" style=\"vertical-align: inherit;\"><span dir=\"auto\" style=\"vertical-align: inherit;\">Pureza:<\/span><\/span><\/strong><span dir=\"auto\" style=\"vertical-align: inherit;\"><span dir=\"auto\" style=\"vertical-align: inherit;\"> &gt;98%<\/span><\/span><\/p>\n<h3><span dir=\"auto\" style=\"vertical-align: inherit;\"><span dir=\"auto\" style=\"vertical-align: inherit;\">Declaraci\u00f3n de peligro<\/span><\/span><\/h3>\n<p><span dir=\"auto\" style=\"vertical-align: inherit;\"><span dir=\"auto\" style=\"vertical-align: inherit;\">El flubromazepam puede causar irritaci\u00f3n respiratoria. <\/span><\/span><br \/>\n<span dir=\"auto\" style=\"vertical-align: inherit;\"><span dir=\"auto\" style=\"vertical-align: inherit;\">El flubromazepam puede causar irritaci\u00f3n ocular. <\/span><\/span><br \/>\n<span dir=\"auto\" style=\"vertical-align: inherit;\"><span dir=\"auto\" style=\"vertical-align: inherit;\">Est\u00e1 prohibido verter sustancias qu\u00edmicas de investigaci\u00f3n en el medio ambiente.<\/span><\/span><\/p>\n<p><span dir=\"auto\" style=\"vertical-align: inherit;\"><span dir=\"auto\" style=\"vertical-align: inherit;\">Flubromazepam EN LOS OJOS: Enjuagar los ojos suavemente con agua durante cinco minutos. Quitar las lentes de contacto, si las hubiera y <\/span><\/span><a title=\"MEAI\" href=\"https:\/\/primegloballab.com\/shop\/overig\/meai\/\" target=\"_blank\" rel=\"noopener\"><span dir=\"auto\" style=\"vertical-align: inherit;\"><span dir=\"auto\" style=\"vertical-align: inherit;\">f\u00e1cil de hacer .<\/span><\/span><\/a><\/p>\n<p><span dir=\"auto\" style=\"vertical-align: inherit;\"><span dir=\"auto\" style=\"vertical-align: inherit;\">Flubromazepam EN CONTACTO CON LA PIEL: Lavar la piel con agua y jab\u00f3n.<\/span><\/span><\/p>\n<p><span dir=\"auto\" style=\"vertical-align: inherit;\"><span dir=\"auto\" style=\"vertical-align: inherit;\">EN CASO DE INHALACI\u00d3N Flubromazepam: Llevar a la v\u00edctima al aire libre y mantenerla en una posici\u00f3n c\u00f3moda para respirar.<\/span><\/span><\/p>","protected":false},"excerpt":{"rendered":"<p>Flubromazepam experience 10 MG pellets Flubromazepam experience pellets contain 10 MG of active substance (Flubromazepam). Flubromazepam 10 MG pellets are produced in-house and are of the highest quality. These pellets contain 10 milligrams of the active ingredient (flubromazepam). Each pellet has a diameter of approximately 8 mm with a break line. These flubromazepam pellets are [&hellip;]<\/p>\n","protected":false},"featured_media":29044,"comment_status":"closed","ping_status":"closed","template":"","meta":[],"product_brand":[82],"product_cat":[76,386,392,324],"product_tag":[139,140,142,141,143,326],"class_list":{"0":"post-24244","1":"product","2":"type-product","3":"status-publish","4":"has-post-thumbnail","6":"product_brand-research-chemical","7":"product_cat-benzodiazepinen","8":"product_cat-flubromazepam","9":"product_cat-flubromazepam-pellets","10":"product_cat-pellets-for-pellet","11":"product_tag-flubromazepam-effects","12":"product_tag-flubromazepam-ervaring","13":"product_tag-flubromazepam-halfwaardetijd","14":"product_tag-flubromazepam-werking","15":"product_tag-how-to-test-flubromazepam-pellets","16":"product_tag-nl","18":"first","19":"instock","20":"taxable","21":"shipping-taxable","22":"purchasable","23":"product-type-variable"},"_links":{"self":[{"href":"https:\/\/primegloballab.com\/es\/wp-json\/wp\/v2\/product\/24244","targetHints":{"allow":["GET"]}}],"collection":[{"href":"https:\/\/primegloballab.com\/es\/wp-json\/wp\/v2\/product"}],"about":[{"href":"https:\/\/primegloballab.com\/es\/wp-json\/wp\/v2\/types\/product"}],"replies":[{"embeddable":true,"href":"https:\/\/primegloballab.com\/es\/wp-json\/wp\/v2\/comments?post=24244"}],"version-history":[{"count":4,"href":"https:\/\/primegloballab.com\/es\/wp-json\/wp\/v2\/product\/24244\/revisions"}],"predecessor-version":[{"id":28023,"href":"https:\/\/primegloballab.com\/es\/wp-json\/wp\/v2\/product\/24244\/revisions\/28023"}],"wp:featuredmedia":[{"embeddable":true,"href":"https:\/\/primegloballab.com\/es\/wp-json\/wp\/v2\/media\/29044"}],"wp:attachment":[{"href":"https:\/\/primegloballab.com\/es\/wp-json\/wp\/v2\/media?parent=24244"}],"wp:term":[{"taxonomy":"product_brand","embeddable":true,"href":"https:\/\/primegloballab.com\/es\/wp-json\/wp\/v2\/product_brand?post=24244"},{"taxonomy":"product_cat","embeddable":true,"href":"https:\/\/primegloballab.com\/es\/wp-json\/wp\/v2\/product_cat?post=24244"},{"taxonomy":"product_tag","embeddable":true,"href":"https:\/\/primegloballab.com\/es\/wp-json\/wp\/v2\/product_tag?post=24244"}],"curies":[{"name":"wp","href":"https:\/\/api.w.org\/{rel}","templated":true}]}}