{"id":24912,"date":"2025-04-13T17:43:41","date_gmt":"2025-04-13T17:43:41","guid":{"rendered":"https:\/\/primegloballab.com\/?post_type=product&#038;p=24912"},"modified":"2025-12-07T08:03:00","modified_gmt":"2025-12-07T08:03:00","slug":"pastillas-de-cbd-de-25-mg","status":"publish","type":"product","link":"https:\/\/primegloballab.com\/es\/comercio\/cbd\/pastillas-de-cbd-de-25-mg\/","title":{"rendered":"CBD 25mg Pellets"},"content":{"rendered":"<h2>CBD Pellets 25mg<\/h2>\n<p>Los gr\u00e1nulos de CBD son un producto que s\u00f3lo se utiliza para fines de investigaci\u00f3n y no se destina al consumo.<\/p>\n<p>CBD mantiene su estabilidad hasta dentro de 2 a\u00f1os, cuando esta <a href=\"http:\/\/google.nl\" target=\"_blank\" rel=\"noopener\">en<\/a> se debe tener en cuenta el entorno real. El CBD est\u00e1 destinado a la alimentaci\u00f3n y no al consumo. Por lo tanto, es importante que el producto sea consumido por ni\u00f1os y adultos.<a title=\"1cP-LSD 150 MCG Art Blotters\" href=\"https:\/\/primegloballab.com\/shop\/lysergamides\/1cp-lsd-150-mcg\/\" target=\"_blank\" rel=\"noopener\">1cP-LSD 150 MCG Art Blotters<\/a><\/p>\n<p>Ofrecemos productos qu\u00edmicos de investigaci\u00f3n de alta calidad a precios muy competitivos. Su pedido ser\u00e1 enviado cada d\u00eda dentro de las 24 horas. Comprar ahora <em>CBD<\/em> veilig en snel via p.<a title=\"O-DSMT 50mg Pellets\" href=\"https:\/\/primegloballab.com\/shop\/pellets\/o-dsmt-50mg-pellets\/\" target=\"_blank\" rel=\"noopener\">O-DSMT 50mg Pellets<\/a><\/p>\n<h3>CBD eigenschappen<\/h3>\n<p><strong>Synoniem:<\/strong> Cannabidiol<br \/>\n<strong>N\u00famero CAS:<\/strong> niet van toepassing<br \/>\n<strong>Formule:<\/strong> C<sub>21<\/sub>H<sub>30<\/sub>O<sub>2<\/sub><br \/>\n<strong>Molmassa:<\/strong> niet van toepassing<br \/>\n<strong>Zuiverheid:<\/strong> &gt;98%<\/p>\n<h3>Gevarenaanduiding<\/h3>\n<p>El CBD puede combatir las irritaciones<br \/>\nEl CBD puede irritar la piel.<br \/>\nResearch chemicals lozen in het milieu is verboden.<a title=\"2C-EF 2mg C\u00e1psulas\" href=\"https:\/\/primegloballab.com\/shop\/fenethylamine\/2c-ef-2mg-capsules\/\" target=\"_blank\" rel=\"noopener\">2C-EF 2mg C\u00e1psulas<\/a><\/p>\n<p>PONTE EN CONTACTO CON EL OGENO: ponte en contacto con el OGENO durante los pr\u00f3ximos siete minutos. Verwijder de contactlenzen indien mogelijk.<\/p>\n<p>CBD IN CONTACT MET DE HUID: was de huid met water en zeep.<a title=\"1V-LSD 150 MCG Papel secante\" href=\"https:\/\/primegloballab.com\/shop\/lysergamides\/1v-lsd-150-mcg-blotters\/\" target=\"_blank\" rel=\"noopener\">1V-LSD 150 MCG Papel secante<\/a><\/p>\n<p>NA INADEMING VAN CBD: breng het slachtoffer in de frisse buitenlucht en laat het slachtoffer in een houding staan die het ademen makkelijk maakt.<a title=\"2-CMC 250mg gr\u00e1nulos\" href=\"https:\/\/primegloballab.com\/shop\/cathinonen\/2-cmc-kopen\/\" target=\"_blank\" rel=\"noopener\">2-CMC 250mg gr\u00e1nulos<\/a><\/p>","protected":false},"excerpt":{"rendered":"<h3>CBD eigenschappen<\/h3>\n<p><strong>Synoniem:<\/strong> Cannabidiol<br \/>\n<strong>N\u00famero CAS:<\/strong> niet van toepassing<br \/>\n<strong>Formule:<\/strong> C<sub>21<\/sub>H<sub>30<\/sub>O<sub>2<\/sub><br \/>\n<strong>Molmassa:<\/strong> niet van toepassing<br \/>\n<strong>Zuiverheid:<\/strong> &gt;98%<\/p>","protected":false},"featured_media":29008,"comment_status":"closed","ping_status":"closed","template":"","meta":[],"product_brand":[82],"product_cat":[422,423,336,324],"product_tag":[735,736,737,732,733,734,326],"class_list":{"0":"post-24912","1":"product","2":"type-product","3":"status-publish","4":"has-post-thumbnail","6":"product_brand-research-chemical","7":"product_cat-cbd","8":"product_cat-cbd-pellets","9":"product_cat-overig","10":"product_cat-pellets-for-pellet","11":"product_tag-benefits-of-cbd-pellets-for-horses","12":"product_tag-best-cbd-pellets-for-horses","13":"product_tag-can-your-horse-test-positive-using-cbd-pellets","14":"product_tag-cbd-pellets","15":"product_tag-cbd-pellets-ervaringen","16":"product_tag-cbd-pellets-for-horses","17":"product_tag-nl","19":"first","20":"instock","21":"taxable","22":"shipping-taxable","23":"purchasable","24":"product-type-variable"},"_links":{"self":[{"href":"https:\/\/primegloballab.com\/es\/wp-json\/wp\/v2\/product\/24912","targetHints":{"allow":["GET"]}}],"collection":[{"href":"https:\/\/primegloballab.com\/es\/wp-json\/wp\/v2\/product"}],"about":[{"href":"https:\/\/primegloballab.com\/es\/wp-json\/wp\/v2\/types\/product"}],"replies":[{"embeddable":true,"href":"https:\/\/primegloballab.com\/es\/wp-json\/wp\/v2\/comments?post=24912"}],"version-history":[{"count":5,"href":"https:\/\/primegloballab.com\/es\/wp-json\/wp\/v2\/product\/24912\/revisions"}],"predecessor-version":[{"id":25867,"href":"https:\/\/primegloballab.com\/es\/wp-json\/wp\/v2\/product\/24912\/revisions\/25867"}],"wp:featuredmedia":[{"embeddable":true,"href":"https:\/\/primegloballab.com\/es\/wp-json\/wp\/v2\/media\/29008"}],"wp:attachment":[{"href":"https:\/\/primegloballab.com\/es\/wp-json\/wp\/v2\/media?parent=24912"}],"wp:term":[{"taxonomy":"product_brand","embeddable":true,"href":"https:\/\/primegloballab.com\/es\/wp-json\/wp\/v2\/product_brand?post=24912"},{"taxonomy":"product_cat","embeddable":true,"href":"https:\/\/primegloballab.com\/es\/wp-json\/wp\/v2\/product_cat?post=24912"},{"taxonomy":"product_tag","embeddable":true,"href":"https:\/\/primegloballab.com\/es\/wp-json\/wp\/v2\/product_tag?post=24912"}],"curies":[{"name":"wp","href":"https:\/\/api.w.org\/{rel}","templated":true}]}}