{"id":24268,"date":"2025-04-13T17:41:22","date_gmt":"2025-04-13T17:41:22","guid":{"rendered":"https:\/\/primegloballab.com\/?post_type=product&#038;p=24268"},"modified":"2025-12-08T09:58:37","modified_gmt":"2025-12-08T09:58:37","slug":"promal-metallyleskalina","status":"publish","type":"product","link":"https:\/\/primegloballab.com\/pl\/sklep\/b2b\/promal-metallyleskalina\/","title":{"rendered":"RC+ Promal zakje 3 pellety"},"content":{"rendered":"<h2><span data-sheets-value=\"{\" data-sheets-userformat=\"{\">Promal Methallylescaline 21mg zakje met 3 pellets<\/span><\/h2>\n<p class=\"ds-markdown-paragraph\"><strong>Productnaam:<\/strong> RC+ (Proscaline-analoog) - 3 granulki na zakje<br \/>\n<strong>Kategoria:<\/strong>\u00a0Onderzoekschemicali\u00ebn (Phenethylamine-klasse)<br \/>\n<strong>Toepassing:<\/strong> Neurochemische studies &amp; farmacologisch onderzoek.<a title=\"Kapsu\u0142ki 2C-EF 2 mg\" href=\"https:\/\/primegloballab.com\/shop\/fenethylamine\/2c-ef-2mg-capsules\/\" target=\"_blank\" rel=\"noopener\">Kapsu\u0142ki 2C-EF 2 mg<\/a><\/p>\n<hr \/>\n<h3><strong>Productkenmerken:<\/strong><\/h3>\n<p class=\"ds-markdown-paragraph\">\ud83d\udd2c\u00a0<strong>Gestandaardiseerde samenstelling<\/strong>\u00a0- Optymalizacja pod k\u0105tem powtarzalnych wynik\u00f3w<br \/>\n\ud83d\udc8a\u00a0<strong>3 granulki na opakowanie<\/strong>\u00a0- Idealny do przeprowadzania eksperyment\u00f3w kontrolnych<br \/>\n\ud83d\udce6\u00a0<strong>Luchtdichte zakverpakking<\/strong>\u00a0- Maksymalna stabilno\u015b\u0107 i bezpiecze\u0144stwo<br \/>\n\ud83d\udcca\u00a0<strong>Kwaliteitsgecontroleerd<\/strong> - Analytische testrapporten beschikbaar voor onderzoekers.<a title=\"2-CMC 250mg granulki\" href=\"https:\/\/primegloballab.com\/shop\/cathinonen\/2-cmc-kopen\/\" target=\"_blank\" rel=\"noopener\">2-CMC 250mg granulki<\/a><\/p>\n<h3><strong>Ponad Promal (Proscaline-analoog):<\/strong><\/h3>\n<p class=\"ds-markdown-paragraph\">Een onderzoeksstof met interessante eigenschappen voor:<\/p>\n<ul>\n<li>\n<p class=\"ds-markdown-paragraph\">Badania wi\u0105zania receptor\u00f3w (uk\u0142ad serotoninergiczny)<\/p>\n<\/li>\n<li>\n<p class=\"ds-markdown-paragraph\">Zale\u017cno\u015b\u0107 struktura-aktywno\u015b\u0107 (SAR) onderzoek<\/p>\n<\/li>\n<li>\n<p class=\"ds-markdown-paragraph\">R\u00f3\u017cne analizy farmakodynamiczne<\/p>\n<\/li>\n<\/ul>\n<p class=\"ds-markdown-paragraph\"><strong>Belangrijke nota:<\/strong><\/p>\n<ul>\n<li>\n<p class=\"ds-markdown-paragraph\">Uitsluitend voor in vitro onderzoeksdoeleinden<\/p>\n<\/li>\n<li>\n<p class=\"ds-markdown-paragraph\">Absolutnie nie dla m\u0119skiego\/\u015bredniego spo\u017cycia<\/p>\n<\/li>\n<li>\n<p class=\"ds-markdown-paragraph\">Geen medicinaal of recreatief gebruik<\/p>\n<\/li>\n<\/ul>\n<hr \/>\n<h3><strong>Veiligheidsvoorschriften:<\/strong><\/h3>\n<p class=\"ds-markdown-paragraph\">\u26a0\u00a0<strong>Protok\u00f3\u0142 laboratoryjny:<\/strong><\/p>\n<ul>\n<li>\n<p class=\"ds-markdown-paragraph\">Mo\u017cliwo\u015b\u0107 korzystania z osobistych \u015brodk\u00f3w bezpiecze\u0144stwa<\/p>\n<\/li>\n<li>\n<p class=\"ds-markdown-paragraph\">Praca w kontrolowanych warunkach laboratoryjnych<\/p>\n<\/li>\n<li>\n<p class=\"ds-markdown-paragraph\">Vermijd blootstelling aan huid <a href=\"http:\/\/google.nl\" target=\"_blank\" rel=\"noopener\">pl<\/a> slijmvliezen<\/p>\n<\/li>\n<\/ul>\n<p class=\"ds-markdown-paragraph\">\u26a0\u00a0<strong>Status prawny:<\/strong><\/p>\n<ul>\n<li>\n<p class=\"ds-markdown-paragraph\">Mogelijk gereguleerd onder Nederlandse Opiumwet<\/p>\n<\/li>\n<li>\n<p class=\"ds-markdown-paragraph\">Zezwolenia udzielane przez UE mog\u0105 by\u0107 wydawane na podstawie toepassingu<\/p>\n<\/li>\n<li>\n<p class=\"ds-markdown-paragraph\">Pe\u0142ne wsparcie dla pracownik\u00f3w.<a title=\"1V-LSD 150 MCG Blotters\" href=\"https:\/\/primegloballab.com\/shop\/lysergamides\/1v-lsd-150-mcg-blotters\/\" target=\"_blank\" rel=\"noopener\">1V-LSD 150 MCG Blotters<\/a><\/p>\n<\/li>\n<\/ul>\n<hr \/>\n<h3><strong>Waarom RC+ Promal Pellets?<\/strong><\/h3>\n<p class=\"ds-markdown-paragraph\">\u2705\u00a0<strong>Sta\u0142a jako\u015b\u0107<\/strong>\u00a0- Strikt productieprotocol<br \/>\n\u2705\u00a0<strong>Onderzoeksvriendelijk formaat<\/strong>\u00a0- Dobre warunki dla bada\u0144 pilota\u017cowych<br \/>\n\u2705\u00a0<strong>Dyskretna weryfikacja<\/strong>\u00a0- Neutralne pakowanie pod k\u0105tem pomocy<br \/>\n\u2705\u00a0<strong>D\u017awignia Snelle<\/strong>\u00a0- Europejska rada ds. skutecznych bada\u0144 rynku<\/p>","protected":false},"excerpt":{"rendered":"<p>Promal Methallylescaline 21mg zakje met 3 pellets Productnaam: RC+ (Proscaline-analoog) \u2013 3 pellets per zakje Categorie:\u00a0Onderzoekschemicali\u00ebn (Phenethylamine-klasse) Toepassing: Neurochemische studies &amp; farmacologisch onderzoek.2C-EF 2mg Capsules Productkenmerken: \ud83d\udd2c\u00a0Gestandaardiseerde samenstelling\u00a0\u2013 Geoptimaliseerd voor reproduceerbare resultaten \ud83d\udc8a\u00a03 pellets per verpakking\u00a0\u2013 Ideaal voor gecontroleerde experimenten \ud83d\udce6\u00a0Luchtdichte zakverpakking\u00a0\u2013 Maximale stabiliteit en bescherming \ud83d\udcca\u00a0Kwaliteitsgecontroleerd \u2013 Analytische testrapporten beschikbaar voor onderzoekers.2-CMC 250mg pellets [&hellip;]<\/p>\n","protected":false},"featured_media":29121,"comment_status":"closed","ping_status":"closed","template":"","meta":[],"product_brand":[82],"product_cat":[555],"product_tag":[326,864,209],"class_list":{"0":"post-24268","1":"product","2":"type-product","3":"status-publish","4":"has-post-thumbnail","6":"product_brand-research-chemical","7":"product_cat-b2b","8":"product_tag-nl","9":"product_tag-promal","10":"product_tag-promal-methallylescaline","12":"first","13":"instock","14":"taxable","15":"shipping-taxable","16":"purchasable","17":"product-type-variable"},"_links":{"self":[{"href":"https:\/\/primegloballab.com\/pl\/wp-json\/wp\/v2\/product\/24268","targetHints":{"allow":["GET"]}}],"collection":[{"href":"https:\/\/primegloballab.com\/pl\/wp-json\/wp\/v2\/product"}],"about":[{"href":"https:\/\/primegloballab.com\/pl\/wp-json\/wp\/v2\/types\/product"}],"replies":[{"embeddable":true,"href":"https:\/\/primegloballab.com\/pl\/wp-json\/wp\/v2\/comments?post=24268"}],"version-history":[{"count":3,"href":"https:\/\/primegloballab.com\/pl\/wp-json\/wp\/v2\/product\/24268\/revisions"}],"predecessor-version":[{"id":26000,"href":"https:\/\/primegloballab.com\/pl\/wp-json\/wp\/v2\/product\/24268\/revisions\/26000"}],"wp:featuredmedia":[{"embeddable":true,"href":"https:\/\/primegloballab.com\/pl\/wp-json\/wp\/v2\/media\/29121"}],"wp:attachment":[{"href":"https:\/\/primegloballab.com\/pl\/wp-json\/wp\/v2\/media?parent=24268"}],"wp:term":[{"taxonomy":"product_brand","embeddable":true,"href":"https:\/\/primegloballab.com\/pl\/wp-json\/wp\/v2\/product_brand?post=24268"},{"taxonomy":"product_cat","embeddable":true,"href":"https:\/\/primegloballab.com\/pl\/wp-json\/wp\/v2\/product_cat?post=24268"},{"taxonomy":"product_tag","embeddable":true,"href":"https:\/\/primegloballab.com\/pl\/wp-json\/wp\/v2\/product_tag?post=24268"}],"curies":[{"name":"wp","href":"https:\/\/api.w.org\/{rel}","templated":true}]}}