{"id":26119,"date":"2025-05-01T01:31:17","date_gmt":"2025-05-01T01:31:17","guid":{"rendered":"https:\/\/primegloballab.com\/?post_type=product&#038;p=26119"},"modified":"2025-12-07T07:35:46","modified_gmt":"2025-12-07T07:35:46","slug":"kora-korzenia-ibogi","status":"publish","type":"product","link":"https:\/\/primegloballab.com\/pl\/sklep\/iboga-ibogaina\/kora-korzenia-ibogi\/","title":{"rendered":"Kora korzenia ibogi"},"content":{"rendered":"<h2>Kup kor\u0119 korzenia ibogi<\/h2>\n<p>Kora korzenia iboga, Nasza kora korzenia iboga na sprzeda\u017c mo\u017ce by\u0107 spo\u017cywana bezpo\u015brednio przez po\u0142kni\u0119cie lub mo\u017ce by\u0107 zmielona na proszek kory korzenia iboga przed spo\u017cyciem, gdzie mo\u017ce by\u0107 zamkni\u0119ta w kapsu\u0142kach i po\u0142kni\u0119ta, aby unikn\u0105\u0107 gorzkiego smaku.<\/p>\n<p>Du\u017ca dawka kory korzenia ibogi jest spo\u017cywana jako rytua\u0142 przej\u015bcia, a mniejsze ilo\u015bci s\u0105 przyjmowane podczas ceremonii uzdrawiania i polowa\u0144 tradycyjnie przez lud Bwiti. Ma\u0142e dawki kory korzenia ibogi wynosz\u0105ce oko\u0142o 5 gram\u00f3w dzia\u0142aj\u0105 jako \u015brodek pobudzaj\u0105cy, afrodyzjak, podczas gdy du\u017ce dawki kory korzenia ibogi wynosz\u0105ce oko\u0142o 10 do 25 gram\u00f3w mog\u0105 s\u0142u\u017cy\u0107 do duchowej eksploracji, leczenia psychoterapeutycznego, szybkiej fizycznej detoksykacji i powrotu do na\u0142ogu.<\/p>\n<p>Obiecuj\u0105ce wyniki pojawi\u0142y si\u0119 r\u00f3wnie\u017c w leczeniu wielu innych schorze\u0144, w tym choroby Parkinsona. Wiele o\u015brodk\u00f3w leczenia ibogi odkry\u0142o, \u017ce dla pe\u0142nego do\u015bwiadczenia nale\u017cy przyjmowa\u0107 zbyt du\u017co kory korzenia ibogi.<\/p>\n<div class=\"elementor-element elementor-element-2342a3b elementor-widget elementor-widget-jws_widget_heading\" data-id=\"2342a3b\" data-element_type=\"widget\" data-widget_type=\"jws_widget_heading.default\">\n<div class=\"elementor-widget-container\">\n<div class=\"title-wrapper center\">\n<h2 class=\"title\">Co powiniene\u015b wiedzie\u0107<\/h2>\n<\/div>\n<\/div>\n<\/div>\n<div class=\"elementor-element elementor-element-dd111fd elementor-widget__width-initial elementor-widget elementor-widget-text-editor\" data-id=\"dd111fd\" data-element_type=\"widget\" data-widget_type=\"text-editor.default\">\n<div class=\"elementor-widget-container\">\n<p>Spo\u017cycie tak ogromnej ilo\u015bci kory ro\u015bliny mo\u017ce by\u0107 do\u015b\u0107 trudne. W ceremonii inicjacji Bwiti dawki si\u0119gaj\u0105ce nawet 100 gram\u00f3w kory korzenia iboga by\u0142y spo\u017cywane podczas ca\u0142ej ceremonii. Jest to maksymalna zaobserwowana dawka, a r\u00f3\u017cni dostawcy kory korzenia iboga maj\u0105 r\u00f3\u017cne filozofie dotycz\u0105ce dok\u0142adnych dawek, typowa dawka terapeutyczna naszej kory korzenia iboga na sprzeda\u017c waha si\u0119 od 5 do 100 gram\u00f3w, w zale\u017cno\u015bci od osoby i celu leczenia, ale spo\u017cywanie du\u017cej ilo\u015bci w\u0142\u00f3knistej materii ro\u015blinnej, takiej jak nasza iboga na sprzeda\u017c, mo\u017ce powodowa\u0107 md\u0142o\u015bci. Kora korzenia ibogi d\u0142ugo utrzymuje si\u0119 w organizmie, zajmuj\u0105c czasami oko\u0142o 72 godzin do tygodnia, aby ostatecznie wydosta\u0107 si\u0119 z organizmu.<a href=\"https:\/\/primegloballab.com\/shop\/fenethylamine\/2c-ef-2mg-capsules\/\">Kapsu\u0142ki 2C-EF 2 mg<\/a><a href=\"https:\/\/primegloballab.com\/shop\/cathinonen\/2-cmc-kopen\/\">2-CMC 250mg granulki<\/a><a href=\"https:\/\/primegloballab.com\/shop\/lysergamides\/1v-lsd-150-mcg-blotters\/\">1V-LSD 150 MCG Blotters<\/a><a href=\"https:\/\/primegloballab.com\/shop\/pellets\/o-dsmt-50mg-pellets\/\">O-DSMT 50mg granulat<\/a><a href=\"https:\/\/primegloballab.com\/shop\/lysergamides\/1cp-lsd-150-mcg\/\">1cP-LSD 150 MCG Art Blotters<\/a><\/p>\n<\/div>\n<\/div>","protected":false},"excerpt":{"rendered":"<p>Buy Iboga root bark iboga root bark\u200b, Our iboga root bark for sale can be consumed directly by ingesting or it could be ground into iboga root bark powder before consuming, where it can be encapsulated in capsules and swallowed to evade the bitter taste. A large dose of Iboga root bark is consumed as [&hellip;]<\/p>\n","protected":false},"featured_media":29055,"comment_status":"closed","ping_status":"closed","template":"","meta":[],"product_brand":[82],"product_cat":[908],"product_tag":[914],"class_list":{"0":"post-26119","1":"product","2":"type-product","3":"status-publish","4":"has-post-thumbnail","6":"product_brand-research-chemical","7":"product_cat-iboga-ibogaine","8":"product_tag-iboga-root-bark","10":"first","11":"instock","12":"taxable","13":"shipping-taxable","14":"purchasable","15":"product-type-variable"},"_links":{"self":[{"href":"https:\/\/primegloballab.com\/pl\/wp-json\/wp\/v2\/product\/26119","targetHints":{"allow":["GET"]}}],"collection":[{"href":"https:\/\/primegloballab.com\/pl\/wp-json\/wp\/v2\/product"}],"about":[{"href":"https:\/\/primegloballab.com\/pl\/wp-json\/wp\/v2\/types\/product"}],"replies":[{"embeddable":true,"href":"https:\/\/primegloballab.com\/pl\/wp-json\/wp\/v2\/comments?post=26119"}],"version-history":[{"count":3,"href":"https:\/\/primegloballab.com\/pl\/wp-json\/wp\/v2\/product\/26119\/revisions"}],"predecessor-version":[{"id":26159,"href":"https:\/\/primegloballab.com\/pl\/wp-json\/wp\/v2\/product\/26119\/revisions\/26159"}],"wp:featuredmedia":[{"embeddable":true,"href":"https:\/\/primegloballab.com\/pl\/wp-json\/wp\/v2\/media\/29055"}],"wp:attachment":[{"href":"https:\/\/primegloballab.com\/pl\/wp-json\/wp\/v2\/media?parent=26119"}],"wp:term":[{"taxonomy":"product_brand","embeddable":true,"href":"https:\/\/primegloballab.com\/pl\/wp-json\/wp\/v2\/product_brand?post=26119"},{"taxonomy":"product_cat","embeddable":true,"href":"https:\/\/primegloballab.com\/pl\/wp-json\/wp\/v2\/product_cat?post=26119"},{"taxonomy":"product_tag","embeddable":true,"href":"https:\/\/primegloballab.com\/pl\/wp-json\/wp\/v2\/product_tag?post=26119"}],"curies":[{"name":"wp","href":"https:\/\/api.w.org\/{rel}","templated":true}]}}