{"id":23611,"date":"2025-04-13T17:40:06","date_gmt":"2025-04-13T17:40:06","guid":{"rendered":"https:\/\/primegloballab.com\/?post_type=product&#038;p=23611"},"modified":"2025-12-10T12:21:54","modified_gmt":"2025-12-10T12:21:54","slug":"3-fpm-50-mg-pellets-3-fluorofenmetrazina","status":"publish","type":"product","link":"https:\/\/primegloballab.com\/pt\/comprar\/3-fpm-3-fluorofenmetrazina\/3-fpm-50-mg-pellets-3-fluorofenmetrazina\/","title":{"rendered":"3-FPM 50 MG Pellets (3-Fluorofenmetrazina)"},"content":{"rendered":"<h1><strong><span dir=\"auto\" style=\"vertical-align: inherit;\"><span dir=\"auto\" style=\"vertical-align: inherit;\">3 fpm 50 MG Pellets (3-Fluorofenmetrazina) - Qualidade e precis\u00e3o na investiga\u00e7\u00e3o<\/span><\/span><\/strong><\/h1>\n<h3><span dir=\"auto\" style=\"vertical-align: inherit;\"><span dir=\"auto\" style=\"vertical-align: inherit;\">Introdu\u00e7\u00e3o<\/span><\/span><\/h3>\n<p><span dir=\"auto\" style=\"vertical-align: inherit;\"><span dir=\"auto\" style=\"vertical-align: inherit;\">3 fpm, tamb\u00e9m conhecido como 3-Fluorofenmetrazina, \u00e9 um qu\u00edmico de investiga\u00e7\u00e3o que est\u00e1 a ganhar cada vez mais aten\u00e7\u00e3o nos c\u00edrculos cient\u00edficos. Os nossos pellets de 3-FPM 50 mg fornecem uma dosagem padronizada para resultados de investiga\u00e7\u00e3o precisos e fi\u00e1veis. Estes granulados s\u00e3o cuidadosamente fabricados para garantir consist\u00eancia e pureza, tornando-os ideais para aplica\u00e7\u00f5es laboratoriais.<\/span><\/span><\/p>\n<h3><span dir=\"auto\" style=\"vertical-align: inherit;\"><span dir=\"auto\" style=\"vertical-align: inherit;\">Carater\u00edsticas do produto<\/span><\/span><\/h3>\n<ul>\n<li><span dir=\"auto\" style=\"vertical-align: inherit;\"><span dir=\"auto\" style=\"vertical-align: inherit;\">Dosagem normalizada: Cada pellet cont\u00e9m exatamente 50 mg de 3-FPM para experi\u00eancias precisas<\/span><\/span><\/li>\n<li><span dir=\"auto\" style=\"vertical-align: inherit;\"><span dir=\"auto\" style=\"vertical-align: inherit;\">Alta pureza: Optimizado para investiga\u00e7\u00e3o com o m\u00ednimo de impurezas<\/span><\/span><\/li>\n<li><span dir=\"auto\" style=\"vertical-align: inherit;\"><span dir=\"auto\" style=\"vertical-align: inherit;\">F\u00e1cil de dosear: Os pellets simplificam a pesagem e a distribui\u00e7\u00e3o para um trabalho laboratorial eficiente.<\/span><\/span><\/li>\n<li><span dir=\"auto\" style=\"vertical-align: inherit;\"><span dir=\"auto\" style=\"vertical-align: inherit;\">Embalado de forma segura: A embalagem herm\u00e9tica garante uma longa vida \u00fatil e prote\u00e7\u00e3o contra a humidade<\/span><\/span><\/li>\n<\/ul>\n<h3><span dir=\"auto\" style=\"vertical-align: inherit;\"><span dir=\"auto\" style=\"vertical-align: inherit;\">Aplica\u00e7\u00f5es na investiga\u00e7\u00e3o<\/span><\/span><\/h3>\n<p><span dir=\"auto\" style=\"vertical-align: inherit;\"><span dir=\"auto\" style=\"vertical-align: inherit;\">O 3-FPM \u00e9 utilizado principalmente em estudos pr\u00e9-cl\u00ednicos devido \u00e0s suas propriedades \u00fanicas. Os investigadores estudam os efeitos e os mecanismos desta subst\u00e2ncia em ambientes controlados. \u00c9 importante salientar que este produto se destina exclusivamente a fins cient\u00edficos e n\u00e3o ao consumo humano.<\/span><\/span><\/p>\n<h3><span dir=\"auto\" style=\"vertical-align: inherit;\"><span dir=\"auto\" style=\"vertical-align: inherit;\">Informa\u00e7\u00f5es de seguran\u00e7a<\/span><\/span><\/h3>\n<ul>\n<li><span dir=\"auto\" style=\"vertical-align: inherit;\"><span dir=\"auto\" style=\"vertical-align: inherit;\">Apenas para uso em investiga\u00e7\u00e3o: N\u00e3o se destina a utiliza\u00e7\u00f5es medicinais, recreativas ou outras fora do laborat\u00f3rio.<\/span><\/span><\/li>\n<li><span dir=\"auto\" style=\"vertical-align: inherit;\"><span dir=\"auto\" style=\"vertical-align: inherit;\">Manuseamento profissional: Usar sempre equipamento de seguran\u00e7a adequado quando se trabalha com produtos qu\u00edmicos.<\/span><\/span><\/li>\n<li><span dir=\"auto\" style=\"vertical-align: inherit;\"><span dir=\"auto\" style=\"vertical-align: inherit;\">Conselhos de armazenamento: Conservar em local fresco e seco, fora do alcance das crian\u00e7as e dos animais.<\/span><\/span><\/li>\n<\/ul>\n<h3><span dir=\"auto\" style=\"vertical-align: inherit;\"><span dir=\"auto\" style=\"vertical-align: inherit;\">Porqu\u00ea escolher os nossos pellets?<\/span><\/span><\/h3>\n<p><span dir=\"auto\" style=\"vertical-align: inherit;\"><span dir=\"auto\" style=\"vertical-align: inherit;\">Oferecemos apenas produtos qu\u00edmicos de investiga\u00e7\u00e3o de alta qualidade com informa\u00e7\u00f5es detalhadas sobre o produto e apoio. Os nossos pellets 3-FPM 50 MG cumprem rigorosos padr\u00f5es de qualidade, tornando-os uma escolha fi\u00e1vel para investigadores s\u00e9rios.<\/span><\/span><\/p>\n<h3><span dir=\"auto\" style=\"vertical-align: inherit;\"><span dir=\"auto\" style=\"vertical-align: inherit;\">Encomendar agora para obter resultados de investiga\u00e7\u00e3o fi\u00e1veis<\/span><\/span><\/h3>\n<p><span dir=\"auto\" style=\"vertical-align: inherit;\"><span dir=\"auto\" style=\"vertical-align: inherit;\">Aumente a precis\u00e3o dos seus estudos com as nossas pastilhas de 3-FPM produzidas de forma consistente. Para quest\u00f5es sobre a utiliza\u00e7\u00e3o ou especifica\u00e7\u00f5es, n\u00e3o hesite em contactar <\/span><\/span><a href=\"http:\/\/google.nl\" target=\"_blank\" rel=\"noopener\"><span dir=\"auto\" style=\"vertical-align: inherit;\"><span dir=\"auto\" style=\"vertical-align: inherit;\">nosso<\/span><\/span><\/a><span dir=\"auto\" style=\"vertical-align: inherit;\"><span dir=\"auto\" style=\"vertical-align: inherit;\"> equipa de peritos.<\/span><\/span><\/p>\n<p><span dir=\"auto\" style=\"vertical-align: inherit;\"><span dir=\"auto\" style=\"vertical-align: inherit;\">Aten\u00e7\u00e3o: Este produto destina-se apenas a fins de investiga\u00e7\u00e3o legalmente permitidos. Antes de comprar, verifique a legisla\u00e7\u00e3o aplic\u00e1vel na sua regi\u00e3o. <\/span><\/span><a href=\"https:\/\/primegloballab.com\/shop\/iboga-ibogaine\/iboga-root-bark\/\"><span dir=\"auto\" style=\"vertical-align: inherit;\"><span dir=\"auto\" style=\"vertical-align: inherit;\">casca de raiz de iboga<\/span><\/span><\/a><a href=\"https:\/\/primegloballab.com\/shop\/iboga-ibogaine\/buy-ibogaine-hcl-online\/\"><span dir=\"auto\" style=\"vertical-align: inherit;\"><span dir=\"auto\" style=\"vertical-align: inherit;\">buy ibogaine hcl online<\/span><\/span><\/a><a href=\"https:\/\/primegloballab.com\/shop\/lysergamides\/1cp-lsd\/\"><span dir=\"auto\" style=\"vertical-align: inherit;\"><span dir=\"auto\" style=\"vertical-align: inherit;\">1cp lsd <\/span><\/span><\/a><a href=\"https:\/\/primegloballab.com\/shop\/pellets\/o-dsmt-50mg-pellets\/\"><span dir=\"auto\" style=\"vertical-align: inherit;\"><span dir=\"auto\" style=\"vertical-align: inherit;\">o-dsmt <\/span><\/span><\/a><a href=\"https:\/\/primegloballab.com\/shop\/lysergamides\/1vlsd\/\"><span dir=\"auto\" style=\"vertical-align: inherit;\"><span dir=\"auto\" style=\"vertical-align: inherit;\">1vlsd<\/span><\/span><\/a><\/p>","protected":false},"excerpt":{"rendered":"<p>3 fpm 50 MG Pellets (3-Fluorophenmetrazine) \u2013 Quality and Precision in Research Introduction 3 fpm, also known as 3-Fluorophenmetrazine, is a research chemical gaining increasing attention in scientific circles. Our 3-FPM 50 mg pellets provide standardized dosing for precise and reliable research results. These pellets are carefully manufactured to ensure consistency and purity, making them [&hellip;]<\/p>\n","protected":false},"featured_media":28922,"comment_status":"closed","ping_status":"closed","template":"","meta":[],"product_brand":[82],"product_cat":[441,442,322,333,324],"product_tag":[606,601,605,326],"class_list":{"0":"post-23611","1":"product","2":"type-product","3":"status-publish","4":"has-post-thumbnail","6":"product_brand-research-chemical","7":"product_cat-3-fpm","8":"product_cat-3-fpm-pellets","9":"product_cat-bijna-verboden","10":"product_cat-gefluoreerden","11":"product_cat-pellets-for-pellet","12":"product_tag-3-fluorophenmetrazine","13":"product_tag-3-fpm","14":"product_tag-3fpm","15":"product_tag-nl","17":"first","18":"instock","19":"taxable","20":"shipping-taxable","21":"purchasable","22":"product-type-variable"},"_links":{"self":[{"href":"https:\/\/primegloballab.com\/pt\/wp-json\/wp\/v2\/product\/23611","targetHints":{"allow":["GET"]}}],"collection":[{"href":"https:\/\/primegloballab.com\/pt\/wp-json\/wp\/v2\/product"}],"about":[{"href":"https:\/\/primegloballab.com\/pt\/wp-json\/wp\/v2\/types\/product"}],"replies":[{"embeddable":true,"href":"https:\/\/primegloballab.com\/pt\/wp-json\/wp\/v2\/comments?post=23611"}],"version-history":[{"count":5,"href":"https:\/\/primegloballab.com\/pt\/wp-json\/wp\/v2\/product\/23611\/revisions"}],"predecessor-version":[{"id":28063,"href":"https:\/\/primegloballab.com\/pt\/wp-json\/wp\/v2\/product\/23611\/revisions\/28063"}],"wp:featuredmedia":[{"embeddable":true,"href":"https:\/\/primegloballab.com\/pt\/wp-json\/wp\/v2\/media\/28922"}],"wp:attachment":[{"href":"https:\/\/primegloballab.com\/pt\/wp-json\/wp\/v2\/media?parent=23611"}],"wp:term":[{"taxonomy":"product_brand","embeddable":true,"href":"https:\/\/primegloballab.com\/pt\/wp-json\/wp\/v2\/product_brand?post=23611"},{"taxonomy":"product_cat","embeddable":true,"href":"https:\/\/primegloballab.com\/pt\/wp-json\/wp\/v2\/product_cat?post=23611"},{"taxonomy":"product_tag","embeddable":true,"href":"https:\/\/primegloballab.com\/pt\/wp-json\/wp\/v2\/product_tag?post=23611"}],"curies":[{"name":"wp","href":"https:\/\/api.w.org\/{rel}","templated":true}]}}