{"id":24268,"date":"2025-04-13T17:41:22","date_gmt":"2025-04-13T17:41:22","guid":{"rendered":"https:\/\/primegloballab.com\/?post_type=product&#038;p=24268"},"modified":"2025-12-08T09:58:37","modified_gmt":"2025-12-08T09:58:37","slug":"promal-metalilescalina","status":"publish","type":"product","link":"https:\/\/primegloballab.com\/pt\/comprar\/b2b\/promal-metalilescalina\/","title":{"rendered":"RC+ Promal zakje 3 pellets"},"content":{"rendered":"<h2><span data-sheets-value=\"{\" data-sheets-userformat=\"{\">Promal Methallylescaline 21mg zakje met 3 pellets<\/span><\/h2>\n<p class=\"ds-markdown-paragraph\"><strong>Produto:<\/strong> RC+ (Proscaline-analoog) - 3 pellets por zaragatoa<br \/>\n<strong>Categoria:<\/strong>\u00a0Onderzoekschemicali\u00ebn (Phenethylamine-klasse)<br \/>\n<strong>Passagem do dedo do p\u00e9:<\/strong> Estudos neuroqu\u00edmicos e estudos farmacol\u00f3gicos.<a title=\"2C-EF 2mg C\u00e1psulas\" href=\"https:\/\/primegloballab.com\/shop\/fenethylamine\/2c-ef-2mg-capsules\/\" target=\"_blank\" rel=\"noopener\">2C-EF 2mg C\u00e1psulas<\/a><\/p>\n<hr \/>\n<h3><strong>Marca de produto:<\/strong><\/h3>\n<p class=\"ds-markdown-paragraph\">\ud83d\udd2c\u00a0<strong>Gest\u00e3o de equipas de trabalho<\/strong>\u00a0- Geoptimizado para resultados reprodut\u00edveis<br \/>\n\ud83d\udc8a\u00a0<strong>3 pellets por verpakking<\/strong>\u00a0- Ideal para experi\u00eancias de controlo de qualidade<br \/>\n\ud83d\udce6\u00a0<strong>Luchtdichte zakverpakking<\/strong>\u00a0- M\u00e1xima estabilidade e seguran\u00e7a<br \/>\n\ud83d\udcca\u00a0<strong>Controlo da qualidade<\/strong> - Relat\u00f3rios de testes anal\u00edticos dispon\u00edveis para utilizadores.<a title=\"2-CMC 250mg pellets\" href=\"https:\/\/primegloballab.com\/shop\/cathinonen\/2-cmc-kopen\/\" target=\"_blank\" rel=\"noopener\">2-CMC 250mg pellets<\/a><\/p>\n<h3><strong>Sobre o Promal (Proscalina-an\u00e1logo):<\/strong><\/h3>\n<p class=\"ds-markdown-paragraph\">Um programa de investiga\u00e7\u00e3o com objectivos interessantes para:<\/p>\n<ul>\n<li>\n<p class=\"ds-markdown-paragraph\">Estudos de liga\u00e7\u00e3o aos receptores (sistema serotonin\u00e9rgico)<\/p>\n<\/li>\n<li>\n<p class=\"ds-markdown-paragraph\">Rela\u00e7\u00e3o estrutura-atividade (SAR) onderzoek<\/p>\n<\/li>\n<li>\n<p class=\"ds-markdown-paragraph\">An\u00e1lises farmacodin\u00e2micas de refer\u00eancia<\/p>\n<\/li>\n<\/ul>\n<p class=\"ds-markdown-paragraph\"><strong>Nota de rodap\u00e9:<\/strong><\/p>\n<ul>\n<li>\n<p class=\"ds-markdown-paragraph\">Utiliz\u00e1vel em sistemas de controlo de doen\u00e7as in vitro<\/p>\n<\/li>\n<li>\n<p class=\"ds-markdown-paragraph\">Absolutamente n\u00e3o aplic\u00e1vel a consumos mensais\/di\u00e1rios<\/p>\n<\/li>\n<li>\n<p class=\"ds-markdown-paragraph\">Sem utiliza\u00e7\u00e3o m\u00e9dica ou recreativa<\/p>\n<\/li>\n<\/ul>\n<hr \/>\n<h3><strong>Veiligheidsvoorschriften:<\/strong><\/h3>\n<p class=\"ds-markdown-paragraph\">\u26a0\u00a0<strong>Protocolo de laborat\u00f3rio:<\/strong><\/p>\n<ul>\n<li>\n<p class=\"ds-markdown-paragraph\">Utiliza\u00e7\u00e3o de meios de controlo pessoais<\/p>\n<\/li>\n<li>\n<p class=\"ds-markdown-paragraph\">Trabalho \u00fatil em ambiente de laborat\u00f3rio controlado<\/p>\n<\/li>\n<li>\n<p class=\"ds-markdown-paragraph\">Bloqueio de sangue no interior <a href=\"http:\/\/google.nl\" target=\"_blank\" rel=\"noopener\">en<\/a> slijmvliezen<\/p>\n<\/li>\n<\/ul>\n<p class=\"ds-markdown-paragraph\">\u26a0\u00a0<strong>Estatuto jur\u00eddico:<\/strong><\/p>\n<ul>\n<li>\n<p class=\"ds-markdown-paragraph\">Grande parte da popula\u00e7\u00e3o da Holanda \u00e9 afetada pela Opiumwet<\/p>\n<\/li>\n<li>\n<p class=\"ds-markdown-paragraph\">As compras de produtos de base da UE podem ser objeto de um processo de aprova\u00e7\u00e3o<\/p>\n<\/li>\n<li>\n<p class=\"ds-markdown-paragraph\">Assist\u00eancia total ao utilizador\/operador.<a title=\"1V-LSD 150 MCG Blotters\" href=\"https:\/\/primegloballab.com\/shop\/lysergamides\/1v-lsd-150-mcg-blotters\/\" target=\"_blank\" rel=\"noopener\">1V-LSD 150 MCG Blotters<\/a><\/p>\n<\/li>\n<\/ul>\n<hr \/>\n<h3><strong>Waarom RC+ Promal Pellets?<\/strong><\/h3>\n<p class=\"ds-markdown-paragraph\">\u2705\u00a0<strong>Qualidade consistente<\/strong>\u00a0- Protocolo de produ\u00e7\u00e3o impressionante<br \/>\n\u2705\u00a0<strong>Forma\u00e7\u00e3o de grande amizade<\/strong>\u00a0- Excelente ambiente para estudos-piloto<br \/>\n\u2705\u00a0<strong>Verifica\u00e7\u00e3o discreta<\/strong>\u00a0- Embalagem neutra sobre os acess\u00f3rios<br \/>\n\u2705\u00a0<strong>Alavanca Snelle<\/strong>\u00a0- Grupo europeu para a efici\u00eancia energ\u00e9tica<\/p>","protected":false},"excerpt":{"rendered":"<p>Promal Methallylescaline 21mg zakje met 3 pellets Productnaam: RC+ (Proscaline-analoog) \u2013 3 pellets per zakje Categorie:\u00a0Onderzoekschemicali\u00ebn (Phenethylamine-klasse) Toepassing: Neurochemische studies &amp; farmacologisch onderzoek.2C-EF 2mg Capsules Productkenmerken: \ud83d\udd2c\u00a0Gestandaardiseerde samenstelling\u00a0\u2013 Geoptimaliseerd voor reproduceerbare resultaten \ud83d\udc8a\u00a03 pellets per verpakking\u00a0\u2013 Ideaal voor gecontroleerde experimenten \ud83d\udce6\u00a0Luchtdichte zakverpakking\u00a0\u2013 Maximale stabiliteit en bescherming \ud83d\udcca\u00a0Kwaliteitsgecontroleerd \u2013 Analytische testrapporten beschikbaar voor onderzoekers.2-CMC 250mg pellets [&hellip;]<\/p>\n","protected":false},"featured_media":29121,"comment_status":"closed","ping_status":"closed","template":"","meta":[],"product_brand":[82],"product_cat":[555],"product_tag":[326,864,209],"class_list":{"0":"post-24268","1":"product","2":"type-product","3":"status-publish","4":"has-post-thumbnail","6":"product_brand-research-chemical","7":"product_cat-b2b","8":"product_tag-nl","9":"product_tag-promal","10":"product_tag-promal-methallylescaline","12":"first","13":"instock","14":"taxable","15":"shipping-taxable","16":"purchasable","17":"product-type-variable"},"_links":{"self":[{"href":"https:\/\/primegloballab.com\/pt\/wp-json\/wp\/v2\/product\/24268","targetHints":{"allow":["GET"]}}],"collection":[{"href":"https:\/\/primegloballab.com\/pt\/wp-json\/wp\/v2\/product"}],"about":[{"href":"https:\/\/primegloballab.com\/pt\/wp-json\/wp\/v2\/types\/product"}],"replies":[{"embeddable":true,"href":"https:\/\/primegloballab.com\/pt\/wp-json\/wp\/v2\/comments?post=24268"}],"version-history":[{"count":3,"href":"https:\/\/primegloballab.com\/pt\/wp-json\/wp\/v2\/product\/24268\/revisions"}],"predecessor-version":[{"id":26000,"href":"https:\/\/primegloballab.com\/pt\/wp-json\/wp\/v2\/product\/24268\/revisions\/26000"}],"wp:featuredmedia":[{"embeddable":true,"href":"https:\/\/primegloballab.com\/pt\/wp-json\/wp\/v2\/media\/29121"}],"wp:attachment":[{"href":"https:\/\/primegloballab.com\/pt\/wp-json\/wp\/v2\/media?parent=24268"}],"wp:term":[{"taxonomy":"product_brand","embeddable":true,"href":"https:\/\/primegloballab.com\/pt\/wp-json\/wp\/v2\/product_brand?post=24268"},{"taxonomy":"product_cat","embeddable":true,"href":"https:\/\/primegloballab.com\/pt\/wp-json\/wp\/v2\/product_cat?post=24268"},{"taxonomy":"product_tag","embeddable":true,"href":"https:\/\/primegloballab.com\/pt\/wp-json\/wp\/v2\/product_tag?post=24268"}],"curies":[{"name":"wp","href":"https:\/\/api.w.org\/{rel}","templated":true}]}}