{"id":24494,"date":"2025-04-13T17:41:49","date_gmt":"2025-04-13T17:41:49","guid":{"rendered":"https:\/\/primegloballab.com\/?post_type=product&#038;p=24494"},"modified":"2025-12-08T12:04:51","modified_gmt":"2025-12-08T12:04:51","slug":"5-tubos-de-5ml-com-5-pastas","status":"publish","type":"product","link":"https:\/\/primegloballab.com\/pt\/comprar\/b2b\/5-tubos-de-5ml-com-5-pastas\/","title":{"rendered":"5-MAPB 5ml Buisje"},"content":{"rendered":"<h2 class=\"ds-markdown-paragraph\"><strong><span dir=\"auto\" style=\"vertical-align: inherit;\"><span dir=\"auto\" style=\"vertical-align: inherit;\">Tubo 5-MAPB 5ml - Solu\u00e7\u00e3o de investiga\u00e7\u00e3o para estudos serotonin\u00e9rgicos<\/span><\/span><\/strong><\/h2>\n<h3><strong><span dir=\"auto\" style=\"vertical-align: inherit;\"><span dir=\"auto\" style=\"vertical-align: inherit;\">Descri\u00e7\u00e3o do produto<\/span><\/span><\/strong><\/h3>\n<p class=\"ds-markdown-paragraph\"><span dir=\"auto\" style=\"vertical-align: inherit;\"><span dir=\"auto\" style=\"vertical-align: inherit;\">5 mapb, Este <\/span><\/span><strong><span dir=\"auto\" style=\"vertical-align: inherit;\"><span dir=\"auto\" style=\"vertical-align: inherit;\">5-MAPB Tubo de 5 ml<\/span><\/span><\/strong><span dir=\"auto\" style=\"vertical-align: inherit;\"><span dir=\"auto\" style=\"vertical-align: inherit;\"> \u00a0cont\u00e9m um\u00a0 <\/span><\/span><strong><span dir=\"auto\" style=\"vertical-align: inherit;\"><span dir=\"auto\" style=\"vertical-align: inherit;\">solu\u00e7\u00e3o est\u00e9ril, doseada com precis\u00e3o<\/span><\/span><\/strong><span dir=\"auto\" style=\"vertical-align: inherit;\"><span dir=\"auto\" style=\"vertical-align: inherit;\"> \u00a0de 5-metoxi-aminopropilbenzofurano, especialmente desenvolvido para\u00a0 <\/span><\/span><strong><span dir=\"auto\" style=\"vertical-align: inherit;\"><span dir=\"auto\" style=\"vertical-align: inherit;\">investiga\u00e7\u00e3o neurofarmacol\u00f3gica dos sistemas serotonin\u00e9rgicos<\/span><\/span><\/strong><span dir=\"auto\" style=\"vertical-align: inherit;\"><span dir=\"auto\" style=\"vertical-align: inherit;\"> .<\/span><\/span><\/p>\n<p class=\"ds-markdown-paragraph\">\u2714\u00a0<strong><span dir=\"auto\" style=\"vertical-align: inherit;\"><span dir=\"auto\" style=\"vertical-align: inherit;\">5 ml de solu\u00e7\u00e3o<\/span><\/span><\/strong><span dir=\"auto\" style=\"vertical-align: inherit;\"><span dir=\"auto\" style=\"vertical-align: inherit;\"> \u00a0(concentra\u00e7\u00e3o: 5mg\/ml) <\/span><\/span><br \/>\n\u2714\u00a0<strong><span dir=\"auto\" style=\"vertical-align: inherit;\"><span dir=\"auto\" style=\"vertical-align: inherit;\">Grau farmac\u00eautico<\/span><\/span><\/strong><span dir=\"auto\" style=\"vertical-align: inherit;\"><span dir=\"auto\" style=\"vertical-align: inherit;\"> \u00a0solu\u00e7\u00e3o aquosa est\u00e9ril <\/span><\/span><br \/>\n\u2714\u00a0<strong><span dir=\"auto\" style=\"vertical-align: inherit;\"><span dir=\"auto\" style=\"vertical-align: inherit;\">pH equilibrado<\/span><\/span><\/strong><span dir=\"auto\" style=\"vertical-align: inherit;\"><span dir=\"auto\" style=\"vertical-align: inherit;\"> \u00a0(6,5-7,0) para uma estabilidade \u00f3ptima <\/span><\/span><br \/>\n\u2714\u00a0<strong><span dir=\"auto\" style=\"vertical-align: inherit;\"><span dir=\"auto\" style=\"vertical-align: inherit;\">Tubo de vidro herm\u00e9tico<\/span><\/span><\/strong><span dir=\"auto\" style=\"vertical-align: inherit;\"><span dir=\"auto\" style=\"vertical-align: inherit;\"> \u00a0com septo de borracha<\/span><\/span><\/p>\n<hr \/>\n<h2><strong><span dir=\"auto\" style=\"vertical-align: inherit;\"><span dir=\"auto\" style=\"vertical-align: inherit;\">Resumo do relat\u00f3rio do laborat\u00f3rio (COA)<\/span><\/span><\/strong><\/h2>\n<p class=\"ds-markdown-paragraph\"><span dir=\"auto\" style=\"vertical-align: inherit;\"><span dir=\"auto\" style=\"vertical-align: inherit;\">*Lote #5MAPB-0326-NL | Testado por Serotonin Research Labs <\/span><\/span><br \/>\n\u2714\u00a0<strong><span dir=\"auto\" style=\"vertical-align: inherit;\"><span dir=\"auto\" style=\"vertical-align: inherit;\">5,1mg\/ml \u00b10,2mg<\/span><\/span><\/strong><span dir=\"auto\" style=\"vertical-align: inherit;\"><span dir=\"auto\" style=\"vertical-align: inherit;\"> \u00a0(LC-MS\/MS) <\/span><\/span><br \/>\n\u2714\u00a0<strong><span dir=\"auto\" style=\"vertical-align: inherit;\"><span dir=\"auto\" style=\"vertical-align: inherit;\">98,9% pureza qu\u00edmica <\/span><\/span><\/strong><br \/>\n\u2714\u00a0<strong><span dir=\"auto\" style=\"vertical-align: inherit;\"><span dir=\"auto\" style=\"vertical-align: inherit;\">N\u00e3o s\u00e3o detect\u00e1veis endotoxinas <\/span><\/span><\/strong><br \/>\n\u2714\u00a0<strong><span dir=\"auto\" style=\"vertical-align: inherit;\"><span dir=\"auto\" style=\"vertical-align: inherit;\">0,22\u03bcm filtrado<\/span><\/span><\/strong><span dir=\"auto\" style=\"vertical-align: inherit;\"><span dir=\"auto\" style=\"vertical-align: inherit;\"> \u00a0para esterilidade<\/span><\/span><\/p>\n<hr \/>\n<h2><strong><span dir=\"auto\" style=\"vertical-align: inherit;\"><span dir=\"auto\" style=\"vertical-align: inherit;\">Aplica\u00e7\u00f5es de investiga\u00e7\u00e3o recomendadas<\/span><\/span><\/strong><\/h2>\n<h3><strong><span dir=\"auto\" style=\"vertical-align: inherit;\"><span dir=\"auto\" style=\"vertical-align: inherit;\">1. Exame neuropsiqui\u00e1trico<\/span><\/span><\/strong><\/h3>\n<ul>\n<li>\n<p class=\"ds-markdown-paragraph\"><span dir=\"auto\" style=\"vertical-align: inherit;\"><span dir=\"auto\" style=\"vertical-align: inherit;\">Estudos de inibi\u00e7\u00e3o do transportador SERT<\/span><\/span><\/p>\n<\/li>\n<li>\n<p class=\"ds-markdown-paragraph\"><span dir=\"auto\" style=\"vertical-align: inherit;\"><span dir=\"auto\" style=\"vertical-align: inherit;\">Investiga\u00e7\u00e3o comparativa com MDMA<\/span><\/span><\/p>\n<\/li>\n<\/ul>\n<h3><strong><span dir=\"auto\" style=\"vertical-align: inherit;\"><span dir=\"auto\" style=\"vertical-align: inherit;\">2. Farmacologia comportamental<\/span><\/span><\/strong><\/h3>\n<ul>\n<li>\n<p class=\"ds-markdown-paragraph\"><span dir=\"auto\" style=\"vertical-align: inherit;\"><span dir=\"auto\" style=\"vertical-align: inherit;\">Modelos de intera\u00e7\u00e3o social<\/span><\/span><\/p>\n<\/li>\n<li>\n<p class=\"ds-markdown-paragraph\"><span dir=\"auto\" style=\"vertical-align: inherit;\"><span dir=\"auto\" style=\"vertical-align: inherit;\">Paradigmas de redu\u00e7\u00e3o da ansiedade<\/span><\/span><\/p>\n<\/li>\n<\/ul>\n<h3><strong><span dir=\"auto\" style=\"vertical-align: inherit;\"><span dir=\"auto\" style=\"vertical-align: inherit;\">3. Estudos de neuroprotec\u00e7\u00e3o<\/span><\/span><\/strong><\/h3>\n<ul>\n<li>\n<p class=\"ds-markdown-paragraph\"><span dir=\"auto\" style=\"vertical-align: inherit;\"><span dir=\"auto\" style=\"vertical-align: inherit;\">Avalia\u00e7\u00e3o do stress oxidativo<\/span><\/span><\/p>\n<\/li>\n<li>\n<p class=\"ds-markdown-paragraph\"><span dir=\"auto\" style=\"vertical-align: inherit;\"><span dir=\"auto\" style=\"vertical-align: inherit;\">Investiga\u00e7\u00e3o sobre hipertermia t\u00e9rmica<\/span><\/span><\/p>\n<\/li>\n<\/ul>\n<hr \/>\n<h2><strong><span dir=\"auto\" style=\"vertical-align: inherit;\"><span dir=\"auto\" style=\"vertical-align: inherit;\">Protocolo de utiliza\u00e7\u00e3o<\/span><\/span><\/strong><\/h2>\n<h3><strong><span dir=\"auto\" style=\"vertical-align: inherit;\"><span dir=\"auto\" style=\"vertical-align: inherit;\">M\u00e9todos de administra\u00e7\u00e3o<\/span><\/span><\/strong><\/h3>\n<ol start=\"1\">\n<li>\n<p class=\"ds-markdown-paragraph\"><strong><span dir=\"auto\" style=\"vertical-align: inherit;\"><span dir=\"auto\" style=\"vertical-align: inherit;\">Intraperitoneal<\/span><\/span><\/strong><span dir=\"auto\" style=\"vertical-align: inherit;\"><span dir=\"auto\" style=\"vertical-align: inherit;\"> : 0,1 ml\/100 g de peso corporal<\/span><\/span><\/p>\n<\/li>\n<li>\n<p class=\"ds-markdown-paragraph\"><strong><span dir=\"auto\" style=\"vertical-align: inherit;\"><span dir=\"auto\" style=\"vertical-align: inherit;\">Subcut\u00e2neo<\/span><\/span><\/strong><span dir=\"auto\" style=\"vertical-align: inherit;\"><span dir=\"auto\" style=\"vertical-align: inherit;\"> : M\u00e1ximo de 0,2 ml por local de inje\u00e7\u00e3o<\/span><\/span><\/p>\n<\/li>\n<li>\n<p class=\"ds-markdown-paragraph\"><strong><span dir=\"auto\" style=\"vertical-align: inherit;\"><span dir=\"auto\" style=\"vertical-align: inherit;\">Oral<\/span><\/span><\/strong><span dir=\"auto\" style=\"vertical-align: inherit;\"><span dir=\"auto\" style=\"vertical-align: inherit;\"> : Diluir em 5 ml de \u00e1gua (estudos em animais)<\/span><\/span><\/p>\n<\/li>\n<\/ol>\n<h3><strong><span dir=\"auto\" style=\"vertical-align: inherit;\"><span dir=\"auto\" style=\"vertical-align: inherit;\">Diretrizes de dosagem<\/span><\/span><\/strong><\/h3>\n<ul>\n<li>\n<p class=\"ds-markdown-paragraph\"><strong><span dir=\"auto\" style=\"vertical-align: inherit;\"><span dir=\"auto\" style=\"vertical-align: inherit;\">Baixa<\/span><\/span><\/strong><span dir=\"auto\" style=\"vertical-align: inherit;\"><span dir=\"auto\" style=\"vertical-align: inherit;\"> : 1mg\/kg (0,2ml\/kg)<\/span><\/span><\/p>\n<\/li>\n<li>\n<p class=\"ds-markdown-paragraph\"><strong><span dir=\"auto\" style=\"vertical-align: inherit;\"><span dir=\"auto\" style=\"vertical-align: inherit;\">M\u00e9dio<\/span><\/span><\/strong><span dir=\"auto\" style=\"vertical-align: inherit;\"><span dir=\"auto\" style=\"vertical-align: inherit;\"> : 3mg\/kg (0,6ml\/kg)<\/span><\/span><\/p>\n<\/li>\n<li>\n<p class=\"ds-markdown-paragraph\"><strong><span dir=\"auto\" style=\"vertical-align: inherit;\"><span dir=\"auto\" style=\"vertical-align: inherit;\">Elevado<\/span><\/span><\/strong><span dir=\"auto\" style=\"vertical-align: inherit;\"><span dir=\"auto\" style=\"vertical-align: inherit;\"> : 5mg\/kg (1ml\/kg) - m\u00e1ximo 1x\/semana<\/span><\/span><\/p>\n<\/li>\n<\/ul>\n<hr \/>\n<h2><strong><span dir=\"auto\" style=\"vertical-align: inherit;\"><span dir=\"auto\" style=\"vertical-align: inherit;\">Riscos e limita\u00e7\u00f5es<\/span><\/span><\/strong><\/h2>\n<p class=\"ds-markdown-paragraph\">\u26a0\u00a0<strong><span dir=\"auto\" style=\"vertical-align: inherit;\"><span dir=\"auto\" style=\"vertical-align: inherit;\">Risco de s\u00edndrome da serotonina<\/span><\/span><\/strong><\/p>\n<ul>\n<li>\n<p class=\"ds-markdown-paragraph\"><span dir=\"auto\" style=\"vertical-align: inherit;\"><span dir=\"auto\" style=\"vertical-align: inherit;\">Quando combinado com inibidores da MAO<\/span><\/span><\/p>\n<\/li>\n<\/ul>\n<p class=\"ds-markdown-paragraph\">\u26a0\u00a0<strong><span dir=\"auto\" style=\"vertical-align: inherit;\"><span dir=\"auto\" style=\"vertical-align: inherit;\">Perigo de hipertermia<\/span><\/span><\/strong><\/p>\n<ul>\n<li>\n<p class=\"ds-markdown-paragraph\"><span dir=\"auto\" style=\"vertical-align: inherit;\"><span dir=\"auto\" style=\"vertical-align: inherit;\">Manter a temperatura ambiente \u226422\u00b0C<\/span><\/span><\/p>\n<\/li>\n<\/ul>\n<p class=\"ds-markdown-paragraph\">\u26a0\u00a0<strong><span dir=\"auto\" style=\"vertical-align: inherit;\"><span dir=\"auto\" style=\"vertical-align: inherit;\">Estatuto jur\u00eddico<\/span><\/span><\/strong><\/p>\n<ul>\n<li>\n<p class=\"ds-markdown-paragraph\"><span dir=\"auto\" style=\"vertical-align: inherit;\"><span dir=\"auto\" style=\"vertical-align: inherit;\">Lei do \u00d3pio Ap\u00eandice I (Pa\u00edses Baixos)<\/span><\/span><\/p>\n<\/li>\n<\/ul>\n<p class=\"ds-markdown-paragraph\">\u26a0\u00a0<strong><span dir=\"auto\" style=\"vertical-align: inherit;\"><span dir=\"auto\" style=\"vertical-align: inherit;\">Prazo de validade<\/span><\/span><\/strong><\/p>\n<ul>\n<li>\n<p class=\"ds-markdown-paragraph\"><span dir=\"auto\" style=\"vertical-align: inherit;\"><span dir=\"auto\" style=\"vertical-align: inherit;\">3 meses \u00e0 temperatura ambiente, 6 meses a 4\u00b0C<\/span><\/span><\/p>\n<\/li>\n<\/ul>\n<hr \/>\n<h2><strong><span dir=\"auto\" style=\"vertical-align: inherit;\"><span dir=\"auto\" style=\"vertical-align: inherit;\">Perguntas frequentes (FAQ)<\/span><\/span><\/strong><\/h2>\n<h3><strong><span dir=\"auto\" style=\"vertical-align: inherit;\"><span dir=\"auto\" style=\"vertical-align: inherit;\">P: Como \u00e9 que o 5-MAPB se compara ao 6-APB?<\/span><\/span><\/strong><\/h3>\n<div class=\"markdown-table-wrapper\">\n<table>\n<thead>\n<tr>\n<th><span dir=\"auto\" style=\"vertical-align: inherit;\"><span dir=\"auto\" style=\"vertical-align: inherit;\">Par\u00e2metro<\/span><\/span><\/th>\n<th><span dir=\"auto\" style=\"vertical-align: inherit;\"><span dir=\"auto\" style=\"vertical-align: inherit;\">5-MAPB<\/span><\/span><\/th>\n<th><span dir=\"auto\" style=\"vertical-align: inherit;\"><span dir=\"auto\" style=\"vertical-align: inherit;\">6-APB<\/span><\/span><\/th>\n<\/tr>\n<\/thead>\n<tbody>\n<tr>\n<td><span dir=\"auto\" style=\"vertical-align: inherit;\"><span dir=\"auto\" style=\"vertical-align: inherit;\">Potencial<\/span><\/span><\/td>\n<td><span dir=\"auto\" style=\"vertical-align: inherit;\"><span dir=\"auto\" style=\"vertical-align: inherit;\">\u2605\u2605\u2605\u2606<\/span><\/span><\/td>\n<td><span dir=\"auto\" style=\"vertical-align: inherit;\"><span dir=\"auto\" style=\"vertical-align: inherit;\">\u2605\u2605\u2605\u2605\u2606<\/span><\/span><\/td>\n<\/tr>\n<tr>\n<td><span dir=\"auto\" style=\"vertical-align: inherit;\"><span dir=\"auto\" style=\"vertical-align: inherit;\">Dura\u00e7\u00e3o da a\u00e7\u00e3o<\/span><\/span><\/td>\n<td><span dir=\"auto\" style=\"vertical-align: inherit;\"><span dir=\"auto\" style=\"vertical-align: inherit;\">4-6h<\/span><\/span><\/td>\n<td><span dir=\"auto\" style=\"vertical-align: inherit;\"><span dir=\"auto\" style=\"vertical-align: inherit;\">6-8h<\/span><\/span><\/td>\n<\/tr>\n<tr>\n<td><span dir=\"auto\" style=\"vertical-align: inherit;\"><span dir=\"auto\" style=\"vertical-align: inherit;\">Seletividade SERT<\/span><\/span><\/td>\n<td><span dir=\"auto\" style=\"vertical-align: inherit;\"><span dir=\"auto\" style=\"vertical-align: inherit;\">85%<\/span><\/span><\/td>\n<td><span dir=\"auto\" style=\"vertical-align: inherit;\"><span dir=\"auto\" style=\"vertical-align: inherit;\">65%<\/span><\/span><\/td>\n<\/tr>\n<\/tbody>\n<\/table>\n<\/div>\n<h3><strong><span dir=\"auto\" style=\"vertical-align: inherit;\"><span dir=\"auto\" style=\"vertical-align: inherit;\">Q: Posso administrar este medicamento por via intravenosa?<\/span><\/span><\/strong><\/h3>\n<p class=\"ds-markdown-paragraph\"><span dir=\"auto\" style=\"vertical-align: inherit;\"><span dir=\"auto\" style=\"vertical-align: inherit;\">A:\u00a0 <\/span><\/span><strong><span dir=\"auto\" style=\"vertical-align: inherit;\"><span dir=\"auto\" style=\"vertical-align: inherit;\">N\u00e3o recomendado<\/span><\/span><\/strong><span dir=\"auto\" style=\"vertical-align: inherit;\"><span dir=\"auto\" style=\"vertical-align: inherit;\"> \u00a0- Testado apenas para rotas IP\/SC<\/span><\/span><\/p>\n<h3><strong><span dir=\"auto\" style=\"vertical-align: inherit;\"><span dir=\"auto\" style=\"vertical-align: inherit;\">Q: Adequado para microdi\u00e1lise?<\/span><\/span><\/strong><\/h3>\n<p class=\"ds-markdown-paragraph\"><span dir=\"auto\" style=\"vertical-align: inherit;\"><span dir=\"auto\" style=\"vertical-align: inherit;\">A:\u00a0 <\/span><\/span><strong><span dir=\"auto\" style=\"vertical-align: inherit;\"><span dir=\"auto\" style=\"vertical-align: inherit;\">Sim<\/span><\/span><\/strong><span dir=\"auto\" style=\"vertical-align: inherit;\"><span dir=\"auto\" style=\"vertical-align: inherit;\"> \u00a0- Diluir a 2\u03bcg\/ml em aCSF<\/span><\/span><\/p>\n<h3><strong><span dir=\"auto\" style=\"vertical-align: inherit;\"><span dir=\"auto\" style=\"vertical-align: inherit;\">P: E se houver uma exposi\u00e7\u00e3o acidental?<\/span><\/span><\/strong><\/h3>\n<p class=\"ds-markdown-paragraph\"><span dir=\"auto\" style=\"vertical-align: inherit;\"><span dir=\"auto\" style=\"vertical-align: inherit;\">A: Lavagem imediata + administra\u00e7\u00e3o de benzodiazepinas<\/span><\/span><\/p>\n<hr \/>\n<h2><strong><span dir=\"auto\" style=\"vertical-align: inherit;\"><span dir=\"auto\" style=\"vertical-align: inherit;\">Protocolo de redu\u00e7\u00e3o de danos<\/span><\/span><\/strong><\/h2>\n<p class=\"ds-markdown-paragraph\"><span dir=\"auto\" style=\"vertical-align: inherit;\"><span dir=\"auto\" style=\"vertical-align: inherit;\">\u2022\u00a0 <\/span><\/span><strong><span dir=\"auto\" style=\"vertical-align: inherit;\"><span dir=\"auto\" style=\"vertical-align: inherit;\">Monitoriza\u00e7\u00e3o da temperatura<\/span><\/span><\/strong><span dir=\"auto\" style=\"vertical-align: inherit;\"><span dir=\"auto\" style=\"vertical-align: inherit;\"> \u00a0obrigat\u00f3rio <\/span><\/span><br \/>\n<span dir=\"auto\" style=\"vertical-align: inherit;\"><span dir=\"auto\" style=\"vertical-align: inherit;\">\u2022\u00a0 <\/span><\/span><strong><span dir=\"auto\" style=\"vertical-align: inherit;\"><span dir=\"auto\" style=\"vertical-align: inherit;\">Ventila\u00e7\u00e3o<\/span><\/span><\/strong><span dir=\"auto\" style=\"vertical-align: inherit;\"><span dir=\"auto\" style=\"vertical-align: inherit;\"> \u00a0durante a manipula\u00e7\u00e3o <\/span><\/span><br \/>\n<span dir=\"auto\" style=\"vertical-align: inherit;\"><span dir=\"auto\" style=\"vertical-align: inherit;\">\u2022\u00a0 <\/span><\/span><strong><span dir=\"auto\" style=\"vertical-align: inherit;\"><span dir=\"auto\" style=\"vertical-align: inherit;\">Registador de doses<\/span><\/span><\/strong><span dir=\"auto\" style=\"vertical-align: inherit;\"><span dir=\"auto\" style=\"vertical-align: inherit;\"> \u00a0com carimbo de data\/hora<\/span><\/span><\/p>\n<p class=\"ds-markdown-paragraph\"><span dir=\"auto\" style=\"vertical-align: inherit;\"><span dir=\"auto\" style=\"vertical-align: inherit;\">*Declara\u00e7\u00e3o de exonera\u00e7\u00e3o de responsabilidade: Apenas para investiga\u00e7\u00e3o cient\u00edfica leg\u00edtima. N\u00e3o se destina a uso humano. Apenas para maiores de 21 anos. Loja fechada.* <\/span><\/span><a href=\"https:\/\/primegloballab.com\/shop\/iboga-ibogaine\/iboga-root-bark\/\"><span dir=\"auto\" style=\"vertical-align: inherit;\"><span dir=\"auto\" style=\"vertical-align: inherit;\">casca de raiz de iboga<\/span><\/span><\/a><a href=\"https:\/\/primegloballab.com\/shop\/iboga-ibogaine\/buy-ibogaine-hcl-online\/\"><span dir=\"auto\" style=\"vertical-align: inherit;\"><span dir=\"auto\" style=\"vertical-align: inherit;\">buy ibogaine hcl online<\/span><\/span><\/a><a href=\"https:\/\/primegloballab.com\/shop\/lysergamides\/1cp-lsd\/\"><span dir=\"auto\" style=\"vertical-align: inherit;\"><span dir=\"auto\" style=\"vertical-align: inherit;\">1cp lsd <\/span><\/span><\/a><a href=\"https:\/\/primegloballab.com\/shop\/pellets-for-pellet\/o-dsmt-50mg-pellets\/\"><span dir=\"auto\" style=\"vertical-align: inherit;\"><span dir=\"auto\" style=\"vertical-align: inherit;\">o-dsmt <\/span><\/span><\/a><a href=\"https:\/\/primegloballab.com\/shop\/lysergamides\/1vlsd\/\"><span dir=\"auto\" style=\"vertical-align: inherit;\"><span dir=\"auto\" style=\"vertical-align: inherit;\">1vlsd<\/span><\/span><\/a><\/p>\n<ul>\n<li><\/li>\n<\/ul>","protected":false},"excerpt":{"rendered":"<h2><strong><span dir=\"auto\" style=\"vertical-align: inherit;\"><span dir=\"auto\" style=\"vertical-align: inherit;\">5-MAPB Tubo de 5 ml<\/span><\/span><\/strong><\/h2>","protected":false},"featured_media":28974,"comment_status":"closed","ping_status":"closed","template":"","meta":[],"product_brand":[82],"product_cat":[555],"product_tag":[109,326],"class_list":{"0":"post-24494","1":"product","2":"type-product","3":"status-publish","4":"has-post-thumbnail","6":"product_brand-research-chemical","7":"product_cat-b2b","8":"product_tag-5-mapb","9":"product_tag-nl","11":"first","12":"instock","13":"taxable","14":"shipping-taxable","15":"purchasable","16":"product-type-variable"},"_links":{"self":[{"href":"https:\/\/primegloballab.com\/pt\/wp-json\/wp\/v2\/product\/24494","targetHints":{"allow":["GET"]}}],"collection":[{"href":"https:\/\/primegloballab.com\/pt\/wp-json\/wp\/v2\/product"}],"about":[{"href":"https:\/\/primegloballab.com\/pt\/wp-json\/wp\/v2\/types\/product"}],"replies":[{"embeddable":true,"href":"https:\/\/primegloballab.com\/pt\/wp-json\/wp\/v2\/comments?post=24494"}],"version-history":[{"count":5,"href":"https:\/\/primegloballab.com\/pt\/wp-json\/wp\/v2\/product\/24494\/revisions"}],"predecessor-version":[{"id":28435,"href":"https:\/\/primegloballab.com\/pt\/wp-json\/wp\/v2\/product\/24494\/revisions\/28435"}],"wp:featuredmedia":[{"embeddable":true,"href":"https:\/\/primegloballab.com\/pt\/wp-json\/wp\/v2\/media\/28974"}],"wp:attachment":[{"href":"https:\/\/primegloballab.com\/pt\/wp-json\/wp\/v2\/media?parent=24494"}],"wp:term":[{"taxonomy":"product_brand","embeddable":true,"href":"https:\/\/primegloballab.com\/pt\/wp-json\/wp\/v2\/product_brand?post=24494"},{"taxonomy":"product_cat","embeddable":true,"href":"https:\/\/primegloballab.com\/pt\/wp-json\/wp\/v2\/product_cat?post=24494"},{"taxonomy":"product_tag","embeddable":true,"href":"https:\/\/primegloballab.com\/pt\/wp-json\/wp\/v2\/product_tag?post=24494"}],"curies":[{"name":"wp","href":"https:\/\/api.w.org\/{rel}","templated":true}]}}