{"id":15,"date":"2024-03-22T12:32:07","date_gmt":"2024-03-22T12:32:07","guid":{"rendered":"https:\/\/dummy.xtemos.com\/woodmart2\/pills-elementor\/?page_id=15"},"modified":"2025-12-13T20:01:55","modified_gmt":"2025-12-13T20:01:55","slug":"despre-noi","status":"publish","type":"page","link":"https:\/\/primegloballab.com\/ro\/despre-noi\/","title":{"rendered":"Despre noi"},"content":{"rendered":"<p data-start=\"3336\" data-end=\"3586\">Prime Global Laboratory ist ein europ\u00e4isch ausgerichteter Anbieter hochwertiger Forschungskemikalien.<br data-start=\"3437\" data-end=\"3440\" \/>Unser Ziel ist es, Wissenschaftler, Labore und Industriepartner mit <strong data-start=\"3508\" data-end=\"3569\">pr\u00e4zise gepr\u00fcften und zuverl\u00e4ssig gelieferten Materialien<\/strong> zu unterst\u00fctzen.<\/p>\n<p data-start=\"3588\" data-end=\"3713\">Noi combin\u0103m inteligen\u021ba \u0219tiin\u021bific\u0103 cu un excelent serviciu pentru clien\u021bi, pentru a \u00eencuraja inovarea \u0219i cercetarea \u00een mod sustenabil.<\/p>\n<p data-start=\"3715\" data-end=\"3732\"><strong data-start=\"3715\" data-end=\"3732\">Werte noastre:<\/strong><\/p>\n<ul data-start=\"3733\" data-end=\"3814\">\n<li data-start=\"3733\" data-end=\"3745\">\n<p data-start=\"3735\" data-end=\"3745\">Calitate<\/p>\n<\/li>\n<li data-start=\"3746\" data-end=\"3760\">\n<p data-start=\"3748\" data-end=\"3760\">Siguran\u021b\u0103<\/p>\n<\/li>\n<li data-start=\"3761\" data-end=\"3776\">\n<p data-start=\"3763\" data-end=\"3776\">Transparen\u021b\u0103<\/p>\n<\/li>\n<li data-start=\"3777\" data-end=\"3796\">\n<p data-start=\"3779\" data-end=\"3796\">Verl\u00e4sslichkeit<\/p>\n<\/li>\n<li data-start=\"3797\" data-end=\"3814\">\n<p data-start=\"3799\" data-end=\"3814\">Parteneriat<\/p>\n<\/li>\n<\/ul>\n<p><img fetchpriority=\"high\" decoding=\"async\" src=\"https:\/\/primegloballab.com\/wp-content\/uploads\/2024\/03\/w-pas-video-placehollder-min-1.jpg\" alt=\"\" width=\"1720\" height=\"800\" title=\"\"><\/p>\n<h4>Valorile companiei<\/h4>\n<p>Cele mai bune vitamine \u0219i suplimente sunt adesea sus\u021binute de cercet\u0103ri \u0219tiin\u021bifice \u0219i fabricate de companii de renume. Acestea pot juca un rol valoros \u00een acoperirea lacunelor nutri\u021bionale \u0219i \u00een sus\u021binerea unei s\u0103n\u0103t\u0103\u021bi optime atunci c\u00e2nd sunt utilizate ca parte a unui stil de via\u021b\u0103 echilibrat.<\/p>\n<h4 class=\"info-box-title title box-title-style-default wd-fontsize-xl\" data-elementor-setting-key=\"title\">Concentrarea pe consumator<\/h4>\n<p>Oricum, \u00eenc\u0103 folosi\u021bi Lorem Ipsum \u0219i pe bun\u0103 dreptate, deoarece va avea \u00eentotdeauna un loc \u00een cutia cu instrumente a lucr\u0103torilor web, deoarece lucrurile se \u00eent\u00e2mpl\u0103, nu \u00eentotdeauna a\u0219a cum v\u0103 place, nu \u00eentotdeauna \u00een ordinea preferat\u0103. Chiar dac\u0103 v\u0103 ocupa\u021bi mai pu\u021bin de design \u0219i mai mult de strategia de con\u021binut, este posibil.<\/p>\n<h4 class=\"info-box-title title box-title-style-default wd-fontsize-xl\" data-elementor-setting-key=\"title\">Men\u021binerea celor mai \u00eenalte standarde<\/h4>\n<p>F\u0103r\u0103 tipografie, f\u0103r\u0103 culori, f\u0103r\u0103 layout, f\u0103r\u0103 stiluri, toate acele lucruri care transmit semnale importante care merg dincolo de simplul text, ierarhiile de informa\u021bii, greutatea, accentul, sublinierile oblice, priorit\u0103\u021bile, toate acele indicii subtile care au \u0219i caracter vizual.<\/p>\n<h4 class=\"info-box-title title box-title-style-default wd-fontsize-xl\" data-elementor-setting-key=\"title\">\u00cembun\u0103t\u0103\u021birea continu\u0103<\/h4>\n<p>Nu e chiar at\u00e2t de r\u0103u, exist\u0103 o copie fals\u0103 pentru salvare. Dar mai r\u0103u, ce se \u00eent\u00e2mpl\u0103 dac\u0103 pe\u0219tele nu \u00eencape \u00een cutie, piciorul este prea mare pentru cizm\u0103? Sau prea mic? Propozi\u021bii prea scurte, prea multe titluri, imagini prea mari pentru designul propus, sau prea mici.<\/p>\n<h4 class=\"info-box-title title box-title-style-default wd-fontsize-xl\" data-elementor-setting-key=\"title\">\u00cencrederea consumatorilor<\/h4>\n<p>Cele mai bune vitamine \u0219i suplimente sunt adesea sus\u021binute de cercet\u0103ri \u0219tiin\u021bifice \u0219i fabricate de companii de renume. Acestea pot juca un rol valoros \u00een acoperirea lacunelor nutri\u021bionale \u0219i \u00een sus\u021binerea unei s\u0103n\u0103t\u0103\u021bi optime atunci c\u00e2nd sunt utilizate ca parte a unui stil de via\u021b\u0103 echilibrat.<\/p>\n<h4>\u00centreb\u0103ri frecvente<\/h4>\n<p>Cum func\u021bioneaz\u0103 abonamentul meu?<\/p>\n<p>Un design aparent elegant poate \u00eencepe rapid s\u0103 se umfle cu con\u021binut nea\u0219teptat sau s\u0103 se rup\u0103 sub greutatea activit\u0103\u021bii reale. Datele false pot asigura un aspect frumos, dar nu reflect\u0103 ceea ce trebuie s\u0103 \u00eendure o aplica\u021bie vie, care respir\u0103. Datele reale o fac.<\/p>\n<p>Cum pot edita informa\u021biile din planul meu?<\/p>\n<p>Site-urile web profesionale utilizeaz\u0103 sisteme de \u0219abloane. Platformele de publicare comerciale \u0219i sistemele de gestionare a con\u021binutului asigur\u0103 c\u0103 pute\u021bi afi\u0219a texte diferite, date diferite folosind acela\u0219i \u0219ablon. Atunci c\u00e2nd este vorba despre controlul a sute de articole, pagini de produse pentru magazinele web.<\/p>\n<p>A trecut ceva timp de c\u00e2nd am luat testul. Pot primi o nou\u0103 recomandare?<\/p>\n<p>Site-urile web profesionale utilizeaz\u0103 sisteme de \u0219abloane. Platformele de publicare comerciale \u0219i sistemele de gestionare a con\u021binutului asigur\u0103 c\u0103 pute\u021bi afi\u0219a texte diferite, date diferite folosind acela\u0219i \u0219ablon. Atunci c\u00e2nd este vorba despre controlul a sute de articole, pagini de produse pentru magazinele web.<\/p>\n<p>A trecut ceva timp de c\u00e2nd am luat testul. Pot primi o nou\u0103 recomandare?<\/p>\n<p>Site-urile web profesionale utilizeaz\u0103 sisteme de \u0219abloane. Platformele de publicare comerciale \u0219i sistemele de gestionare a con\u021binutului asigur\u0103 c\u0103 pute\u021bi afi\u0219a texte diferite, date diferite folosind acela\u0219i \u0219ablon. Atunci c\u00e2nd este vorba despre controlul a sute de articole, pagini de produse pentru magazinele web.<\/p>\n<p>Comanda mea nu a sosit \u00eenc\u0103. Unde este?<\/p>\n<p>Dac\u0103 textul devine deranjant \u00een cadrul designului, \u00eenseamn\u0103 c\u0103 face\u021bi ceva gre\u0219it sau c\u0103 ei discut\u0103 despre modific\u0103ri ale textului. Ar putea fi un pic enervant, dar a\u021bi putea s\u0103 le spune\u021bi c\u0103 aceast\u0103 discu\u021bie ar fi mai potrivit\u0103 pentru alt\u0103 dat\u0103. \u00cen cel mai r\u0103u caz, discu\u021bia este cel pu\u021bin orientat\u0103 c\u0103tre obiectivul final al site-ului dvs., \u00een timp ce \u00eentreb\u0103rile despre lorem ipsum nu o fac.<\/p>\n<p>Efectua\u021bi livr\u0103ri \u00een zilele de s\u0103rb\u0103toare legal\u0103?<\/p>\n<p>Un design aparent elegant poate \u00eencepe rapid s\u0103 se umfle cu con\u021binut nea\u0219teptat sau s\u0103 se rup\u0103 sub greutatea activit\u0103\u021bii reale. Datele false pot asigura un aspect frumos, dar nu reflect\u0103 ceea ce trebuie s\u0103 \u00eendure o aplica\u021bie vie, care respir\u0103. Datele reale o fac.<\/p>\n<p>Este disponibil\u0103 livrarea a doua zi pentru toate comenzile?<\/p>\n<p>Dac\u0103 textul devine deranjant \u00een cadrul designului, \u00eenseamn\u0103 c\u0103 face\u021bi ceva gre\u0219it sau c\u0103 ei discut\u0103 despre modific\u0103ri ale textului. Ar putea fi un pic enervant, dar a\u021bi putea s\u0103 le spune\u021bi c\u0103 aceast\u0103 discu\u021bie ar fi mai potrivit\u0103 pentru alt\u0103 dat\u0103. \u00cen cel mai r\u0103u caz, discu\u021bia este cel pu\u021bin orientat\u0103 c\u0103tre obiectivul final al site-ului dvs., \u00een timp ce \u00eentreb\u0103rile despre lorem ipsum nu o fac.<\/p>\n<p>Trebuie s\u0103 fiu prezent pentru a semna pentru livrare?<\/p>\n<p>Un design aparent elegant poate \u00eencepe rapid s\u0103 se umfle cu con\u021binut nea\u0219teptat sau s\u0103 se rup\u0103 sub greutatea activit\u0103\u021bii reale. Datele false pot asigura un aspect frumos, dar nu reflect\u0103 ceea ce trebuie s\u0103 \u00eendure o aplica\u021bie vie, care respir\u0103. Datele reale o fac.<\/p>","protected":false},"excerpt":{"rendered":"<p>Prime Global Laboratory ist ein europ\u00e4isch ausgerichteter Anbieter hochwertiger Forschungskemikalien.Unser Ziel ist es, Wissenschaftler, Labore und Industriepartner mit pr\u00e4zise gepr\u00fcften und zuverl\u00e4ssig gelieferten Materialien zu unterst\u00fctzen. Wir verbinden wissenschaftliche Genauigkeit mit exzellentem Kundenservice, um Innovation und Forschung nachhaltig zu f\u00f6rdern. Unsere Werte: Qualit\u00e4t Sicherheit Transparenz Verl\u00e4sslichkeit Partnerschaft Company Values The best vitamins and supplements are [&hellip;]<\/p>\n","protected":false},"author":1,"featured_media":0,"parent":0,"menu_order":0,"comment_status":"closed","ping_status":"closed","template":"","meta":{"footnotes":""},"class_list":["post-15","page","type-page","status-publish","hentry"],"blocksy_meta":[],"_links":{"self":[{"href":"https:\/\/primegloballab.com\/ro\/wp-json\/wp\/v2\/pages\/15","targetHints":{"allow":["GET"]}}],"collection":[{"href":"https:\/\/primegloballab.com\/ro\/wp-json\/wp\/v2\/pages"}],"about":[{"href":"https:\/\/primegloballab.com\/ro\/wp-json\/wp\/v2\/types\/page"}],"author":[{"embeddable":true,"href":"https:\/\/primegloballab.com\/ro\/wp-json\/wp\/v2\/users\/1"}],"replies":[{"embeddable":true,"href":"https:\/\/primegloballab.com\/ro\/wp-json\/wp\/v2\/comments?post=15"}],"version-history":[{"count":2,"href":"https:\/\/primegloballab.com\/ro\/wp-json\/wp\/v2\/pages\/15\/revisions"}],"predecessor-version":[{"id":29235,"href":"https:\/\/primegloballab.com\/ro\/wp-json\/wp\/v2\/pages\/15\/revisions\/29235"}],"wp:attachment":[{"href":"https:\/\/primegloballab.com\/ro\/wp-json\/wp\/v2\/media?parent=15"}],"curies":[{"name":"wp","href":"https:\/\/api.w.org\/{rel}","templated":true}]}}