{"id":24869,"date":"2025-04-13T17:43:28","date_gmt":"2025-04-13T17:43:28","guid":{"rendered":"https:\/\/primegloballab.com\/?post_type=product&#038;p=24869"},"modified":"2025-12-07T08:42:41","modified_gmt":"2025-12-07T08:42:41","slug":"ro5-4864-1-mg-blotters","status":"publish","type":"product","link":"https:\/\/primegloballab.com\/ro\/magazin\/benzodiazepinen\/ro5-4864-1-mg-blotters\/","title":{"rendered":"Ro5-4864 1 MG Blotters"},"content":{"rendered":"<h2><span dir=\"auto\" style=\"vertical-align: inherit;\"><span dir=\"auto\" style=\"vertical-align: inherit;\">Ro5 4864 1 MG Blotters<\/span><\/span><\/h2>\n<p><span dir=\"auto\" style=\"vertical-align: inherit;\"><span dir=\"auto\" style=\"vertical-align: inherit;\">Blotterele Ro5 4864 con\u021bin 1 miligram de substan\u021b\u0103 activ\u0103 (Ro5 4864).<\/span><\/span><\/p>\n<p><span dir=\"auto\" style=\"vertical-align: inherit;\"><span dir=\"auto\" style=\"vertical-align: inherit;\">Ro5-4864 este o substan\u021b\u0103 care este v\u00e2ndut\u0103 numai \u00een scopuri de cercetare \u0219i, prin urmare, nu este destinat\u0103 consumului.<\/span><\/span><\/p>\n<p><span dir=\"auto\" style=\"vertical-align: inherit;\"><span dir=\"auto\" style=\"vertical-align: inherit;\">Ro5-4864 r\u0103m\u00e2ne stabil timp de p\u00e2n\u0103 la 2 ani atunci c\u00e2nd este depozitat \u00een mediul corect. Ro5-4864 <\/span><\/span><a href=\"http:\/\/google.nl\" target=\"_blank\" rel=\"noopener\"><span dir=\"auto\" style=\"vertical-align: inherit;\"><span dir=\"auto\" style=\"vertical-align: inherit;\">este<\/span><\/span><\/a><span dir=\"auto\" style=\"vertical-align: inherit;\"><span dir=\"auto\" style=\"vertical-align: inherit;\"> destinat cercet\u0103rii \u0219i nu consumului uman. Prin urmare, este important s\u0103 depozita\u021bi produsul departe de copiii \u0219i animalele de companie. <\/span><\/span><a title=\"1cP-LSD 150 MCG Blotters de art\u0103\" href=\"https:\/\/primegloballab.com\/shop\/lysergamides\/1cp-lsd-150-mcg\/\" target=\"_blank\" rel=\"noopener\"><span dir=\"auto\" style=\"vertical-align: inherit;\"><span dir=\"auto\" style=\"vertical-align: inherit;\">1cP-LSD 150 MCG Blotters de art\u0103<\/span><\/span><\/a><\/p>\n<p><span dir=\"auto\" style=\"vertical-align: inherit;\"><span dir=\"auto\" style=\"vertical-align: inherit;\">Oferim produse chimice de cercetare de \u00eenalt\u0103 calitate la un pre\u021b corect. Comanda dvs. este livrat\u0103 \u00een fiecare zi \u00een termen de 24 de ore. Comanda <\/span><\/span><em><span dir=\"auto\" style=\"vertical-align: inherit;\"><span dir=\"auto\" style=\"vertical-align: inherit;\">aceste Blotters Ro5-4864<\/span><\/span><\/em><span dir=\"auto\" style=\"vertical-align: inherit;\"><span dir=\"auto\" style=\"vertical-align: inherit;\"> \u00een siguran\u021b\u0103 \u0219i rapid la primegloballab.com!<\/span><\/span><\/p>\n<h3><span data-sheets-value=\"{\" data-sheets-userformat=\"{\"><span dir=\"auto\" style=\"vertical-align: inherit;\"><span dir=\"auto\" style=\"vertical-align: inherit;\">Ro5-4864 propriet\u0103\u021bi<\/span><\/span><\/span><\/h3>\n<p><strong><span dir=\"auto\" style=\"vertical-align: inherit;\"><span dir=\"auto\" style=\"vertical-align: inherit;\">Sinonim:<\/span><\/span><\/strong><span dir=\"auto\" style=\"vertical-align: inherit;\"><span dir=\"auto\" style=\"vertical-align: inherit;\"> 4\u2032-clorodiazepam <\/span><\/span><br \/>\n<strong><span dir=\"auto\" style=\"vertical-align: inherit;\"><span dir=\"auto\" style=\"vertical-align: inherit;\">Num\u0103r CAS:<\/span><\/span><\/strong><span dir=\"auto\" style=\"vertical-align: inherit;\"><span dir=\"auto\" style=\"vertical-align: inherit;\"> 14439-61-3 <\/span><\/span><br \/>\n<strong><span dir=\"auto\" style=\"vertical-align: inherit;\"><span dir=\"auto\" style=\"vertical-align: inherit;\">Formula: <\/span><\/span><\/strong> <span title=\"Carbon\"><span dir=\"auto\" style=\"vertical-align: inherit;\"><span dir=\"auto\" style=\"vertical-align: inherit;\">C <\/span><\/span><\/span><sub><span dir=\"auto\" style=\"vertical-align: inherit;\"><span dir=\"auto\" style=\"vertical-align: inherit;\">16 <\/span><\/span><\/sub><span title=\"Hidrogen\"><span dir=\"auto\" style=\"vertical-align: inherit;\"><span dir=\"auto\" style=\"vertical-align: inherit;\">H <\/span><\/span><\/span><sub><span dir=\"auto\" style=\"vertical-align: inherit;\"><span dir=\"auto\" style=\"vertical-align: inherit;\">12 <\/span><\/span><\/sub><span title=\"Clor\"><span dir=\"auto\" style=\"vertical-align: inherit;\"><span dir=\"auto\" style=\"vertical-align: inherit;\">Cl <\/span><\/span><\/span><sub><span dir=\"auto\" style=\"vertical-align: inherit;\"><span dir=\"auto\" style=\"vertical-align: inherit;\">2 <\/span><\/span><\/sub><span title=\"Azot\"><span dir=\"auto\" style=\"vertical-align: inherit;\"><span dir=\"auto\" style=\"vertical-align: inherit;\">N <\/span><\/span><\/span><sub><span dir=\"auto\" style=\"vertical-align: inherit;\"><span dir=\"auto\" style=\"vertical-align: inherit;\">2 <\/span><\/span><\/sub><span title=\"Oxigen\"><span dir=\"auto\" style=\"vertical-align: inherit;\"><span dir=\"auto\" style=\"vertical-align: inherit;\">O <\/span><\/span><\/span><br \/>\n<strong><span dir=\"auto\" style=\"vertical-align: inherit;\"><span dir=\"auto\" style=\"vertical-align: inherit;\">Masa molar\u0103:<\/span><\/span><\/strong><span dir=\"auto\" style=\"vertical-align: inherit;\"><span dir=\"auto\" style=\"vertical-align: inherit;\"> 319,19 g\/mol <\/span><\/span><br \/>\n<strong><span dir=\"auto\" style=\"vertical-align: inherit;\"><span dir=\"auto\" style=\"vertical-align: inherit;\">Puritate:<\/span><\/span><\/strong><span dir=\"auto\" style=\"vertical-align: inherit;\"><span dir=\"auto\" style=\"vertical-align: inherit;\"> &gt;98%<\/span><\/span><\/p>\n<h3><span dir=\"auto\" style=\"vertical-align: inherit;\"><span dir=\"auto\" style=\"vertical-align: inherit;\">Fraza de pericol<\/span><\/span><\/h3>\n<p><span dir=\"auto\" style=\"vertical-align: inherit;\"><span dir=\"auto\" style=\"vertical-align: inherit;\">Ro5-4864 poate provoca irita\u021bii respiratorii. <\/span><\/span><br \/>\n<span dir=\"auto\" style=\"vertical-align: inherit;\"><span dir=\"auto\" style=\"vertical-align: inherit;\">Ro5-4864 poate provoca iritarea ochilor. <\/span><\/span><br \/>\n<span dir=\"auto\" style=\"vertical-align: inherit;\"><span dir=\"auto\" style=\"vertical-align: inherit;\">Este interzis\u0103 deversarea substan\u021belor chimice de cercetare \u00een mediu.<\/span><\/span><\/p>\n<p><span dir=\"auto\" style=\"vertical-align: inherit;\"><span dir=\"auto\" style=\"vertical-align: inherit;\">Ro5-4864 \u00ceN CAZ DE CONTACT CU OCHII: Cl\u0103ti\u021bi u\u0219or ochii cu ap\u0103 timp de cinci minute. \u00cendep\u0103rta\u021bi lentilele de contact, dac\u0103 sunt prezente \u0219i u\u0219or de f\u0103cut. <\/span><\/span><a title=\"O-DSMT 50mg pelete\" href=\"https:\/\/primegloballab.com\/shop\/pellets\/o-dsmt-50mg-pellets\/\" target=\"_blank\" rel=\"noopener\"><span dir=\"auto\" style=\"vertical-align: inherit;\"><span dir=\"auto\" style=\"vertical-align: inherit;\">O-DSMT 50mg pelete<\/span><\/span><\/a><\/p>\n<p><span dir=\"auto\" style=\"vertical-align: inherit;\"><span dir=\"auto\" style=\"vertical-align: inherit;\">Ro5-4864 \u00ceN CONTACT CU PIELEA: Sp\u0103la\u021bi pielea cu ap\u0103 \u0219i s\u0103pun.<\/span><\/span><\/p>\n<p><span dir=\"auto\" style=\"vertical-align: inherit;\"><span dir=\"auto\" style=\"vertical-align: inherit;\">\u00ceN CAZ DE INHALARE: Scoate\u021bi victima la aer curat \u0219i men\u021bine\u021bi-o \u00eentr-o pozi\u021bie confortabil\u0103 pentru respira\u021bie. <\/span><\/span><a title=\"2C-EF 2mg Capsule\" href=\"https:\/\/primegloballab.com\/shop\/fenethylamine\/2c-ef-2mg-capsules\/\" target=\"_blank\" rel=\"noopener\"><span dir=\"auto\" style=\"vertical-align: inherit;\"><span dir=\"auto\" style=\"vertical-align: inherit;\">2C-EF 2mg Capsule<\/span><\/span><\/a><\/p>","protected":false},"excerpt":{"rendered":"<p>Ro5 4864 1 MG Blotters Ro5 4864 blotters contain 1 milligram of active substance (Ro5-4864). Ro5-4864 is a substance that is only sold for research purposes and is therefore not intended for consumption. Ro5-4864 remains stable for up to 2 years when stored in the correct environment. Ro5-4864 is intended for research purposes and not [&hellip;]<\/p>\n","protected":false},"featured_media":29124,"comment_status":"closed","ping_status":"closed","template":"","meta":[],"product_brand":[82],"product_cat":[76,356],"product_tag":[326,745,746],"class_list":{"0":"post-24869","1":"product","2":"type-product","3":"status-publish","4":"has-post-thumbnail","6":"product_brand-research-chemical","7":"product_cat-benzodiazepinen","8":"product_cat-ro5-4864","9":"product_tag-nl","10":"product_tag-ro5-4864","11":"product_tag-ro5-4864-reddit","13":"first","14":"instock","15":"taxable","16":"shipping-taxable","17":"purchasable","18":"product-type-variable"},"_links":{"self":[{"href":"https:\/\/primegloballab.com\/ro\/wp-json\/wp\/v2\/product\/24869","targetHints":{"allow":["GET"]}}],"collection":[{"href":"https:\/\/primegloballab.com\/ro\/wp-json\/wp\/v2\/product"}],"about":[{"href":"https:\/\/primegloballab.com\/ro\/wp-json\/wp\/v2\/types\/product"}],"replies":[{"embeddable":true,"href":"https:\/\/primegloballab.com\/ro\/wp-json\/wp\/v2\/comments?post=24869"}],"version-history":[{"count":5,"href":"https:\/\/primegloballab.com\/ro\/wp-json\/wp\/v2\/product\/24869\/revisions"}],"predecessor-version":[{"id":27976,"href":"https:\/\/primegloballab.com\/ro\/wp-json\/wp\/v2\/product\/24869\/revisions\/27976"}],"wp:featuredmedia":[{"embeddable":true,"href":"https:\/\/primegloballab.com\/ro\/wp-json\/wp\/v2\/media\/29124"}],"wp:attachment":[{"href":"https:\/\/primegloballab.com\/ro\/wp-json\/wp\/v2\/media?parent=24869"}],"wp:term":[{"taxonomy":"product_brand","embeddable":true,"href":"https:\/\/primegloballab.com\/ro\/wp-json\/wp\/v2\/product_brand?post=24869"},{"taxonomy":"product_cat","embeddable":true,"href":"https:\/\/primegloballab.com\/ro\/wp-json\/wp\/v2\/product_cat?post=24869"},{"taxonomy":"product_tag","embeddable":true,"href":"https:\/\/primegloballab.com\/ro\/wp-json\/wp\/v2\/product_tag?post=24869"}],"curies":[{"name":"wp","href":"https:\/\/api.w.org\/{rel}","templated":true}]}}