{"id":29248,"date":"2025-12-13T20:10:31","date_gmt":"2025-12-13T20:10:31","guid":{"rendered":"https:\/\/primegloballab.com\/?page_id=29248"},"modified":"2025-12-13T20:10:33","modified_gmt":"2025-12-13T20:10:33","slug":"versandinformationen","status":"publish","type":"page","link":"https:\/\/primegloballab.com\/ru\/versandinformationen\/","title":{"rendered":"Versandinformationen"},"content":{"rendered":"<h3 class=\"wp-block-heading\"><strong>Versandgebiete<\/strong><\/h3>\n\n\n\n<p>\u041c\u044b \u043e\u0441\u0443\u0449\u0435\u0441\u0442\u0432\u043b\u044f\u0435\u043c \u043f\u043e\u0441\u0442\u0430\u0432\u043a\u0438 \u0432\u043d\u0443\u0442\u0440\u0438 \u0415\u0421, \u0430 \u0442\u0430\u043a\u0436\u0435 \u0432 \u0434\u0440\u0443\u0433\u0438\u0435 \u0435\u0432\u0440\u043e\u043f\u0435\u0439\u0441\u043a\u0438\u0435 \u0441\u0442\u0440\u0430\u043d\u044b.<\/p>\n\n\n\n<h3 class=\"wp-block-heading\"><strong>Versandarten<\/strong><\/h3>\n\n\n\n<ul class=\"wp-block-list\">\n<li>Zertifizierte Kurierdienste<\/li>\n\n\n\n<li>Gefahrgutkonformer Transport<\/li>\n\n\n\n<li>Sichere, vorschriftsm\u00e4\u00dfige Verpackung<\/li>\n<\/ul>\n\n\n\n<h3 class=\"wp-block-heading\"><strong>Lieferzeiten<\/strong><\/h3>\n\n\n\n<ul class=\"wp-block-list\">\n<li>Standardlieferung: 3\u20137 Werktage<\/li>\n\n\n\n<li>Sonderbestellungen: nach Vereinbarung<\/li>\n<\/ul>\n\n\n\n<h3 class=\"wp-block-heading\"><strong>Dokumentation<\/strong><\/h3>\n\n\n\n<p>Alle Lieferungen enthalten:<\/p>\n\n\n\n<ul class=\"wp-block-list\">\n<li>Sicherheitsdatenbl\u00e4tter (SDS)<\/li>\n\n\n\n<li>Produktkennzeichnungen gem\u00e4\u00df Vorschriften<\/li>\n<\/ul>","protected":false},"excerpt":{"rendered":"<p>Versandgebiete Wir liefern innerhalb der EU sowie in ausgew\u00e4hlte europ\u00e4ische L\u00e4nder. Versandarten Lieferzeiten Dokumentation Alle Lieferungen enthalten:<\/p>","protected":false},"author":1,"featured_media":0,"parent":0,"menu_order":0,"comment_status":"closed","ping_status":"closed","template":"","meta":{"footnotes":""},"class_list":["post-29248","page","type-page","status-publish","hentry"],"blocksy_meta":[],"_links":{"self":[{"href":"https:\/\/primegloballab.com\/ru\/wp-json\/wp\/v2\/pages\/29248","targetHints":{"allow":["GET"]}}],"collection":[{"href":"https:\/\/primegloballab.com\/ru\/wp-json\/wp\/v2\/pages"}],"about":[{"href":"https:\/\/primegloballab.com\/ru\/wp-json\/wp\/v2\/types\/page"}],"author":[{"embeddable":true,"href":"https:\/\/primegloballab.com\/ru\/wp-json\/wp\/v2\/users\/1"}],"replies":[{"embeddable":true,"href":"https:\/\/primegloballab.com\/ru\/wp-json\/wp\/v2\/comments?post=29248"}],"version-history":[{"count":1,"href":"https:\/\/primegloballab.com\/ru\/wp-json\/wp\/v2\/pages\/29248\/revisions"}],"predecessor-version":[{"id":29249,"href":"https:\/\/primegloballab.com\/ru\/wp-json\/wp\/v2\/pages\/29248\/revisions\/29249"}],"wp:attachment":[{"href":"https:\/\/primegloballab.com\/ru\/wp-json\/wp\/v2\/media?parent=29248"}],"curies":[{"name":"wp","href":"https:\/\/api.w.org\/{rel}","templated":true}]}}