{"id":29237,"date":"2025-12-13T20:03:40","date_gmt":"2025-12-13T20:03:40","guid":{"rendered":"https:\/\/primegloballab.com\/?page_id=29237"},"modified":"2025-12-13T20:03:44","modified_gmt":"2025-12-13T20:03:44","slug":"cookie-richtlinie","status":"publish","type":"page","link":"https:\/\/primegloballab.com\/tr\/cookie-richtlinie\/","title":{"rendered":"Cookie-Richtlinie"},"content":{"rendered":"<p>Diese Website verwendet Cookies, um die Benutzerfreundlichkeit zu verbessern und die Leistung der Website zu analysieren.<\/p>\n\n\n\n<h3 class=\"wp-block-heading\"><strong>Was sind Cookies?<\/strong><\/h3>\n\n\n\n<p>Cookies sind kleine Textdateien, die auf Ihrem Endger\u00e4t gespeichert werden.<\/p>\n\n\n\n<h3 class=\"wp-block-heading\"><strong>Arten von Cookies<\/strong><\/h3>\n\n\n\n<ul class=\"wp-block-list\">\n<li><strong>Notwendige Cookies:<\/strong> F\u00fcr den Betrieb der Website erforderlich<\/li>\n\n\n\n<li><strong>Funktionale Cookies:<\/strong> Speichern Benutzerpr\u00e4ferenzen<\/li>\n\n\n\n<li><strong>Analyse-Cookies:<\/strong> Helfen uns, die Nutzung der Website zu verstehen<\/li>\n<\/ul>\n\n\n\n<p>Sie k\u00f6nnen Cookies jederzeit \u00fcber Ihre Browsereinstellungen deaktivieren.<\/p>","protected":false},"excerpt":{"rendered":"<p>Diese Website verwendet Cookies, um die Benutzerfreundlichkeit zu verbessern und die Leistung der Website zu analysieren. Was sind Cookies? Cookies sind kleine Textdateien, die auf Ihrem Endger\u00e4t gespeichert werden. Arten von Cookies Sie k\u00f6nnen Cookies jederzeit \u00fcber Ihre Browsereinstellungen deaktivieren.<\/p>","protected":false},"author":1,"featured_media":0,"parent":0,"menu_order":0,"comment_status":"closed","ping_status":"closed","template":"","meta":{"footnotes":""},"class_list":["post-29237","page","type-page","status-publish","hentry"],"blocksy_meta":[],"_links":{"self":[{"href":"https:\/\/primegloballab.com\/tr\/wp-json\/wp\/v2\/pages\/29237","targetHints":{"allow":["GET"]}}],"collection":[{"href":"https:\/\/primegloballab.com\/tr\/wp-json\/wp\/v2\/pages"}],"about":[{"href":"https:\/\/primegloballab.com\/tr\/wp-json\/wp\/v2\/types\/page"}],"author":[{"embeddable":true,"href":"https:\/\/primegloballab.com\/tr\/wp-json\/wp\/v2\/users\/1"}],"replies":[{"embeddable":true,"href":"https:\/\/primegloballab.com\/tr\/wp-json\/wp\/v2\/comments?post=29237"}],"version-history":[{"count":1,"href":"https:\/\/primegloballab.com\/tr\/wp-json\/wp\/v2\/pages\/29237\/revisions"}],"predecessor-version":[{"id":29238,"href":"https:\/\/primegloballab.com\/tr\/wp-json\/wp\/v2\/pages\/29237\/revisions\/29238"}],"wp:attachment":[{"href":"https:\/\/primegloballab.com\/tr\/wp-json\/wp\/v2\/media?parent=29237"}],"curies":[{"name":"wp","href":"https:\/\/api.w.org\/{rel}","templated":true}]}}