{"id":24271,"date":"2025-04-13T17:41:22","date_gmt":"2025-04-13T17:41:22","guid":{"rendered":"https:\/\/primegloballab.com\/?post_type=product&#038;p=24271"},"modified":"2025-12-08T09:57:35","modified_gmt":"2025-12-08T09:57:35","slug":"bromonordiazepam-25-mg-pellet","status":"publish","type":"product","link":"https:\/\/primegloballab.com\/tr\/magaza\/benzodiazepinler\/bromonordiazepam-25-mg-pellet\/","title":{"rendered":"Bromonordiazepam 2,5 MG Pelet"},"content":{"rendered":"<h2><span data-sheets-value=\"{\" data-sheets-userformat=\"{\">Bromonordiazepam 2,5 MG pellet<br \/>\n<\/span><\/h2>\n<p>Professor.nl \u00fcr\u00fcn yelpazesindeki yeni peletler bunlar! Bu peletler 2,5 MG'lik i\u015f g\u00fcc\u00fc stofundan (Bromonordiazepam 2,5 MG) sorumludur. bromonordiazepam , bromonordiazepam werking , bromonordiazepam drugsforum, bromonordiazepam ervaringen, bromonordiazepam drugsforum<\/p>\n<p><strong>Bu Bromonordiazepam 2,5 MG peletleri \u00f6zg\u00fcn \u00fcr\u00fcnden ve en y\u00fcksek kaliteden farkl\u0131d\u0131r, bu peletler 2,5 miligram aktif stof (bromonordiazepam) i\u00e7erir. Her bir pelet, breeklijn ile yakla\u015f\u0131k 8 MM'lik bir kap\u0131ya sahiptir. Bu bromonordiazepam peletleri, \u00e7ok y\u00f6nl\u00fcl\u00fc\u011f\u00fc garanti etmek i\u00e7in 10 stuks ba\u015f\u0131na geblisterd'dir ve 5 blisterden sonra bir el doosje geleverd'dir.\u00a0<\/strong><\/p>\n<p>Bromonordiazepam sadece ara\u015ft\u0131rma i\u00e7in kullan\u0131lan bir ila\u00e7t\u0131r ve bu nedenle t\u00fcketim i\u00e7in uygun de\u011fildir.<a href=\"https:\/\/primegloballab.com\/shop\/cathinonen\/2-cmc-kopen\/\">2-CMC 250mg pellet<\/a> , ,<a href=\"https:\/\/primegloballab.com\/shop\/pellets\/erextc-homosildenafil-100-mg-pellets\/\">EREXTC Homosildenafil 100 MG Pelet<\/a>\u00a0 ,\u00a0 <a href=\"https:\/\/primegloballab.com\/shop\/verboden\/mdphp-kopen-poeder-freebase\/\">MDPHP Poeder (freebase)<\/a><\/p>\n<p>Bromonordiazepam, sa\u011fl\u0131kl\u0131 bir ortamda kullan\u0131ld\u0131\u011f\u0131nda 2 y\u0131ll\u0131k bir stabiliteye sahiptir. Bromonordiazepam onderzoeksdoeleinden i\u00e7in uygundur ve t\u00fcketim i\u00e7in uygun de\u011fildir. Bu nedenle, \u00fcr\u00fcn\u00fcn \u00e7ocuklarda ve evlerde kullan\u0131lmas\u0131n\u0131n sak\u0131ncal\u0131 oldu\u011fu d\u00fc\u015f\u00fcn\u00fclmektedir.<\/p>\n<p>\u0130yi fiyatlara iyi kalitede ara\u015ft\u0131rma kimyasallar\u0131 sunuyoruz. Sat\u0131\u015f\u0131n\u0131z her g\u00fcn binnen 24 uur verzonden. \u015eimdi en iyisi <em>Bromonordiazepam<\/em> veilig en snel via p<\/p>\n<h2>Wat Bromonordiazepam nedir?<\/h2>\n<p>Bromonordiazepam, benzodiazepinler s\u0131n\u0131f\u0131na dahil olan bir psikoaktif ila\u00e7t\u0131r ve kalmerende en anksiyolitik \u00f6zellikleri nedeniyle gewoonlijk op recept worden gebruikt van hun kalmerende en anxiolytische eigenschappen. Bu, benzodiazepin diazepam\u0131n bir t\u00fcrevidir ve molek\u00fclde bir s\u00fcp\u00fcrgeyle kaplanm\u0131\u015ft\u0131r.<\/p>\n<p>Benzodiazepin olarak bromonordiazepam, merkezi zenuwstelsel kap\u0131s\u0131ndan girerek v\u00fccuttaki GABA resept\u00f6rlerine ba\u011flan\u0131r. Bu, remmende n\u00f6rotransmitter GABA'n\u0131n daha y\u00fcksek aktivitesine yol a\u00e7ar, bu da liken ve geest \u00fczerinde kal\u0131c\u0131 bir etkiye sahiptir. Bromonordiazepam nispeten yeni bir benzodiazepindir ve kanserin misbruik \u00fczerindeki uzun s\u00fcreli etkileri \u00fczerinde olduk\u00e7a etkilidir. T\u0131bbi kullan\u0131m i\u00e7in algemeen voorgeschreven de\u011fildir ve onderzoek i\u00e7in bir kimyasal stof olarak \u00e7ok yayg\u0131n olarak kullan\u0131lmaktad\u0131r.<\/p>\n<p>Bromonordiazepam ve di\u011fer benzodiazepinlerin sentezi en \u00e7ok klandestien laboratuarlarda ger\u00e7ekle\u015fir, ve zuiverheid en veiligheid ervan kunnen niet worden gegarandeerd. Bu t\u00fcr ba\u011flay\u0131c\u0131lar\u0131n medikal a\u00e7\u0131dan kullan\u0131lmas\u0131 ciddi ve potansiyel olarak tehlikeli olabilir.<\/p>\n<h2>Bromonordiazapem nas\u0131l kullan\u0131l\u0131r?<\/h2>\n<p>Bromonordiazepam, benzodiazepin diazepam'\u0131n bir t\u00fcrevidir ve Hoffmann-La Roche ila\u00e7 firmas\u0131 taraf\u0131ndan vijftig voor hetst y\u0131l\u0131nda geli\u015ftirilmi\u015ftir. Diazepam, kalmeringsmiddel olarak kullan\u0131lan ancak a\u015f\u0131r\u0131 doz ve afhankelijkheid riski y\u00fcksek olan en iyi barbit\u00fcratlar\u0131n bir verbeteringi olarak geli\u015ftirilmi\u015ftir.<\/p>\n<p>Diazepam, kalsiyum ve potasyum i\u00e7eri\u011fi nedeniyle resept\u00f6r ilac\u0131 olarak olduk\u00e7a pop\u00fclerdi. <a href=\"http:\/\/google.nl\" target=\"_blank\" rel=\"noopener\">anksiyolitik<\/a> eigenschappen, en werd op de markt gebracht onder de merknaam Valium. \u0130la\u00e7 kullan\u0131m\u0131 1960 ve 1970 y\u0131llar\u0131 aras\u0131nda, anksiyete, slapeloosheid, spierkrampen ve alcoholontwenning gibi rahats\u0131zl\u0131klara yol a\u00e7an bir t\u00fcr skala i\u00e7in yayg\u0131nla\u015ft\u0131.<\/p>\n<p>Diazepam\u0131n pop\u00fclaritesi artt\u0131k\u00e7a, ara\u015ft\u0131rmac\u0131lar i\u015f g\u00fcc\u00fc kayb\u0131n\u0131 azaltmak ve ba\u011f\u0131ml\u0131l\u0131klar\u0131 yok etmek i\u00e7in ilac\u0131n yeni t\u00fcrevlerini sentezlemeye ba\u015flad\u0131lar. Bu t\u00fcrevlerden biri bromazepamd\u0131 ve ge\u00e7ti\u011fimiz y\u0131llarda piyasaya Lexotanil ad\u0131 alt\u0131nda s\u00fcr\u00fcld\u00fc.<\/p>\n<p>Bromonordiazepam, bromazepam'\u0131n bir t\u00fcrevidir ve molek\u00fclde bir s\u00fcp\u00fcrge atomu bulunur. Bromonordiazepam ilk olarak klandestien laboratuvarlar\u0131nda en iyi benzodiazepinverbindingen te wijzigen kap\u0131s\u0131nda gesynthetiseerd edildi ve 2000 y\u0131l\u0131nda yeniden ila\u00e7 olarak kullan\u0131lmaya ba\u015fland\u0131.<\/p>\n<p>Bromonordiazepam ve di\u011fer dizaynerbenzodiazepinlerin sentezi ve da\u011f\u0131t\u0131m\u0131 en uzak \u00fclkelerde yasa d\u0131\u015f\u0131d\u0131r ve bu t\u00fcr ba\u011flay\u0131c\u0131lar\u0131n zuiverheid ve veiligheid'i garanti edilemez. T\u0131bbi bir ortamdan ba\u015fka bir yerde kullan\u0131lmas\u0131 ciddi ve potansiyel olarak tehlikeli olabilir.<\/p>\n<h3><span data-sheets-value=\"{\" data-sheets-userformat=\"{\">Bromonordiazepam eigenschappen<\/span><\/h3>\n<p><strong>Synoniem:<\/strong> Bromonordiazepam<br \/>\n<strong>CAS Nummer:<\/strong> 2894-61-3<br \/>\n<strong>Form\u00fcl:<\/strong> 7-bromo-5-phenyl-1,3-dihydro-1,4-benzodiazepin-2-one<br \/>\n<strong>Molmassa:<\/strong> 315.16464<br \/>\n<strong>Zuiverheid:<\/strong> &gt;99%<\/p>\n<h3>Gevarenaanduiding<\/h3>\n<p>Bromonordiazepam tahri\u015fe neden olabilir<br \/>\nBromonordiazepam genital b\u00f6lgede tahri\u015fe neden olabilir.<br \/>\nOrtamda kimyasallar\u0131n ara\u015ft\u0131r\u0131lmas\u0131 gereklidir.<\/p>\n<p>Bromonordiazepam YUMURTA \u0130LE TEMAS HAL\u0130NDE: Yumurtan\u0131n su ile voorzichtig af gedurende vijf minuten. \u0130htiya\u00e7 duydu\u011funuzda temas\u0131 kesin.<\/p>\n<p>Bromonordiazepam H\u00dcCRE \u0130LE TEMAS HAL\u0130NDE: H\u00fccredeyken su ve zeep ile temas etti.<\/p>\n<p>NA INADEMING VAN Bromonordiazepam: slachtoffer'\u0131 frisse buitenlucht'a brengleyin ve slachtoffer'\u0131 ademen makkelijk maakt die een houding staan'da b\u0131rak\u0131n.<\/p>","protected":false},"excerpt":{"rendered":"<p>Bromonordiazepam 2,5 MG pellets Dit zijn de nieuwste pellets in het assortiment van Professor.nl! Deze pellets zijn voorzien van 2,5 MG werkzame stof (Bromonordiazepam 2,5 MG). bromonordiazepam , bromonordiazepam werking , bromonordiazepam drugsforum, bromonordiazepam ervaringen, bromonordiazepam drugsforum Deze Bromonordiazepam 2,5 MG pellets zijn afkomstig van eigen productie en van de hoogste kwaliteit, deze pellets bevatten [&hellip;]<\/p>\n","protected":false},"featured_media":29129,"comment_status":"closed","ping_status":"closed","template":"","meta":[],"product_brand":[82],"product_cat":[76,385,390,324],"product_tag":[185,326],"class_list":{"0":"post-24271","1":"product","2":"type-product","3":"status-publish","4":"has-post-thumbnail","6":"product_brand-research-chemical","7":"product_cat-benzodiazepinen","8":"product_cat-bromonordiazepam","9":"product_cat-bromonordiazepam-pellets","10":"product_cat-pellets-for-pellet","11":"product_tag-bromonordiazepam","12":"product_tag-nl","14":"first","15":"instock","16":"taxable","17":"shipping-taxable","18":"purchasable","19":"product-type-variable"},"_links":{"self":[{"href":"https:\/\/primegloballab.com\/tr\/wp-json\/wp\/v2\/product\/24271","targetHints":{"allow":["GET"]}}],"collection":[{"href":"https:\/\/primegloballab.com\/tr\/wp-json\/wp\/v2\/product"}],"about":[{"href":"https:\/\/primegloballab.com\/tr\/wp-json\/wp\/v2\/types\/product"}],"replies":[{"embeddable":true,"href":"https:\/\/primegloballab.com\/tr\/wp-json\/wp\/v2\/comments?post=24271"}],"version-history":[{"count":3,"href":"https:\/\/primegloballab.com\/tr\/wp-json\/wp\/v2\/product\/24271\/revisions"}],"predecessor-version":[{"id":25303,"href":"https:\/\/primegloballab.com\/tr\/wp-json\/wp\/v2\/product\/24271\/revisions\/25303"}],"wp:featuredmedia":[{"embeddable":true,"href":"https:\/\/primegloballab.com\/tr\/wp-json\/wp\/v2\/media\/29129"}],"wp:attachment":[{"href":"https:\/\/primegloballab.com\/tr\/wp-json\/wp\/v2\/media?parent=24271"}],"wp:term":[{"taxonomy":"product_brand","embeddable":true,"href":"https:\/\/primegloballab.com\/tr\/wp-json\/wp\/v2\/product_brand?post=24271"},{"taxonomy":"product_cat","embeddable":true,"href":"https:\/\/primegloballab.com\/tr\/wp-json\/wp\/v2\/product_cat?post=24271"},{"taxonomy":"product_tag","embeddable":true,"href":"https:\/\/primegloballab.com\/tr\/wp-json\/wp\/v2\/product_tag?post=24271"}],"curies":[{"name":"wp","href":"https:\/\/api.w.org\/{rel}","templated":true}]}}