{"id":26112,"date":"2025-05-01T01:20:16","date_gmt":"2025-05-01T01:20:16","guid":{"rendered":"https:\/\/primegloballab.com\/?post_type=product&#038;p=26112"},"modified":"2025-12-07T07:41:45","modified_gmt":"2025-12-07T07:41:45","slug":"caluanie-muelear-oxidize","status":"publish","type":"product","link":"https:\/\/primegloballab.com\/tr\/magaza\/kategorilenmemis\/caluanie-muelear-oxidize\/","title":{"rendered":"Caluanie Muelear Oksitlenme"},"content":{"rendered":"<p class=\"\" data-start=\"268\" data-end=\"544\"><strong data-start=\"268\" data-end=\"296\">Caluanie Muelear Oksitlenme<\/strong> is een krachtige <strong data-start=\"314\" data-end=\"337\">chemische reagentia<\/strong> die vooral bekend staat om zijn vermogen om <strong data-start=\"382\" data-end=\"427\">sterke metalen en materialen af te breken<\/strong>. Het wordt veel gebruikt in de <strong data-start=\"459\" data-end=\"541\">end\u00fcstri\u0307 sekt\u00f6r\u00fc, metaalkunde, laboratoriumonderzoek ve mijnbouwtoepassingen<\/strong>. caluanie muelear oxidize, caluanie muelear oxidize fiyat\u0131 abd, caluanie muelear oxidize usa, caluanie muelear oxidize fiyat\u0131, caluanie muelear oxidize \u00fcreticisi abd, caluanie muelear oxidize sat\u0131l\u0131k<\/p>\n<p class=\"\" data-start=\"546\" data-end=\"822\">Y\u00fcksek viskozite ve kehribar rengi ile bu vloeistof, g\u00fcnl\u00fck ya\u015fam\u0131n\u0131z i\u00e7in \u00e7ok \u00f6nemlidir. <strong data-start=\"644\" data-end=\"672\">oksidatif \u00f6zg\u00fcll\u00fckler<\/strong>. Tek kimyasal \u00f6rnekleme sayesinde, sert malzemelerdeki Caluanie molek\u00fcler verbindingen, bu zachter veya broos worden'in i\u00e7ine girebilir.<a href=\"https:\/\/primegloballab.com\/shop\/top-10-research-chemicals\/3-cmc-hcl\/\">3-CMC HCl zakje 1gr<\/a><\/p>\n<hr class=\"\" data-start=\"824\" data-end=\"827\" \/>\n<h2 class=\"\" data-start=\"829\" data-end=\"862\">\u2699\ufe0f Belangrijkste Eigenschappen<\/h2>\n<ul data-start=\"864\" data-end=\"1189\">\n<li class=\"\" data-start=\"864\" data-end=\"918\">\n<p class=\"\" data-start=\"866\" data-end=\"918\"><strong data-start=\"866\" data-end=\"885\">Kimyasal form:<\/strong> Dikke, kehribar rengi vloeistof<\/p>\n<\/li>\n<li class=\"\" data-start=\"919\" data-end=\"1018\">\n<p class=\"\" data-start=\"921\" data-end=\"1018\"><strong data-start=\"921\" data-end=\"943\">Hoofdtoepassingen:<\/strong> Metaalverwerking, materiaalafbraak, mijnbouw, wetenschappelijk onderzoek<\/p>\n<\/li>\n<li class=\"\" data-start=\"1019\" data-end=\"1071\">\n<p class=\"\" data-start=\"1021\" data-end=\"1071\"><strong data-start=\"1021\" data-end=\"1038\">Yeniden etkinle\u015ftirin:<\/strong> Zeer krachtig oxiderend middel<\/p>\n<\/li>\n<li class=\"\" data-start=\"1072\" data-end=\"1129\">\n<p class=\"\" data-start=\"1074\" data-end=\"1129\"><strong data-start=\"1074\" data-end=\"1085\">Gevaar:<\/strong> Gen\u00e7 kullan\u0131m i\u00e7in iyi ve g\u00fcvenilir<\/p>\n<\/li>\n<li class=\"\" data-start=\"1130\" data-end=\"1189\">\n<p class=\"\" data-start=\"1132\" data-end=\"1189\"><strong data-start=\"1132\" data-end=\"1147\">Verpakking:<\/strong> Parlak ve lekeli, ta\u015f\u0131maya uygun, <a href=\"https:\/\/primegloballab.com\/shop\/weegschalen\/digitale-bio-mini-weegschaal\/\">Digitale Bio Mini-Weegschaal - 20g x 0.001g<\/a><\/p>\n<\/li>\n<\/ul>\n<hr class=\"\" data-start=\"1191\" data-end=\"1194\" \/>\n<h2 class=\"\" data-start=\"1196\" data-end=\"1243\">\ud83d\udcbc Toepassingen van Caluanie Muelear Oxidize<\/h2>\n<h3 class=\"\" data-start=\"1245\" data-end=\"1287\">1. <strong data-start=\"1252\" data-end=\"1285\">Metaalverwerking en Recycling<\/strong><\/h3>\n<p class=\"\" data-start=\"1288\" data-end=\"1468\">Caluanie wordt ingezet om harde metalen zoals ijzer en staal <strong data-start=\"1349\" data-end=\"1386\">zachter te maken of te verzwakken<\/strong>, Verwerkingsproces aanzienlijk eenvoudiger maakt zonder zware apparatuur. <a href=\"https:\/\/primegloballab.com\/shop\/top-10-research-chemicals\/pyrazolam-werking\/\">Pyrazolam 2,5 MG Pelet<\/a><\/p>\n<h3 class=\"\" data-start=\"1470\" data-end=\"1514\">2. <strong data-start=\"1477\" data-end=\"1512\">Mijnbouw en Edelmetaalextractie<\/strong><\/h3>\n<p class=\"\" data-start=\"1515\" data-end=\"1665\">K\u00fc\u00e7\u00fck i\u015fletmelerde Caluanie \u015fu ama\u00e7larla kullan\u0131l\u0131r <strong data-start=\"1570\" data-end=\"1593\">ertsen af te breken<\/strong> ve platina gibi metallerin daha verimli bir \u015fekilde \u00e7\u0131kar\u0131lmas\u0131n\u0131 sa\u011flar.<\/p>\n<h3 class=\"\" data-start=\"1667\" data-end=\"1701\">3. <strong data-start=\"1674\" data-end=\"1699\">Laboratuvar Ara\u015ft\u0131rmalar\u0131<\/strong><\/h3>\n<p class=\"\" data-start=\"1702\" data-end=\"1834\">Onderzoeksinstellingen wordt het toegepast bij <strong data-start=\"1752\" data-end=\"1779\">materiaalafbraakproeven<\/strong> en <strong data-start=\"1783\" data-end=\"1802\">oksi\u0307dati \u00e7ali\u015fmalari<\/strong> in de chemie en materiaalkunde.<\/p>\n<h3 class=\"\" data-start=\"1836\" data-end=\"1872\">4. <strong data-start=\"1843\" data-end=\"1870\">Verf- en harsverwerking<\/strong><\/h3>\n<p class=\"\" data-start=\"1873\" data-end=\"2033\">Daha d\u00fc\u015f\u00fck konsantrasyonlarda Caluanie a\u015fa\u011f\u0131daki ama\u00e7larla kullan\u0131labilir <strong data-start=\"1935\" data-end=\"1975\">end\u00fcstri\u0307yel kaplamalarin veri\u0307lmesi\u0307<\/strong>, uzmanl\u0131k alanlar\u0131ndaki polimerlerin ta\u015f\u0131nmas\u0131.<\/p>\n<hr class=\"\" data-start=\"2035\" data-end=\"2038\" \/>\n<h2 class=\"\" data-start=\"2040\" data-end=\"2068\">\u26a0\ufe0f Veiligheidsmaatregelen<\/h2>\n<p class=\"\" data-start=\"2070\" data-end=\"2185\">Caluanie Muelear Oxidize bir \u00fcr\u00fcnd\u00fcr <strong data-start=\"2102\" data-end=\"2132\">g\u00fc\u00e7l\u00fc ve tepki\u0307li\u0307 stof<\/strong>. Bu kullan\u0131m, \u00e7arp\u0131c\u0131 bir veiligheidsprotocollen'e yol a\u00e7m\u0131\u015ft\u0131r:<\/p>\n<ul data-start=\"2187\" data-end=\"2535\">\n<li class=\"\" data-start=\"2187\" data-end=\"2261\">\n<p class=\"\" data-start=\"2189\" data-end=\"2261\">Draag altijd <strong data-start=\"2202\" data-end=\"2259\">handschoenen, veiligheidsbril en beschermende kleding<\/strong><\/p>\n<\/li>\n<li class=\"\" data-start=\"2262\" data-end=\"2334\">\n<p class=\"\" data-start=\"2264\" data-end=\"2334\">Alleen gebruiken in goed geventileerde ruimtes of onder een zuurkast<\/p>\n<\/li>\n<li class=\"\" data-start=\"2335\" data-end=\"2397\">\n<p class=\"\" data-start=\"2337\" data-end=\"2397\">\u00d6zel olarak al\u0131nmam\u0131\u015f di\u011fer kimyasallarla kar\u0131\u015fmaz<\/p>\n<\/li>\n<li class=\"\" data-start=\"2398\" data-end=\"2454\">\n<p class=\"\" data-start=\"2400\" data-end=\"2454\">Ver buiten bereik van kinderen en onbevoegden houden<\/p>\n<\/li>\n<li class=\"\" data-start=\"2455\" data-end=\"2535\">\n<p class=\"\" data-start=\"2457\" data-end=\"2535\">Opslag op een koele, droge en veilige plek in chemisch bestendige verpakkingen <a href=\"https:\/\/primegloballab.com\/shop\/weegschalen\/digitale-tank-mini-weegschaal\/\">Digitale Tank Mini-Weegschaal - 20g x 0.001g<\/a><\/p>\n<\/li>\n<\/ul>\n<hr class=\"\" data-start=\"2537\" data-end=\"2540\" \/>\n<h2 class=\"\" data-start=\"2542\" data-end=\"2601\">\u2705 Betrouwbare Leverancier'de Hangi Kaluanie Kopar?<\/h2>\n<p class=\"\" data-start=\"2603\" data-end=\"2729\">Als je op zoek bent naar <strong data-start=\"2628\" data-end=\"2671\">zuivere, end\u00fcstri\u0307yel kwaliteit Caluanie<\/strong>, Bu y\u00fczden bir kald\u0131ra\u00e7\u00e7\u0131n\u0131n \u00f6lmesi \u00e7ok \u00f6nemlidir:<\/p>\n<ul data-start=\"2731\" data-end=\"2973\">\n<li class=\"\" data-start=\"2731\" data-end=\"2793\">\n<p class=\"\" data-start=\"2733\" data-end=\"2793\"><strong data-start=\"2733\" data-end=\"2755\">Laboratuvar testleri<\/strong> en zuiverheidscertificaten aanbiedt<\/p>\n<\/li>\n<li class=\"\" data-start=\"2794\" data-end=\"2843\">\n<p class=\"\" data-start=\"2796\" data-end=\"2843\"><strong data-start=\"2796\" data-end=\"2830\">\u00d6rt\u00fcl\u00fc ve ayr\u0131k ambalajlama<\/strong> garandeert<\/p>\n<\/li>\n<li class=\"\" data-start=\"2844\" data-end=\"2908\">\n<p class=\"\" data-start=\"2846\" data-end=\"2908\"><strong data-start=\"2846\" data-end=\"2877\">Snel en verzekerd transport<\/strong> binnen Europa mogelijk maakt<\/p>\n<\/li>\n<li class=\"\" data-start=\"2909\" data-end=\"2973\">\n<p class=\"\" data-start=\"2911\" data-end=\"2973\"><strong data-start=\"2911\" data-end=\"2939\">Teknik destek<\/strong> kullan\u0131m ve ge\u00e7i\u015f i\u00e7in sa\u011flanm\u0131\u015ft\u0131r<\/p>\n<\/li>\n<\/ul>\n<hr class=\"\" data-start=\"2975\" data-end=\"2978\" \/>\n<h2 class=\"\" data-start=\"2980\" data-end=\"2995\">\ud83d\udd1a Sonu\u00e7<\/h2>\n<p class=\"\" data-start=\"2997\" data-end=\"3265\"><strong data-start=\"2997\" data-end=\"3025\">Caluanie Muelear Oksitlenme<\/strong> end\u00fcstriyel ve ya\u015famsal uygulamalara y\u00f6nelik geni\u015f bir bak\u0131\u015f a\u00e7\u0131s\u0131na sahip tek ve keskin bir vloeistoftur. Malzeme ve malzeme tedarikinin verimlili\u011fi, do\u011fru ve ger\u00e7ek\u00e7i bir \u015fekilde kullan\u0131ld\u0131\u011f\u0131nda kolayca geli\u015ftirilebilir.<\/p>\n<p class=\"\" data-start=\"3267\" data-end=\"3398\">Profesyoneller i\u00e7in <strong data-start=\"3289\" data-end=\"3322\">kimya, geri d\u00f6n\u00fc\u015f\u00fcm mijnbouw<\/strong> Caluanie, \u00fcretim s\u00fcre\u00e7lerinde \u00f6nemli bir rol oynamaktad\u0131r. <a href=\"https:\/\/primegloballab.com\/shop\/weegschalen\/digitale-cs-weegschaal\/\">Digitale CS Weegschaal - 100g x 0.01g<\/a><\/p>","protected":false},"excerpt":{"rendered":"<p>Caluanie Muelear Oxidize is een krachtige chemische reagentia die vooral bekend staat om zijn vermogen om sterke metalen en materialen af te breken. Het wordt veel gebruikt in de industri\u00eble sector, metaalkunde, laboratoriumonderzoek en mijnbouwtoepassingen. caluanie muelear oxidize\u200b, caluanie muelear oxidize price in usa\u200b, caluanie muelear oxidize usa\u200b, caluanie muelear oxidize price\u200b, caluanie muelear oxidize [&hellip;]<\/p>\n","protected":false},"featured_media":29007,"comment_status":"open","ping_status":"closed","template":"","meta":[],"product_brand":[82],"product_cat":[1085],"product_tag":[905,897,904,902,903,901,906,900,907,898,899],"class_list":{"0":"post-26112","1":"product","2":"type-product","3":"status-publish","4":"has-post-thumbnail","6":"product_brand-research-chemical","7":"product_cat-okategoriserad","8":"product_tag-buy-caluanie-muelear-oxidize-online","9":"product_tag-caluanie-muelear-oxidize","10":"product_tag-caluanie-muelear-oxidize-deutschland","11":"product_tag-caluanie-muelear-oxidize-for-sale","12":"product_tag-caluanie-muelear-oxidize-kaufen","13":"product_tag-caluanie-muelear-oxidize-manufacturer-in-usa","14":"product_tag-caluanie-muelear-oxidize-pasteurize","15":"product_tag-caluanie-muelear-oxidize-price","16":"product_tag-caluanie-muelear-oxidize-price-in-india","17":"product_tag-caluanie-muelear-oxidize-price-in-usa","18":"product_tag-caluanie-muelear-oxidize-usa","20":"first","21":"instock","22":"taxable","23":"shipping-taxable","24":"purchasable","25":"product-type-simple"},"_links":{"self":[{"href":"https:\/\/primegloballab.com\/tr\/wp-json\/wp\/v2\/product\/26112","targetHints":{"allow":["GET"]}}],"collection":[{"href":"https:\/\/primegloballab.com\/tr\/wp-json\/wp\/v2\/product"}],"about":[{"href":"https:\/\/primegloballab.com\/tr\/wp-json\/wp\/v2\/types\/product"}],"replies":[{"embeddable":true,"href":"https:\/\/primegloballab.com\/tr\/wp-json\/wp\/v2\/comments?post=26112"}],"version-history":[{"count":2,"href":"https:\/\/primegloballab.com\/tr\/wp-json\/wp\/v2\/product\/26112\/revisions"}],"predecessor-version":[{"id":26116,"href":"https:\/\/primegloballab.com\/tr\/wp-json\/wp\/v2\/product\/26112\/revisions\/26116"}],"wp:featuredmedia":[{"embeddable":true,"href":"https:\/\/primegloballab.com\/tr\/wp-json\/wp\/v2\/media\/29007"}],"wp:attachment":[{"href":"https:\/\/primegloballab.com\/tr\/wp-json\/wp\/v2\/media?parent=26112"}],"wp:term":[{"taxonomy":"product_brand","embeddable":true,"href":"https:\/\/primegloballab.com\/tr\/wp-json\/wp\/v2\/product_brand?post=26112"},{"taxonomy":"product_cat","embeddable":true,"href":"https:\/\/primegloballab.com\/tr\/wp-json\/wp\/v2\/product_cat?post=26112"},{"taxonomy":"product_tag","embeddable":true,"href":"https:\/\/primegloballab.com\/tr\/wp-json\/wp\/v2\/product_tag?post=26112"}],"curies":[{"name":"wp","href":"https:\/\/api.w.org\/{rel}","templated":true}]}}