{"id":15,"date":"2024-03-22T12:32:07","date_gmt":"2024-03-22T12:32:07","guid":{"rendered":"https:\/\/dummy.xtemos.com\/woodmart2\/pills-elementor\/?page_id=15"},"modified":"2025-12-13T20:01:55","modified_gmt":"2025-12-13T20:01:55","slug":"about-us","status":"publish","type":"page","link":"https:\/\/primegloballab.com\/uk\/about-us\/","title":{"rendered":"\u041f\u0440\u043e \u043d\u0430\u0441"},"content":{"rendered":"<p data-start=\"3336\" data-end=\"3586\">Prime Global Laboratory ist ein europ\u00e4isch ausgerichteter Anbieter hochwertiger Forschungskemikalien.<br data-start=\"3437\" data-end=\"3440\" \/>Unser Ziel ist es, Wissenschaftler, Labore und Industriepartner mit <strong data-start=\"3508\" data-end=\"3569\">pr\u00e4zise gepr\u00fcften und zuverl\u00e4ssig gelieferten Materialien<\/strong> zu unterst\u00fctzen.<\/p>\n<p data-start=\"3588\" data-end=\"3713\">Wir verbinden wissenschaftliche Genauigkeit mit exzellentem Kundenservice, um Innovation und Forschung nachhaltig zu f\u00f6rdern.<\/p>\n<p data-start=\"3715\" data-end=\"3732\"><strong data-start=\"3715\" data-end=\"3732\">Unsere Werte:<\/strong><\/p>\n<ul data-start=\"3733\" data-end=\"3814\">\n<li data-start=\"3733\" data-end=\"3745\">\n<p data-start=\"3735\" data-end=\"3745\">Qualit\u00e4t<\/p>\n<\/li>\n<li data-start=\"3746\" data-end=\"3760\">\n<p data-start=\"3748\" data-end=\"3760\">Sicherheit<\/p>\n<\/li>\n<li data-start=\"3761\" data-end=\"3776\">\n<p data-start=\"3763\" data-end=\"3776\">Transparenz<\/p>\n<\/li>\n<li data-start=\"3777\" data-end=\"3796\">\n<p data-start=\"3779\" data-end=\"3796\">Verl\u00e4sslichkeit<\/p>\n<\/li>\n<li data-start=\"3797\" data-end=\"3814\">\n<p data-start=\"3799\" data-end=\"3814\">Partnerschaft<\/p>\n<\/li>\n<\/ul>\n<p><img fetchpriority=\"high\" decoding=\"async\" src=\"https:\/\/primegloballab.com\/wp-content\/uploads\/2024\/03\/w-pas-video-placehollder-min-1.jpg\" alt=\"\" width=\"1720\" height=\"800\" title=\"\"><\/p>\n<h4>Company Values<\/h4>\n<p>The best vitamins and supplements are often backed by scientific research and manufactured by reputable companies. They can play a valuable role in filling nutritional gaps and supporting optimal health when used as part of a balanced lifestyle.<\/p>\n<h4 class=\"info-box-title title box-title-style-default wd-fontsize-xl\" data-elementor-setting-key=\"title\">Focus on the Consumer<\/h4>\n<p>Anyway, you still use Lorem Ipsum and rightly so, as it will always have a place in the web workers toolbox, as things happen, not always the way you like it, not always in the preferred order. Even if your less into design and more into content strategy you may.<\/p>\n<h4 class=\"info-box-title title box-title-style-default wd-fontsize-xl\" data-elementor-setting-key=\"title\">Maintain the Highest Standards<\/h4>\n<p>No typography, no colors, no layout, no styles, all those things that convey the important signals that go beyond the mere textual, hierarchies of information, weight, emphasis, oblique stresses, priorities, all those subtle cues that also have visual.<\/p>\n<h4 class=\"info-box-title title box-title-style-default wd-fontsize-xl\" data-elementor-setting-key=\"title\">Continuous Improvement<\/h4>\n<p>That\u2019s not so bad, there\u2019s dummy copy to the rescue. But worse, what if the fish doesn\u2019t fit in the can, the foot\u2019s to big for the boot? Or to small? To short sentences, to many headings, images too large for the proposed design, or too small.<\/p>\n<h4 class=\"info-box-title title box-title-style-default wd-fontsize-xl\" data-elementor-setting-key=\"title\">Consumer Confidence<\/h4>\n<p>The best vitamins and supplements are often backed by scientific research and manufactured by reputable companies. They can play a valuable role in filling nutritional gaps and supporting optimal health when used as part of a balanced lifestyle.<\/p>\n<h4>\u041f\u043e\u0448\u0438\u0440\u0435\u043d\u0456 \u0437\u0430\u043f\u0438\u0442\u0430\u043d\u043d\u044f<\/h4>\n<p>How does my subscription work?<\/p>\n<p>A seemingly elegant design can quickly begin to bloat with unexpected content or break under the weight of actual activity. Fake data can ensure a nice looking layout but it doesn\u2019t reflect what a living, breathing application must endure. Real data does.<\/p>\n<p>How do I edit what&#8217;s in my plan?<\/p>\n<p>Websites in professional use templating systems. Commercial publishing platforms and content management systems ensure that you can show different text, different data using the same template. When it\u2019s about controlling hundreds of articles, product pages for web shops.<\/p>\n<p>It&#8217;s been a while since I took the quiz. Can I get a new recommendation?<\/p>\n<p>Websites in professional use templating systems. Commercial publishing platforms and content management systems ensure that you can show different text, different data using the same template. When it\u2019s about controlling hundreds of articles, product pages for web shops.<\/p>\n<p>It&#8217;s been a while since I took the quiz. Can I get a new recommendation?<\/p>\n<p>Websites in professional use templating systems. Commercial publishing platforms and content management systems ensure that you can show different text, different data using the same template. When it\u2019s about controlling hundreds of articles, product pages for web shops.<\/p>\n<p>My order hasn&#8217;t arrived yet. Where is it?<\/p>\n<p>If the copy becomes distracting in the design then you are doing something wrong or they are discussing copy changes. It might be a bit annoying but you could tell them that that discussion would be best suited for another time. At worst the discussion is at least working towards the final goal of your site where questions about lorem ipsum don\u2019t.<\/p>\n<p>Do you deliver on public holidays?<\/p>\n<p>A seemingly elegant design can quickly begin to bloat with unexpected content or break under the weight of actual activity. Fake data can ensure a nice looking layout but it doesn\u2019t reflect what a living, breathing application must endure. Real data does.<\/p>\n<p>Is next-day delivery available on all orders?<\/p>\n<p>If the copy becomes distracting in the design then you are doing something wrong or they are discussing copy changes. It might be a bit annoying but you could tell them that that discussion would be best suited for another time. At worst the discussion is at least working towards the final goal of your site where questions about lorem ipsum don\u2019t.<\/p>\n<p>Do I need to be there to sign for delivery?<\/p>\n<p>A seemingly elegant design can quickly begin to bloat with unexpected content or break under the weight of actual activity. Fake data can ensure a nice looking layout but it doesn\u2019t reflect what a living, breathing application must endure. Real data does.<\/p>","protected":false},"excerpt":{"rendered":"<p>Prime Global Laboratory ist ein europ\u00e4isch ausgerichteter Anbieter hochwertiger Forschungskemikalien.Unser Ziel ist es, Wissenschaftler, Labore und Industriepartner mit pr\u00e4zise gepr\u00fcften und zuverl\u00e4ssig gelieferten Materialien zu unterst\u00fctzen. Wir verbinden wissenschaftliche Genauigkeit mit exzellentem Kundenservice, um Innovation und Forschung nachhaltig zu f\u00f6rdern. Unsere Werte: Qualit\u00e4t Sicherheit Transparenz Verl\u00e4sslichkeit Partnerschaft Company Values The best vitamins and supplements are [&hellip;]<\/p>\n","protected":false},"author":1,"featured_media":0,"parent":0,"menu_order":0,"comment_status":"closed","ping_status":"closed","template":"","meta":{"footnotes":""},"class_list":["post-15","page","type-page","status-publish","hentry"],"blocksy_meta":[],"_links":{"self":[{"href":"https:\/\/primegloballab.com\/uk\/wp-json\/wp\/v2\/pages\/15","targetHints":{"allow":["GET"]}}],"collection":[{"href":"https:\/\/primegloballab.com\/uk\/wp-json\/wp\/v2\/pages"}],"about":[{"href":"https:\/\/primegloballab.com\/uk\/wp-json\/wp\/v2\/types\/page"}],"author":[{"embeddable":true,"href":"https:\/\/primegloballab.com\/uk\/wp-json\/wp\/v2\/users\/1"}],"replies":[{"embeddable":true,"href":"https:\/\/primegloballab.com\/uk\/wp-json\/wp\/v2\/comments?post=15"}],"version-history":[{"count":2,"href":"https:\/\/primegloballab.com\/uk\/wp-json\/wp\/v2\/pages\/15\/revisions"}],"predecessor-version":[{"id":29235,"href":"https:\/\/primegloballab.com\/uk\/wp-json\/wp\/v2\/pages\/15\/revisions\/29235"}],"wp:attachment":[{"href":"https:\/\/primegloballab.com\/uk\/wp-json\/wp\/v2\/media?parent=15"}],"curies":[{"name":"wp","href":"https:\/\/api.w.org\/{rel}","templated":true}]}}