{"id":29239,"date":"2025-12-13T20:05:41","date_gmt":"2025-12-13T20:05:41","guid":{"rendered":"https:\/\/primegloballab.com\/?page_id=29239"},"modified":"2025-12-13T20:05:43","modified_gmt":"2025-12-13T20:05:43","slug":"allgemeine-geschaftsbedingungen-3","status":"publish","type":"page","link":"https:\/\/primegloballab.com\/uk\/allgemeine-geschaftsbedingungen-3\/","title":{"rendered":"\u0417\u0430\u0433\u0430\u043b\u044c\u043d\u0456 \u0443\u043c\u043e\u0432\u0438 \u0434\u0456\u044f\u043b\u044c\u043d\u043e\u0441\u0442\u0456"},"content":{"rendered":"\n<p><strong>Letzte Aktualisierung: [Datum einf\u00fcgen]<\/strong><\/p>\n\n\n\n<h3 class=\"wp-block-heading\"><strong>1. Geltungsbereich<\/strong><\/h3>\n\n\n\n<p>Diese Bedingungen gelten f\u00fcr alle Bestellungen und Dienstleistungen von Prime Global Laboratory.<\/p>\n\n\n\n<h3 class=\"wp-block-heading\"><strong>2. Zielgruppe<\/strong><\/h3>\n\n\n\n<p>Unsere Produkte sind ausschlie\u00dflich f\u00fcr <strong>professionelle, wissenschaftliche, industrielle und Forschungszwecke<\/strong> bestimmt.<br>Eine Nutzung f\u00fcr medizinische, private oder nicht genehmigte Zwecke ist untersagt.<\/p>\n\n\n\n<h3 class=\"wp-block-heading\"><strong>3. Bestellungen<\/strong><\/h3>\n\n\n\n<p>Bestellungen gelten erst nach schriftlicher Best\u00e4tigung als angenommen.<br>Wir behalten uns das Recht vor, Bestellungen ohne Angabe von Gr\u00fcnden abzulehnen.<\/p>\n\n\n\n<h3 class=\"wp-block-heading\"><strong>4. Preise &amp; Zahlung<\/strong><\/h3>\n\n\n\n<p>Alle Preise verstehen sich in <strong>[W\u00e4hrung]<\/strong> zuz\u00fcglich ggf. Steuern und Versandkosten.<\/p>\n\n\n\n<h3 class=\"wp-block-heading\"><strong>5. Haftung<\/strong><\/h3>\n\n\n\n<p>Prime Global Laboratory \u00fcbernimmt keine Haftung f\u00fcr unsachgem\u00e4\u00dfe Verwendung oder Lagerung der gelieferten Produkte.<\/p>\n\n\n\n<h3 class=\"wp-block-heading\"><strong>6. Anwendbares Recht<\/strong><\/h3>\n\n\n\n<p>Es gilt das Recht von info@primegloballab.com<\/p>\n","protected":false},"excerpt":{"rendered":"<p>Letzte Aktualisierung: [Datum einf\u00fcgen] 1. Geltungsbereich Diese Bedingungen gelten f\u00fcr alle Bestellungen und Dienstleistungen von Prime Global Laboratory. 2. Zielgruppe Unsere Produkte sind ausschlie\u00dflich f\u00fcr professionelle, wissenschaftliche, industrielle und Forschungszwecke bestimmt.Eine Nutzung f\u00fcr medizinische, private oder nicht genehmigte Zwecke ist untersagt. 3. Bestellungen Bestellungen gelten erst nach schriftlicher Best\u00e4tigung als angenommen.Wir behalten uns das Recht [&hellip;]<\/p>\n","protected":false},"author":1,"featured_media":0,"parent":0,"menu_order":0,"comment_status":"closed","ping_status":"closed","template":"","meta":{"footnotes":""},"class_list":["post-29239","page","type-page","status-publish","hentry"],"blocksy_meta":[],"_links":{"self":[{"href":"https:\/\/primegloballab.com\/uk\/wp-json\/wp\/v2\/pages\/29239","targetHints":{"allow":["GET"]}}],"collection":[{"href":"https:\/\/primegloballab.com\/uk\/wp-json\/wp\/v2\/pages"}],"about":[{"href":"https:\/\/primegloballab.com\/uk\/wp-json\/wp\/v2\/types\/page"}],"author":[{"embeddable":true,"href":"https:\/\/primegloballab.com\/uk\/wp-json\/wp\/v2\/users\/1"}],"replies":[{"embeddable":true,"href":"https:\/\/primegloballab.com\/uk\/wp-json\/wp\/v2\/comments?post=29239"}],"version-history":[{"count":1,"href":"https:\/\/primegloballab.com\/uk\/wp-json\/wp\/v2\/pages\/29239\/revisions"}],"predecessor-version":[{"id":29240,"href":"https:\/\/primegloballab.com\/uk\/wp-json\/wp\/v2\/pages\/29239\/revisions\/29240"}],"wp:attachment":[{"href":"https:\/\/primegloballab.com\/uk\/wp-json\/wp\/v2\/media?parent=29239"}],"curies":[{"name":"wp","href":"https:\/\/api.w.org\/{rel}","templated":true}]}}