{"id":3,"date":"2020-03-10T21:16:55","date_gmt":"2020-03-10T21:16:55","guid":{"rendered":"https:\/\/startersites.io\/blocksy\/modern-shop\/?page_id=3"},"modified":"2025-12-13T19:53:59","modified_gmt":"2025-12-13T19:53:59","slug":"privacy-policy-2","status":"publish","type":"page","link":"https:\/\/primegloballab.com\/uk\/privacy-policy-2\/","title":{"rendered":"\u0417\u0430\u0445\u0438\u0441\u0442 \u0434\u0430\u043d\u0438\u0445 (Datenschutzerkl\u00e4rung)"},"content":{"rendered":"\n<p><strong>Letzte Aktualisierung: [Datum einf\u00fcgen]<\/strong><\/p>\n\n\n\n<p>Prime Global Laboratory legt gro\u00dfen Wert auf den Schutz Ihrer personenbezogenen Daten und h\u00e4lt sich strikt an die geltenden Datenschutzgesetze, einschlie\u00dflich der Datenschutz-Grundverordnung (DSGVO).<\/p>\n\n\n\n<h3 class=\"wp-block-heading\"><strong>1. Erhebung personenbezogener Daten<\/strong><\/h3>\n\n\n\n<p>Wir erfassen personenbezogene Daten, wenn Sie:<\/p>\n\n\n\n<ul class=\"wp-block-list\">\n<li>unsere Website besuchen<\/li>\n\n\n\n<li>eine Anfrage stellen<\/li>\n\n\n\n<li>eine Bestellung aufgeben<\/li>\n\n\n\n<li>mit unserem Support-Team kommunizieren<\/li>\n<\/ul>\n\n\n\n<p>Zu den Daten k\u00f6nnen geh\u00f6ren: Name, Firmenname, E-Mail-Adresse, Telefonnummer, Rechnungs- und Lieferadresse sowie technische Daten (IP-Adresse, Browsertyp).<\/p>\n\n\n\n<h3 class=\"wp-block-heading\"><strong>2. Verwendung der Daten<\/strong><\/h3>\n\n\n\n<p>Ihre Daten werden verwendet, um:<\/p>\n\n\n\n<ul class=\"wp-block-list\">\n<li>Bestellungen und Anfragen zu bearbeiten<\/li>\n\n\n\n<li>Lieferungen durchzuf\u00fchren<\/li>\n\n\n\n<li>Sicherheits- und Compliance-Anforderungen zu erf\u00fcllen<\/li>\n\n\n\n<li>unsere Dienstleistungen zu verbessern<\/li>\n<\/ul>\n\n\n\n<p>Eine Weitergabe Ihrer Daten erfolgt <strong>nicht zu kommerziellen Zwecken<\/strong>.<\/p>\n\n\n\n<h3 class=\"wp-block-heading\"><strong>3. Datensicherheit<\/strong><\/h3>\n\n\n\n<p>Wir setzen geeignete technische und organisatorische Ma\u00dfnahmen ein, um Ihre Daten vor unbefugtem Zugriff, Verlust oder Missbrauch zu sch\u00fctzen.<\/p>\n\n\n\n<h3 class=\"wp-block-heading\"><strong>4. Ihre Rechte<\/strong><\/h3>\n\n\n\n<p>Sie haben das Recht auf:<\/p>\n\n\n\n<ul class=\"wp-block-list\">\n<li>Auskunft<\/li>\n\n\n\n<li>Berichtigung<\/li>\n\n\n\n<li>L\u00f6schung<\/li>\n\n\n\n<li>Einschr\u00e4nkung der Verarbeitung<\/li>\n<\/ul>\n\n\n\n<p>Anfragen richten Sie bitte an: infoprimegloballab.com.<\/p>\n","protected":false},"excerpt":{"rendered":"<p>Letzte Aktualisierung: [Datum einf\u00fcgen] Prime Global Laboratory legt gro\u00dfen Wert auf den Schutz Ihrer personenbezogenen Daten und h\u00e4lt sich strikt an die geltenden Datenschutzgesetze, einschlie\u00dflich der Datenschutz-Grundverordnung (DSGVO). 1. Erhebung personenbezogener Daten Wir erfassen personenbezogene Daten, wenn Sie: Zu den Daten k\u00f6nnen geh\u00f6ren: Name, Firmenname, E-Mail-Adresse, Telefonnummer, Rechnungs- und Lieferadresse sowie technische Daten (IP-Adresse, Browsertyp). [&hellip;]<\/p>\n","protected":false},"author":1,"featured_media":0,"parent":0,"menu_order":0,"comment_status":"closed","ping_status":"open","template":"","meta":{"footnotes":""},"class_list":["post-3","page","type-page","status-publish","hentry"],"blocksy_meta":{"styles_descriptor":{"styles":{"desktop":"","tablet":"","mobile":""},"google_fonts":[],"version":6}},"_links":{"self":[{"href":"https:\/\/primegloballab.com\/uk\/wp-json\/wp\/v2\/pages\/3","targetHints":{"allow":["GET"]}}],"collection":[{"href":"https:\/\/primegloballab.com\/uk\/wp-json\/wp\/v2\/pages"}],"about":[{"href":"https:\/\/primegloballab.com\/uk\/wp-json\/wp\/v2\/types\/page"}],"author":[{"embeddable":true,"href":"https:\/\/primegloballab.com\/uk\/wp-json\/wp\/v2\/users\/1"}],"replies":[{"embeddable":true,"href":"https:\/\/primegloballab.com\/uk\/wp-json\/wp\/v2\/comments?post=3"}],"version-history":[{"count":1,"href":"https:\/\/primegloballab.com\/uk\/wp-json\/wp\/v2\/pages\/3\/revisions"}],"predecessor-version":[{"id":29231,"href":"https:\/\/primegloballab.com\/uk\/wp-json\/wp\/v2\/pages\/3\/revisions\/29231"}],"wp:attachment":[{"href":"https:\/\/primegloballab.com\/uk\/wp-json\/wp\/v2\/media?parent=3"}],"curies":[{"name":"wp","href":"https:\/\/api.w.org\/{rel}","templated":true}]}}